{"id":154404,"date":"2021-01-15T14:30:35","date_gmt":"2021-01-15T14:30:35","guid":{"rendered":"https:\/\/codengine3.ch\/?product=import-placeholder-for-207857"},"modified":"2025-09-26T11:13:12","modified_gmt":"2025-09-26T09:13:12","slug":"randonnees-aquatiques-canyons-faciles-des-pyrenees","status":"publish","type":"product","link":"https:\/\/pizbube.ch\/en\/shop\/randonnees-aquatiques-canyons-faciles-des-pyrenees\/","title":{"rendered":"RANDONNEES AQUATIQUES &#8211; CANYONS FACILES DES PYRENEES"},"content":{"rendered":"<p>Ludiques et humides : toute la sensualit\u00e9 des Pyr\u00e9n\u00e9es en un guide<br \/>\n\u00e9claboussant Invent\u00e9e dans les Pyr\u00e9n\u00e9es, la descente des canyons se pr\u00eate<br \/>\nparticuli\u00e8rement bien \u00e0 ces exercices que sont le Facile (ce n&#8217;est pas un gros<br \/>\nmot), le Plaisant (notion oubli\u00e9e), la Contemplation.<\/p>\n<p>Le contact avec l&#8217;eau, la roche, la lumi\u00e8re est simple, intense et imm\u00e9diat.<br \/>\nLa haute montagne est un monde au-dessus du monde disait Gaston R\u00e9buffat; que<br \/>\ndire alors de notre propre domaine : gorges, cascades, biefs et chaos ? un<br \/>\nmonde \u00e0 l&#8217;\u00e9cart du monde ? On prendra donc ce guide comme une invitation \u00e0<br \/>\nd\u00e9couvrir ou red\u00e9couvrir les montagnes pyr\u00e9n\u00e9ennes par d&#8217;autres sentiers,<br \/>\nd&#8217;autres versants, d&#8217;autres failles.<\/p>\n<p>P\u00e9n\u00e9ter l&#8217;intimit\u00e9 des barrancos, des oscuros et des \u00e9troits, se promener<br \/>\ntranquillement les pieds dans l&#8217;eau, la t\u00eate au soleil, nager, buller et se<br \/>\nsatisfaire de ces plaisirs simples. Randonn\u00e9es aquatiques : sans utiliser de<br \/>\nrappels; accessibles \u00e0 toute personne sachant faire quelques brasses. Canyons<br \/>\nfaciles : se munir de cordes et de baudriers; ne pas craindre de sauter. En<br \/>\nprime, quelques bonus : ils r\u00e9clament juste un peu plus d&#8217;\u00e9nergie<br \/>\ndisponible&#8230;<\/p>","protected":false},"excerpt":{"rendered":"<p>Ludiques et humides : toute la sensualit\u00e9 des Pyr\u00e9n\u00e9es en un guide \u00e9claboussant Invent\u00e9e dans les Pyr\u00e9n\u00e9es, la descente des canyons se pr\u00eate particuli\u00e8rement bien \u00e0 ces exercices que sont le Facile (ce n&#8217;est pas un gros mot), le Plaisant (notion oubli\u00e9e), la Contemplation. Le contact avec l&#8217;eau, la roche, la lumi\u00e8re est simple, intense [&#8230;]\n","protected":false},"featured_media":181465,"template":"","meta":[],"product_brand":[],"product_cat":[21650],"product_tag":[],"class_list":{"0":"post-154404","1":"product","2":"type-product","3":"status-publish","4":"has-post-thumbnail","6":"product_cat-canyoningfuehrer","7":"pa_autor-mateo","8":"pa_erscheinungsjahr-21830","9":"pa_region-spanien","10":"pa_sprache-fr","12":"first","13":"onbackorder","14":"taxable","15":"shipping-taxable","16":"purchasable","17":"product-type-simple"},"_links":{"self":[{"href":"https:\/\/pizbube.ch\/en\/wp-json\/wp\/v2\/product\/154404","targetHints":{"allow":["GET"]}}],"collection":[{"href":"https:\/\/pizbube.ch\/en\/wp-json\/wp\/v2\/product"}],"about":[{"href":"https:\/\/pizbube.ch\/en\/wp-json\/wp\/v2\/types\/product"}],"wp:featuredmedia":[{"embeddable":true,"href":"https:\/\/pizbube.ch\/en\/wp-json\/wp\/v2\/media\/181465"}],"wp:attachment":[{"href":"https:\/\/pizbube.ch\/en\/wp-json\/wp\/v2\/media?parent=154404"}],"wp:term":[{"taxonomy":"product_brand","embeddable":true,"href":"https:\/\/pizbube.ch\/en\/wp-json\/wp\/v2\/product_brand?post=154404"},{"taxonomy":"product_cat","embeddable":true,"href":"https:\/\/pizbube.ch\/en\/wp-json\/wp\/v2\/product_cat?post=154404"},{"taxonomy":"product_tag","embeddable":true,"href":"https:\/\/pizbube.ch\/en\/wp-json\/wp\/v2\/product_tag?post=154404"}],"curies":[{"name":"wp","href":"https:\/\/api.w.org\/{rel}","templated":true}]}}