{"id":154407,"date":"2021-01-15T14:30:36","date_gmt":"2021-01-15T14:30:36","guid":{"rendered":"https:\/\/codengine3.ch\/?product=import-placeholder-for-207048"},"modified":"2024-05-30T09:37:08","modified_gmt":"2024-05-30T07:37:08","slug":"schwabenkinder-wege-vorarlberg","status":"publish","type":"product","link":"https:\/\/pizbube.ch\/en\/shop\/schwabenkinder-wege-vorarlberg\/","title":{"rendered":"Schwabenkinder-Wege &#8211; Vorarlberg"},"content":{"rendered":"<p>Auf den alten Wegen der Schwabenkinder durch Vorarlberg und die Grenzgebiete<br \/>\nvon Tirol und Liechtenstein<\/p>\n<p>\u00dcber Jahrhunderte hinweg zogen sie aus den Gebirgsregionen Vorarlbergs, S\u00fcd-<br \/>\nund Nordtirols, der Schweiz und Liechtensteins in die Gebiete n\u00f6rdlich des<br \/>\nBodensees, um dort Arbeit zu finden: Kinder armer Familien, von blanker Not<br \/>\naus der Heimat vertrieben, wanderten allj\u00e4hrlich im Fr\u00fchjahr zu Tausenden \u00fcber<br \/>\ndie oftmals noch schneebedeckten Berge Richtung Oberschwaben, um dem Hunger<br \/>\ndaheim zu entrinnen und ihre Familien zu entlasten.<\/p>\n<p>Das vorliegende Buch zeichnet die Wege dieser sogenannten Schwabenkinder aus<br \/>\nihren Herkunftsorten in Vorarlberg und den angrenzenden Gebieten Tirols und<br \/>\nLiechtensteins bis Bregenz am Bodensee nach. Die Wege folgen so weit wie<br \/>\nm\u00f6glich den historischen Routen und \u00dcberg\u00e4ngen. Wandernd erf\u00e4hrt man an den<br \/>\nOriginalschaupl\u00e4tzen mehr \u00fcber die harten Lebensbedingungen der damaligen<br \/>\nBev\u00f6lkerung; zahlreiche Installationen und Museen weisen unterwegs auf die<br \/>\njahrhundertelang ungebrochene Tradition der saisonalen Auswanderung hin, die<br \/>\nerst in der ersten H\u00e4lfte des 20. Jahrhunderts ihr Ende fand.<\/p>\n<p>Der Autor Elmar Bereuter befasst sich schon seit vielen Jahren eingehend mit<br \/>\nder Thematik des `Schwabengehens`. In diesem Rother Wanderf\u00fchrer beschreibt er<br \/>\nnicht nur detailliert die Wege der Schwabenkinder &#8211; unterteilt in kurze,<br \/>\nleicht nachvollziehbare Streckenabschnitte &#8211; und die Infrastruktur unterwegs,<br \/>\nsondern bietet auch eine F\u00fclle an lesenswerten Hintergrundinformationen,<br \/>\nAnekdoten und eingestreuten Ereignissen aus fr\u00fcheren Zeiten. Karten mit<br \/>\neingezeichnetem Routenverlauf sowie GPS-Daten zum Download von der<br \/>\nInternetseite des Bergverlag Rother helfen bei der Planung der Wanderungen,<br \/>\nund zahlreiche Fotos aus Gegenwart und Vergangenheit stimmen auf das Wandern<br \/>\nauf den historischen Spuren der Schwabenkinder ein.<\/p>","protected":false},"excerpt":{"rendered":"<p>Auf den alten Wegen der Schwabenkinder durch Vorarlberg und die Grenzgebiete von Tirol und Liechtenstein \u00dcber Jahrhunderte hinweg zogen sie aus den Gebirgsregionen Vorarlbergs, S\u00fcd- und Nordtirols, der Schweiz und Liechtensteins in die Gebiete n\u00f6rdlich des Bodensees, um dort Arbeit zu finden: Kinder armer Familien, von blanker Not aus der Heimat vertrieben, wanderten allj\u00e4hrlich im [&#8230;]\n","protected":false},"featured_media":36630,"template":"","meta":[],"product_brand":[],"product_cat":[21605],"product_tag":[],"class_list":{"0":"post-154407","1":"product","2":"type-product","3":"status-publish","4":"has-post-thumbnail","6":"product_cat-wanderfuehrer-trekking","7":"pa_autor-bereuter","8":"pa_erscheinungsjahr-21621","9":"pa_region-oesterreich","10":"pa_sprache-de","12":"first","13":"outofstock","14":"taxable","15":"shipping-taxable","16":"purchasable","17":"product-type-simple"},"_links":{"self":[{"href":"https:\/\/pizbube.ch\/en\/wp-json\/wp\/v2\/product\/154407","targetHints":{"allow":["GET"]}}],"collection":[{"href":"https:\/\/pizbube.ch\/en\/wp-json\/wp\/v2\/product"}],"about":[{"href":"https:\/\/pizbube.ch\/en\/wp-json\/wp\/v2\/types\/product"}],"wp:featuredmedia":[{"embeddable":true,"href":"https:\/\/pizbube.ch\/en\/wp-json\/wp\/v2\/media\/36630"}],"wp:attachment":[{"href":"https:\/\/pizbube.ch\/en\/wp-json\/wp\/v2\/media?parent=154407"}],"wp:term":[{"taxonomy":"product_brand","embeddable":true,"href":"https:\/\/pizbube.ch\/en\/wp-json\/wp\/v2\/product_brand?post=154407"},{"taxonomy":"product_cat","embeddable":true,"href":"https:\/\/pizbube.ch\/en\/wp-json\/wp\/v2\/product_cat?post=154407"},{"taxonomy":"product_tag","embeddable":true,"href":"https:\/\/pizbube.ch\/en\/wp-json\/wp\/v2\/product_tag?post=154407"}],"curies":[{"name":"wp","href":"https:\/\/api.w.org\/{rel}","templated":true}]}}