{"id":154408,"date":"2021-01-15T14:30:36","date_gmt":"2021-01-15T14:30:36","guid":{"rendered":"https:\/\/codengine3.ch\/?product=import-placeholder-for-208327"},"modified":"2021-01-15T17:52:45","modified_gmt":"2021-01-15T17:52:45","slug":"trekking-in-vorarlberg-fuenf-mehrtaegige-touren-von-huette-zu-huette","status":"publish","type":"product","link":"https:\/\/pizbube.ch\/en\/shop\/trekking-in-vorarlberg-fuenf-mehrtaegige-touren-von-huette-zu-huette\/","title":{"rendered":"Trekking in Vorarlberg &#8211; F\u00fcnf mehrt\u00e4gige Touren von H\u00fctte zu H\u00fctte"},"content":{"rendered":"<p>\nSich vom Alltag l\u00f6sen, mehrere Tage in den Bergen unterwegs sein \u2013<br \/>\nH\u00fcttenwandern ist wie ein Kurzurlaub! Der Rother Wanderf\u00fchrer \u00bbTrekking in<br \/>\nVorarlberg\u00ab stellt f\u00fcnf mehrt\u00e4gige Trekkingtouren im beliebten Vorarlberg vor.<br \/>\nZwischen den sanften H\u00fcgelketten des Bregenzerwaldes und den Dreitausendern<br \/>\nder Silvretta sind unterschiedlichste Bergerlebnisse m\u00f6glich: von gem\u00fctlichen<br \/>\nvoralpinen Touren \u00fcber reizvolle H\u00f6henwege bis zu anspruchsvollen<br \/>\nDurchquerungen.<\/p>\n<p>Eine reizvolle Runde auf H\u00f6henwegen verl\u00e4uft rund um das Kleinwalsertal, um<br \/>\nKanzelwand, Widderstein und Ifen. Sch\u00f6n ist auch die Lechquellenrunde, die im<br \/>\nHinterland des Arlberg verl\u00e4uft. Der R\u00e4tikon erhebt sich an der Schweizer<br \/>\nGrenze und erm\u00f6glicht eine variantenreiche Durchquerung im Banne wuchtiger<br \/>\nFelsgipfel. Die \u00bbK\u00f6nigstour\u00ab ist aber wohl die Montafonrunde, die im R\u00e4tikon<br \/>\nbeginnt und durch Silvretta und Verwall f\u00fchrt.<\/p>\n<p>Alle Etappen sind zuverl\u00e4ssig und pr\u00e4zise beschrieben. Sie verf\u00fcgen \u00fcber<br \/>\naussagekr\u00e4ftige H\u00f6henprofile und detaillierte Wanderk\u00e4rtchen mit<br \/>\nRouteneintrag. Zudem wird jede H\u00fctte einzeln portr\u00e4tiert und alle wichtigen<br \/>\nInformationen zur Unterkunft genannt. GPS-Tracks stehen zum Download zur<br \/>\nVerf\u00fcgung.<\/p>\n<p>1. Auflage 2020<br \/>\n192 Seiten mit 168 Farbabbildungen<br \/>\n44 H\u00f6henprofile, 44 Wanderk\u00e4rtchen im Ma\u00dfstab 1:50.000 und 1:75.000, sechs<br \/>\n\u00dcbersichtskarten, GPS-Tracks zum Download  <\/p>","protected":false},"excerpt":{"rendered":"<ul>\n<li><a href=\"https:\/\/pizbube.ch\/wp-content\/uploads\/attachments\/a_029\/D534C01AEACF1310843D1BC3134201D6.pdf\" target=\"_blank\" rel=\"noopener\">PDF: TEMPLATE PIZ Attachment > Dokument [KOPIE]<\/a><\/li>\n<\/ul>\n","protected":false},"featured_media":40006,"template":"","meta":[],"product_brand":[],"product_cat":[21605],"product_tag":[],"class_list":{"0":"post-154408","1":"product","2":"type-product","3":"status-publish","4":"has-post-thumbnail","6":"product_cat-wanderfuehrer-trekking","7":"pa_autor-zahel","8":"pa_erscheinungsjahr-21558","9":"pa_region-oesterreich","10":"pa_sprache-de","12":"first","13":"instock","14":"taxable","15":"shipping-taxable","16":"purchasable","17":"product-type-simple"},"_links":{"self":[{"href":"https:\/\/pizbube.ch\/en\/wp-json\/wp\/v2\/product\/154408","targetHints":{"allow":["GET"]}}],"collection":[{"href":"https:\/\/pizbube.ch\/en\/wp-json\/wp\/v2\/product"}],"about":[{"href":"https:\/\/pizbube.ch\/en\/wp-json\/wp\/v2\/types\/product"}],"wp:featuredmedia":[{"embeddable":true,"href":"https:\/\/pizbube.ch\/en\/wp-json\/wp\/v2\/media\/40006"}],"wp:attachment":[{"href":"https:\/\/pizbube.ch\/en\/wp-json\/wp\/v2\/media?parent=154408"}],"wp:term":[{"taxonomy":"product_brand","embeddable":true,"href":"https:\/\/pizbube.ch\/en\/wp-json\/wp\/v2\/product_brand?post=154408"},{"taxonomy":"product_cat","embeddable":true,"href":"https:\/\/pizbube.ch\/en\/wp-json\/wp\/v2\/product_cat?post=154408"},{"taxonomy":"product_tag","embeddable":true,"href":"https:\/\/pizbube.ch\/en\/wp-json\/wp\/v2\/product_tag?post=154408"}],"curies":[{"name":"wp","href":"https:\/\/api.w.org\/{rel}","templated":true}]}}