{"id":154411,"date":"2021-01-15T14:30:43","date_gmt":"2021-01-15T14:30:43","guid":{"rendered":"https:\/\/codengine3.ch\/?product=import-placeholder-for-205557"},"modified":"2021-01-15T14:42:11","modified_gmt":"2021-01-15T14:42:11","slug":"kletterfuehrer-fuer-die-boehmische-schweiz-an-der-wand-eiland-schneeberg-biela","status":"publish","type":"product","link":"https:\/\/pizbube.ch\/en\/shop\/kletterfuehrer-fuer-die-boehmische-schweiz-an-der-wand-eiland-schneeberg-biela\/","title":{"rendered":"Kletterf\u00fchrer f\u00fcr die B\u00f6hmische Schweiz: An der Wand, Eiland, Schneeberg, Biela"},"content":{"rendered":"<p>Kletterf\u00fchrer An der Wand, Eiland, Schneeberg, Biela &#8211; Tschechien \/<br \/>\nTschechische Republik  <\/p>\n<p>In diesem Band werden die Kletterfelsen um Eiland, An der Wand zwischen Tyssa<br \/>\nund Schneeberg, um den Hohen Schneeberg und bei Biela beschrieben, insgesamt<br \/>\n489 Kletterziele, davon 267 Gipfel, mit etwa 3900 Aufstiegen.<\/p>\n<p>Zus\u00e4tzlich enth\u00e4lt der Band viele historische Bilder und Portr\u00e4tfotos<br \/>\nbekannter b\u00f6hmischer Erstbegeher.<br \/>\n264 Seiten, Paperback A5  <\/p>","protected":false},"excerpt":{"rendered":"<p>Kletterf\u00fchrer An der Wand, Eiland, Schneeberg, Biela &#8211; Tschechien \/ Tschechische Republik In diesem Band werden die Kletterfelsen um Eiland, An der Wand zwischen Tyssa und Schneeberg, um den Hohen Schneeberg und bei Biela beschrieben, insgesamt 489 Kletterziele, davon 267 Gipfel, mit etwa 3900 Aufstiegen. Zus\u00e4tzlich enth\u00e4lt der Band viele historische Bilder und Portr\u00e4tfotos bekannter [&#8230;]\n","protected":false},"featured_media":34309,"template":"","meta":[],"product_brand":[],"product_cat":[21539],"product_tag":[],"class_list":{"0":"post-154411","1":"product","2":"type-product","3":"status-publish","4":"has-post-thumbnail","6":"product_cat-fuehrerliteratur-sportklettern-bouldern","7":"pa_autor-kittler","8":"pa_erscheinungsjahr-21591","9":"pa_region-osteuropa","10":"pa_sprache-de","12":"first","13":"outofstock","14":"taxable","15":"shipping-taxable","16":"purchasable","17":"product-type-simple"},"_links":{"self":[{"href":"https:\/\/pizbube.ch\/en\/wp-json\/wp\/v2\/product\/154411","targetHints":{"allow":["GET"]}}],"collection":[{"href":"https:\/\/pizbube.ch\/en\/wp-json\/wp\/v2\/product"}],"about":[{"href":"https:\/\/pizbube.ch\/en\/wp-json\/wp\/v2\/types\/product"}],"wp:featuredmedia":[{"embeddable":true,"href":"https:\/\/pizbube.ch\/en\/wp-json\/wp\/v2\/media\/34309"}],"wp:attachment":[{"href":"https:\/\/pizbube.ch\/en\/wp-json\/wp\/v2\/media?parent=154411"}],"wp:term":[{"taxonomy":"product_brand","embeddable":true,"href":"https:\/\/pizbube.ch\/en\/wp-json\/wp\/v2\/product_brand?post=154411"},{"taxonomy":"product_cat","embeddable":true,"href":"https:\/\/pizbube.ch\/en\/wp-json\/wp\/v2\/product_cat?post=154411"},{"taxonomy":"product_tag","embeddable":true,"href":"https:\/\/pizbube.ch\/en\/wp-json\/wp\/v2\/product_tag?post=154411"}],"curies":[{"name":"wp","href":"https:\/\/api.w.org\/{rel}","templated":true}]}}