{"id":154412,"date":"2021-01-15T14:30:44","date_gmt":"2021-01-15T14:30:44","guid":{"rendered":"https:\/\/codengine3.ch\/?product=import-placeholder-for-205558"},"modified":"2021-01-15T14:42:12","modified_gmt":"2021-01-15T14:42:12","slug":"kletterfuehrer-fuer-die-boehmische-schweiz-tyssaer-waende-und-raiza","status":"publish","type":"product","link":"https:\/\/pizbube.ch\/en\/shop\/kletterfuehrer-fuer-die-boehmische-schweiz-tyssaer-waende-und-raiza\/","title":{"rendered":"Kletterf\u00fchrer f\u00fcr die B\u00f6hmische Schweiz: Tyssaer W\u00e4nde und Raiza"},"content":{"rendered":"<p>Kletterf\u00fchrer Tyssaer W\u00e4nde und Raiza; Tschechien \/ Tschechische Republik  <\/p>\n<p>Beschrieben werden 333 Kletterziele mit ca. 3700 Aufstiegen in den Tyssaer<br \/>\nW\u00e4nden (Tiske steny) und im Raizaer Gebiet (Rajec).<br \/>\n232 Seiten, Paperback A5  <\/p>","protected":false},"excerpt":{"rendered":"<p>Kletterf\u00fchrer Tyssaer W\u00e4nde und Raiza; Tschechien \/ Tschechische Republik Beschrieben werden 333 Kletterziele mit ca. 3700 Aufstiegen in den Tyssaer W\u00e4nden (Tiske steny) und im Raizaer Gebiet (Rajec). 232 Seiten, Paperback A5<\/p>","protected":false},"featured_media":34310,"template":"","meta":[],"product_brand":[],"product_cat":[21539],"product_tag":[],"class_list":{"0":"post-154412","1":"product","2":"type-product","3":"status-publish","4":"has-post-thumbnail","6":"product_cat-fuehrerliteratur-sportklettern-bouldern","7":"pa_autor-kittler","8":"pa_erscheinungsjahr-21842","9":"pa_region-osteuropa","10":"pa_sprache-de","12":"first","13":"outofstock","14":"taxable","15":"shipping-taxable","16":"purchasable","17":"product-type-simple"},"_links":{"self":[{"href":"https:\/\/pizbube.ch\/en\/wp-json\/wp\/v2\/product\/154412","targetHints":{"allow":["GET"]}}],"collection":[{"href":"https:\/\/pizbube.ch\/en\/wp-json\/wp\/v2\/product"}],"about":[{"href":"https:\/\/pizbube.ch\/en\/wp-json\/wp\/v2\/types\/product"}],"wp:featuredmedia":[{"embeddable":true,"href":"https:\/\/pizbube.ch\/en\/wp-json\/wp\/v2\/media\/34310"}],"wp:attachment":[{"href":"https:\/\/pizbube.ch\/en\/wp-json\/wp\/v2\/media?parent=154412"}],"wp:term":[{"taxonomy":"product_brand","embeddable":true,"href":"https:\/\/pizbube.ch\/en\/wp-json\/wp\/v2\/product_brand?post=154412"},{"taxonomy":"product_cat","embeddable":true,"href":"https:\/\/pizbube.ch\/en\/wp-json\/wp\/v2\/product_cat?post=154412"},{"taxonomy":"product_tag","embeddable":true,"href":"https:\/\/pizbube.ch\/en\/wp-json\/wp\/v2\/product_tag?post=154412"}],"curies":[{"name":"wp","href":"https:\/\/api.w.org\/{rel}","templated":true}]}}