{"id":154415,"date":"2021-01-15T14:30:52","date_gmt":"2021-01-15T14:30:52","guid":{"rendered":"https:\/\/codengine3.ch\/?product=import-placeholder-for-206420"},"modified":"2021-01-15T14:48:48","modified_gmt":"2021-01-15T14:48:48","slug":"condor-circuit","status":"publish","type":"product","link":"https:\/\/pizbube.ch\/en\/shop\/condor-circuit\/","title":{"rendered":"Condor Circuit"},"content":{"rendered":"<p>Wanderkarte, Zentralchile &#8211; Region Maule, 1:50.000  <\/p>\n<p>Komplett \u00fcberarbeitete und erweiterte Karte des traumhaften, kaum begangenen<br \/>\nGebiets zwischen den Naturreservaten Altos de Lircay und Radal Siete Tazas,<br \/>\nmit Enladrillado, Vulkan Descabezado Grande, Cerro Azul, Laguna Mondaca und<br \/>\ndem alle Attraktionen verbindenden Condor Circuit. Mit einer Liste<br \/>\ntouristischer Dienstleister, Fotos der sch\u00f6nsten Attraktionen und Zeichnungen<br \/>\nder Tierwelt.  <\/p>\n<p>Dreisprachige Informationen (Deutsch \u2013 Englisch \u2013 Spanisch).<br \/>\nKarte Format 70 x 90 cm: Georeferenzierte Darstellung (GPS-kompatibel) des<br \/>\nGebietes zwischen R\u00edo Claro &#8211; Laguna Mondaca im Norden und R\u00edo Maule im S\u00fcden<br \/>\nsowie Siete Tazas &#8211; Vilches im Westen und den Vulkanen Descabezado Grande<br \/>\n(3953 m) und Cerro Azul (3788 m) im Osten. Mit Wanderrouten, Thermalquellen,<br \/>\nZeltpl\u00e4tzen und \u2013stellen sowie Unterk\u00fcnften. Ma\u00dfstab 1:50.000<br \/>\nDetailkarten des Nationalparks Radal Siete Tazas und des Naturschutzgebiets<br \/>\nAltos de Lircay, Ma\u00dfstab 1:25.000  <\/p>","protected":false},"excerpt":{"rendered":"<p>Wanderkarte, Zentralchile &#8211; Region Maule, 1:50.000 Komplett \u00fcberarbeitete und erweiterte Karte des traumhaften, kaum begangenen Gebiets zwischen den Naturreservaten Altos de Lircay und Radal Siete Tazas, mit Enladrillado, Vulkan Descabezado Grande, Cerro Azul, Laguna Mondaca und dem alle Attraktionen verbindenden Condor Circuit. Mit einer Liste touristischer Dienstleister, Fotos der sch\u00f6nsten Attraktionen und Zeichnungen der Tierwelt. [&#8230;]\n","protected":false},"featured_media":35452,"template":"","meta":[],"product_brand":[],"product_cat":[21543],"product_tag":[],"class_list":{"0":"post-154415","1":"product","2":"type-product","3":"status-publish","4":"has-post-thumbnail","6":"product_cat-landkarten","7":"pa_autor-trekkingchile","8":"pa_erscheinungsjahr-21830","9":"pa_region-amerika-sued","10":"pa_sprache-d","11":"pa_sprache-e","12":"pa_sprache-sp","14":"first","15":"instock","16":"taxable","17":"shipping-taxable","18":"purchasable","19":"product-type-simple"},"_links":{"self":[{"href":"https:\/\/pizbube.ch\/en\/wp-json\/wp\/v2\/product\/154415","targetHints":{"allow":["GET"]}}],"collection":[{"href":"https:\/\/pizbube.ch\/en\/wp-json\/wp\/v2\/product"}],"about":[{"href":"https:\/\/pizbube.ch\/en\/wp-json\/wp\/v2\/types\/product"}],"wp:featuredmedia":[{"embeddable":true,"href":"https:\/\/pizbube.ch\/en\/wp-json\/wp\/v2\/media\/35452"}],"wp:attachment":[{"href":"https:\/\/pizbube.ch\/en\/wp-json\/wp\/v2\/media?parent=154415"}],"wp:term":[{"taxonomy":"product_brand","embeddable":true,"href":"https:\/\/pizbube.ch\/en\/wp-json\/wp\/v2\/product_brand?post=154415"},{"taxonomy":"product_cat","embeddable":true,"href":"https:\/\/pizbube.ch\/en\/wp-json\/wp\/v2\/product_cat?post=154415"},{"taxonomy":"product_tag","embeddable":true,"href":"https:\/\/pizbube.ch\/en\/wp-json\/wp\/v2\/product_tag?post=154415"}],"curies":[{"name":"wp","href":"https:\/\/api.w.org\/{rel}","templated":true}]}}