{"id":154416,"date":"2021-01-15T14:30:52","date_gmt":"2021-01-15T14:30:52","guid":{"rendered":"https:\/\/codengine3.ch\/?product=import-placeholder-for-204717"},"modified":"2025-06-07T09:15:40","modified_gmt":"2025-06-07T07:15:40","slug":"kletterfuehrer-engadin-update-2017","status":"publish","type":"product","link":"https:\/\/pizbube.ch\/en\/shop\/kletterfuehrer-engadin-update-2017\/","title":{"rendered":"Kletterf\u00fchrer Engadin &#8211; Update 2017"},"content":{"rendered":"<p>Sportkletterrouten im Engadin, Bergell und Puschlav (update 2017)<br \/>\nmit 85 neuen Routen und zwei neuen Gebieten auf 64 Seiten.<\/p>\n<p>Die Engadiner Kletterszene lebt! Sicher z\u00e4hlt S\u00fcdb\u00fcnden (noch) nicht zu den<br \/>\nTopshots unter den Kletterregionen der Schweiz. Aber was das Hochtal<br \/>\nauszeichnet ist die malerische Landschaft und die unz\u00e4hligen M\u00f6glichkeiten<br \/>\nweitere Outdoor Aktivit\u00e4ten mit dem Kletterurlaub zu kombinieren.<\/p>\n<p>Alleine im Oberengadin sind in den vergangenen f\u00fcnf Jahren mehr als 85 neue<br \/>\nSportkletterrouten eingerichtet worden. Mit Crastatscha und Grip Zupo sind<br \/>\ndarunter gleich zwei ganz neue Gebiete und in Plaun da Lej gar ein Drytooling<br \/>\nPark. Auch zu erw\u00e4hnen sind die laufenden Sanierungen in den bestehenden<br \/>\nKletterg\u00e4rten.<\/p>\n<p>Im vorliegenden Update 2017 sind nun die beiden neuen, sowie alle Gebiete mit<br \/>\nneu eingerichteten Routen im Oberengadin erfasst. Das Update ist als Erg\u00e4nzung<br \/>\nzum Kletterf\u00fchrer Engadin, Puschlav, Bergell gedacht.<\/p>\n<p>Guida all\u2019arrampicata sportiva nell\u2019Engadina val Bregaglia e val Poschiavo<br \/>\n(update 2017).<br \/>\nLo scenario degli arrampicatori sportivi in Engadina \u00e8 in movimento!<br \/>\nSicuramente i Grigioni Meridionali non sono (ancora) fra le regioni svizzere<br \/>\npi\u00f9 importanti per l\u2019arrampicata sportiva. Ma \u00e8 il paesaggio incantevole e le<br \/>\ninnumerevoli possibilit\u00e0 di combinare l\u2019arrampicata con molte altre attivit\u00e0<br \/>\nall\u2019aria aperta che rendono la vacanza in questi luoghi unica.<\/p>\n<p>Negli ultimi cinque anni sono state create solo in Engadina oltre 85 nuove<br \/>\nvie. I due settori completamente nuovi di Crastatscha e Grip Zup\u00f2 e a Plaun da<br \/>\nLej addirittura un parco Drytooling. Moltissimi sono anche i rinnovamenti<br \/>\ndelle vie esistenti, per cui ringraziamo l\u2019Associazione dei Giovani<br \/>\nArrampicatori Locale! In questo aggiornamento troverete i due nuovi settori e<br \/>\ntutti quelli dove sono state tracciate nuove vie. L\u2019aggiornamento s\u2019intende<br \/>\ncome aggiunta della Guida all\u2019arrampicata sportiva nell\u2019Engadina, Poschiavo e<br \/>\nBregaglia.<\/p>","protected":false},"excerpt":{"rendered":"<p>Sportkletterrouten im Engadin, Bergell und Puschlav (update 2017) mit 85 neuen Routen und zwei neuen Gebieten auf 64 Seiten. Die Engadiner Kletterszene lebt! Sicher z\u00e4hlt S\u00fcdb\u00fcnden (noch) nicht zu den Topshots unter den Kletterregionen der Schweiz. Aber was das Hochtal auszeichnet ist die malerische Landschaft und die unz\u00e4hligen M\u00f6glichkeiten weitere Outdoor Aktivit\u00e4ten mit dem Kletterurlaub [&#8230;]\n","protected":false},"featured_media":179988,"template":"","meta":[],"product_brand":[],"product_cat":[21539],"product_tag":[],"class_list":{"0":"post-154416","1":"product","2":"type-product","3":"status-publish","4":"has-post-thumbnail","6":"product_cat-fuehrerliteratur-sportklettern-bouldern","7":"pa_autor-ettlin-matossi","8":"pa_erscheinungsjahr-21574","9":"pa_region-schweiz","10":"pa_sprache-de-it","12":"first","13":"instock","14":"taxable","15":"shipping-taxable","16":"purchasable","17":"product-type-simple"},"_links":{"self":[{"href":"https:\/\/pizbube.ch\/en\/wp-json\/wp\/v2\/product\/154416","targetHints":{"allow":["GET"]}}],"collection":[{"href":"https:\/\/pizbube.ch\/en\/wp-json\/wp\/v2\/product"}],"about":[{"href":"https:\/\/pizbube.ch\/en\/wp-json\/wp\/v2\/types\/product"}],"wp:featuredmedia":[{"embeddable":true,"href":"https:\/\/pizbube.ch\/en\/wp-json\/wp\/v2\/media\/179988"}],"wp:attachment":[{"href":"https:\/\/pizbube.ch\/en\/wp-json\/wp\/v2\/media?parent=154416"}],"wp:term":[{"taxonomy":"product_brand","embeddable":true,"href":"https:\/\/pizbube.ch\/en\/wp-json\/wp\/v2\/product_brand?post=154416"},{"taxonomy":"product_cat","embeddable":true,"href":"https:\/\/pizbube.ch\/en\/wp-json\/wp\/v2\/product_cat?post=154416"},{"taxonomy":"product_tag","embeddable":true,"href":"https:\/\/pizbube.ch\/en\/wp-json\/wp\/v2\/product_tag?post=154416"}],"curies":[{"name":"wp","href":"https:\/\/api.w.org\/{rel}","templated":true}]}}