{"id":154417,"date":"2021-01-15T14:30:53","date_gmt":"2021-01-15T14:30:53","guid":{"rendered":"https:\/\/codengine3.ch\/?product=import-placeholder-for-204424"},"modified":"2021-01-15T14:33:03","modified_gmt":"2021-01-15T14:33:03","slug":"raquetas-por-el-pirineo-oriental","status":"publish","type":"product","link":"https:\/\/pizbube.ch\/en\/shop\/raquetas-por-el-pirineo-oriental\/","title":{"rendered":"Raquetas por el Pirineo oriental"},"content":{"rendered":"<p>Las m\u00e1s bellas traves\u00edas y ascensiones 44 itinerarios.<br \/>\nEsta obra selecciona casi medio centenar de traves\u00edas y ascensiones con<br \/>\nraquetas: algunas nos llevar\u00e1n a las cumbres m\u00e1s altas y cl\u00e1sicas como<br \/>\nPuigmal, Bastiments, Tossa Plana de Lles, Tosseta de la Ca\u00fclla, Puigpedr\u00f3s,<br \/>\nPic Negre d&#8217;Envalira y Tosa d&#8217;Alp&#8230; Otras nos conducir\u00e1n a rincones poco<br \/>\nconocidos en los que podremos disfrutar de la nieve y del silencio \u00a1casi por<br \/>\nigual! 257 p.  <\/p>","protected":false},"excerpt":{"rendered":"<p>Las m\u00e1s bellas traves\u00edas y ascensiones 44 itinerarios. Esta obra selecciona casi medio centenar de traves\u00edas y ascensiones con raquetas: algunas nos llevar\u00e1n a las cumbres m\u00e1s altas y cl\u00e1sicas como Puigmal, Bastiments, Tossa Plana de Lles, Tosseta de la Ca\u00fclla, Puigpedr\u00f3s, Pic Negre d&#8217;Envalira y Tosa d&#8217;Alp&#8230; Otras nos conducir\u00e1n a rincones poco conocidos [&#8230;]\n","protected":false},"featured_media":32291,"template":"","meta":[],"product_brand":[],"product_cat":[21540],"product_tag":[],"class_list":{"0":"post-154417","1":"product","2":"type-product","3":"status-publish","4":"has-post-thumbnail","6":"product_cat-fuehrerliteratur-alpin-winter","7":"pa_autor-gel","8":"pa_erscheinungsjahr-21842","9":"pa_region-spanien","10":"pa_sprache-sp","12":"first","13":"instock","14":"taxable","15":"shipping-taxable","16":"purchasable","17":"product-type-simple"},"_links":{"self":[{"href":"https:\/\/pizbube.ch\/en\/wp-json\/wp\/v2\/product\/154417","targetHints":{"allow":["GET"]}}],"collection":[{"href":"https:\/\/pizbube.ch\/en\/wp-json\/wp\/v2\/product"}],"about":[{"href":"https:\/\/pizbube.ch\/en\/wp-json\/wp\/v2\/types\/product"}],"wp:featuredmedia":[{"embeddable":true,"href":"https:\/\/pizbube.ch\/en\/wp-json\/wp\/v2\/media\/32291"}],"wp:attachment":[{"href":"https:\/\/pizbube.ch\/en\/wp-json\/wp\/v2\/media?parent=154417"}],"wp:term":[{"taxonomy":"product_brand","embeddable":true,"href":"https:\/\/pizbube.ch\/en\/wp-json\/wp\/v2\/product_brand?post=154417"},{"taxonomy":"product_cat","embeddable":true,"href":"https:\/\/pizbube.ch\/en\/wp-json\/wp\/v2\/product_cat?post=154417"},{"taxonomy":"product_tag","embeddable":true,"href":"https:\/\/pizbube.ch\/en\/wp-json\/wp\/v2\/product_tag?post=154417"}],"curies":[{"name":"wp","href":"https:\/\/api.w.org\/{rel}","templated":true}]}}