{"id":154419,"date":"2021-01-15T14:31:01","date_gmt":"2021-01-15T14:31:01","guid":{"rendered":"https:\/\/codengine3.ch\/?product=import-placeholder-for-208663"},"modified":"2024-09-04T10:05:15","modified_gmt":"2024-09-04T08:05:15","slug":"mountainbikes-auswahl-wartung-fahrtechnik","status":"publish","type":"product","link":"https:\/\/pizbube.ch\/en\/shop\/mountainbikes-auswahl-wartung-fahrtechnik\/","title":{"rendered":"Mountainbikes &#8211; Auswahl, Wartung, Fahrtechnik"},"content":{"rendered":"<p>Gerade f\u00fcr Einsteiger ist die Wahl des richtigen Mountainbikes nicht immer<br \/>\neinfach: Es gibt Mountainbikes f\u00fcr Marathons, Downhill, Springen, kurze<br \/>\nRennen, zum Tourenfahren, f\u00fcr Bikeparks und auch die sogenannten Allesk\u00f6nner.<br \/>\nWer blickt noch durch, wenn es darum geht, ein Fully oder Hardtail, ein<br \/>\nFatbike, Twentyniner oder Allmountain zu kaufen?<\/p>\n<p>Florian Haymann ist ehemaliger Rennfahrer und Fahrtechnik-Coach; als alter<br \/>\nHase in der Szene, ehemaliger Redakteur bei der BIKE und Mitbegr\u00fcnder der<br \/>\nZeitschrift FREERIDE gibt er Tipps f\u00fcr Mountainbike-Einsteiger:<\/p>\n<p>Was will ich \u2013 und welches Bike passt zu mir?<br \/>\nWelches Zubeh\u00f6r ist wichtig und richtig \u2013 und nicht rausgeworfenes Geld?<br \/>\nWie lassen sich einfache Reparaturarbeiten vornehmen?<br \/>\nMit welchen Fahrtechniken l\u00e4sst es sich am besten biken?<\/p>\n<p>Stefan Herrmann \u2013 \u201eMTB-Guru\u201c und Gr\u00fcnder der MTB-Academy \u2013 steht Modell f\u00fcr<br \/>\ndie Fotostrecken zur Fahrtechnik, sodass Sie alle Bewegungsabl\u00e4ufe genau<br \/>\nnachvollziehen k\u00f6nnen.<\/p>","protected":false},"excerpt":{"rendered":"<p>Gerade f\u00fcr Einsteiger ist die Wahl des richtigen Mountainbikes nicht immer einfach: Es gibt Mountainbikes f\u00fcr Marathons, Downhill, Springen, kurze Rennen, zum Tourenfahren, f\u00fcr Bikeparks und auch die sogenannten Allesk\u00f6nner. Wer blickt noch durch, wenn es darum geht, ein Fully oder Hardtail, ein Fatbike, Twentyniner oder Allmountain zu kaufen? Florian Haymann ist ehemaliger Rennfahrer und [&#8230;]\n","protected":false},"featured_media":40882,"template":"","meta":[],"product_brand":[],"product_cat":[21538],"product_tag":[],"class_list":{"0":"post-154419","1":"product","2":"type-product","3":"status-publish","4":"has-post-thumbnail","6":"product_cat-lehrbuecher","7":"pa_autor-haymann","8":"pa_erscheinungsjahr-21597","9":"pa_region-orientierung-wetter-ausbildung","10":"pa_sprache-de","12":"first","13":"onbackorder","14":"taxable","15":"shipping-taxable","16":"purchasable","17":"product-type-simple"},"_links":{"self":[{"href":"https:\/\/pizbube.ch\/en\/wp-json\/wp\/v2\/product\/154419","targetHints":{"allow":["GET"]}}],"collection":[{"href":"https:\/\/pizbube.ch\/en\/wp-json\/wp\/v2\/product"}],"about":[{"href":"https:\/\/pizbube.ch\/en\/wp-json\/wp\/v2\/types\/product"}],"wp:featuredmedia":[{"embeddable":true,"href":"https:\/\/pizbube.ch\/en\/wp-json\/wp\/v2\/media\/40882"}],"wp:attachment":[{"href":"https:\/\/pizbube.ch\/en\/wp-json\/wp\/v2\/media?parent=154419"}],"wp:term":[{"taxonomy":"product_brand","embeddable":true,"href":"https:\/\/pizbube.ch\/en\/wp-json\/wp\/v2\/product_brand?post=154419"},{"taxonomy":"product_cat","embeddable":true,"href":"https:\/\/pizbube.ch\/en\/wp-json\/wp\/v2\/product_cat?post=154419"},{"taxonomy":"product_tag","embeddable":true,"href":"https:\/\/pizbube.ch\/en\/wp-json\/wp\/v2\/product_tag?post=154419"}],"curies":[{"name":"wp","href":"https:\/\/api.w.org\/{rel}","templated":true}]}}