{"id":154420,"date":"2021-01-15T14:31:08","date_gmt":"2021-01-15T14:31:08","guid":{"rendered":"https:\/\/codengine3.ch\/?product=import-placeholder-for-206480"},"modified":"2021-01-15T14:49:15","modified_gmt":"2021-01-15T14:49:15","slug":"traumwandergipfel-in-der-schweiz","status":"publish","type":"product","link":"https:\/\/pizbube.ch\/en\/shop\/traumwandergipfel-in-der-schweiz\/","title":{"rendered":"Traumwandergipfel in der Schweiz"},"content":{"rendered":"<p>50 Bergziele unter 3000 m  <\/p>\n<p>Die sch\u00f6nsten Gipfel f\u00fcr Genie\u00dfer<br \/>\nEs m\u00fcssen nicht immer die h\u00f6chsten Gipfel sein: Die Bergziele dieses<br \/>\nverlockend bebilderten Bandes versprechen traumhafte Wandererlebnisse. Auf<br \/>\neiner Rundreise durch die ganze Schweiz werden 50 Gipfel zwischen S\u00e4ntis und<br \/>\nMol\u00e9son, zwischen Niesen und Piz Lunghin ausf\u00fchrlich beschrieben.<br \/>\nOb es auf den Graub\u00fcndner Calanda geht oder auf den S\u00e4ntis, ob auf den Niesen<br \/>\nim Berner Oberland, auf den Pilatus oder aufs Walliser Glishorn &#8211; jede der<br \/>\nGenusswandertouren ist ausf\u00fchrlich beschrieben, lockt mit unvergleicherlicher<br \/>\nNatur und grandiosen Aussichten.  <\/p>","protected":false},"excerpt":{"rendered":"<p>50 Bergziele unter 3000 m Die sch\u00f6nsten Gipfel f\u00fcr Genie\u00dfer Es m\u00fcssen nicht immer die h\u00f6chsten Gipfel sein: Die Bergziele dieses verlockend bebilderten Bandes versprechen traumhafte Wandererlebnisse. Auf einer Rundreise durch die ganze Schweiz werden 50 Gipfel zwischen S\u00e4ntis und Mol\u00e9son, zwischen Niesen und Piz Lunghin ausf\u00fchrlich beschrieben. Ob es auf den Graub\u00fcndner Calanda geht [&#8230;]\n","protected":false},"featured_media":35528,"template":"","meta":[],"product_brand":[],"product_cat":[21605],"product_tag":[],"class_list":{"0":"post-154420","1":"product","2":"type-product","3":"status-publish","4":"has-post-thumbnail","6":"product_cat-wanderfuehrer-trekking","7":"pa_autor-deuble","8":"pa_erscheinungsjahr-21610","9":"pa_region-schweiz","10":"pa_sprache-de","12":"first","13":"outofstock","14":"taxable","15":"shipping-taxable","16":"purchasable","17":"product-type-simple"},"_links":{"self":[{"href":"https:\/\/pizbube.ch\/en\/wp-json\/wp\/v2\/product\/154420","targetHints":{"allow":["GET"]}}],"collection":[{"href":"https:\/\/pizbube.ch\/en\/wp-json\/wp\/v2\/product"}],"about":[{"href":"https:\/\/pizbube.ch\/en\/wp-json\/wp\/v2\/types\/product"}],"wp:featuredmedia":[{"embeddable":true,"href":"https:\/\/pizbube.ch\/en\/wp-json\/wp\/v2\/media\/35528"}],"wp:attachment":[{"href":"https:\/\/pizbube.ch\/en\/wp-json\/wp\/v2\/media?parent=154420"}],"wp:term":[{"taxonomy":"product_brand","embeddable":true,"href":"https:\/\/pizbube.ch\/en\/wp-json\/wp\/v2\/product_brand?post=154420"},{"taxonomy":"product_cat","embeddable":true,"href":"https:\/\/pizbube.ch\/en\/wp-json\/wp\/v2\/product_cat?post=154420"},{"taxonomy":"product_tag","embeddable":true,"href":"https:\/\/pizbube.ch\/en\/wp-json\/wp\/v2\/product_tag?post=154420"}],"curies":[{"name":"wp","href":"https:\/\/api.w.org\/{rel}","templated":true}]}}