{"id":154422,"date":"2021-01-15T14:31:09","date_gmt":"2021-01-15T14:31:09","guid":{"rendered":"https:\/\/codengine3.ch\/?product=import-placeholder-for-206738"},"modified":"2021-01-15T14:51:23","modified_gmt":"2021-01-15T14:51:23","slug":"bergsteigergesellschaft-wilde-bande-innsbruck","status":"publish","type":"product","link":"https:\/\/pizbube.ch\/en\/shop\/bergsteigergesellschaft-wilde-bande-innsbruck\/","title":{"rendered":"Bergsteigergesellschaft Wilde Bande&#187; Innsbruck&#187;"},"content":{"rendered":"<p>Die Wilde Bande war die erste Bergsteigergesellschaft Innsbrucks, eine Gruppe<br \/>\nvon bergbegeisterten, angesehenen und einflussreichen Mitgliedern der Sektion<br \/>\nInnsbruck des Deutschen und \u00d6sterreichischen Alpenvereins. Am Anfang standen<br \/>\nf\u00fcnf M\u00e4nner, die 1878 am Stempeljoch den Beschluss zur Gr\u00fcndung eines<br \/>\nBergsteigervereins fassten. Rasch stieg die Mitgliederzahl auf die angestrebte<br \/>\nObergrenze von zwanzig an.<\/p>\n<p>Das Bergsteigen an sich, die Erschlie\u00dfung der Bergwelt und der Bau von<br \/>\nWanderwegen und Gipfelanstiegen sind eine Herzensangelegenheit der Wilden<br \/>\nBande geworden, deren Spuren sich nach der Feier anl\u00e4sslich des 60-j\u00e4hrigen<br \/>\nBestehens 1937 verlieren. Der Innsbrucker G\u00fcnter Amor vulgo \u201eFranz\u201c hat in<br \/>\nlanger, m\u00fchevoller Kleinarbeit zahlreiche Quellen in \u00f6ffentlichen Archiven und<br \/>\nSammlungen, aber auch Schriftst\u00fccke aus Privatbesitz durchforstet, um die<br \/>\nGeschichte der Wilden Bande zu erforschen.<br \/>\n192 Seiten; gebunden, mit zahlr., teils farb. Abb.<\/p>","protected":false},"excerpt":{"rendered":"<p>Die Wilde Bande war die erste Bergsteigergesellschaft Innsbrucks, eine Gruppe von bergbegeisterten, angesehenen und einflussreichen Mitgliedern der Sektion Innsbruck des Deutschen und \u00d6sterreichischen Alpenvereins. Am Anfang standen f\u00fcnf M\u00e4nner, die 1878 am Stempeljoch den Beschluss zur Gr\u00fcndung eines Bergsteigervereins fassten. Rasch stieg die Mitgliederzahl auf die angestrebte Obergrenze von zwanzig an. Das Bergsteigen an sich, [&#8230;]\n","protected":false},"featured_media":35969,"template":"","meta":[],"product_brand":[],"product_cat":[21542],"product_tag":[],"class_list":{"0":"post-154422","1":"product","2":"type-product","3":"status-publish","4":"has-post-thumbnail","6":"product_cat-sachbuecher-dokumentationen","7":"pa_autor-amor","8":"pa_erscheinungsjahr-21830","9":"pa_region-oesterreich","10":"pa_sprache-de","12":"first","13":"instock","14":"taxable","15":"shipping-taxable","16":"purchasable","17":"product-type-simple"},"_links":{"self":[{"href":"https:\/\/pizbube.ch\/en\/wp-json\/wp\/v2\/product\/154422","targetHints":{"allow":["GET"]}}],"collection":[{"href":"https:\/\/pizbube.ch\/en\/wp-json\/wp\/v2\/product"}],"about":[{"href":"https:\/\/pizbube.ch\/en\/wp-json\/wp\/v2\/types\/product"}],"wp:featuredmedia":[{"embeddable":true,"href":"https:\/\/pizbube.ch\/en\/wp-json\/wp\/v2\/media\/35969"}],"wp:attachment":[{"href":"https:\/\/pizbube.ch\/en\/wp-json\/wp\/v2\/media?parent=154422"}],"wp:term":[{"taxonomy":"product_brand","embeddable":true,"href":"https:\/\/pizbube.ch\/en\/wp-json\/wp\/v2\/product_brand?post=154422"},{"taxonomy":"product_cat","embeddable":true,"href":"https:\/\/pizbube.ch\/en\/wp-json\/wp\/v2\/product_cat?post=154422"},{"taxonomy":"product_tag","embeddable":true,"href":"https:\/\/pizbube.ch\/en\/wp-json\/wp\/v2\/product_tag?post=154422"}],"curies":[{"name":"wp","href":"https:\/\/api.w.org\/{rel}","templated":true}]}}