{"id":154424,"date":"2021-01-15T14:31:10","date_gmt":"2021-01-15T14:31:10","guid":{"rendered":"https:\/\/codengine3.ch\/?product=import-placeholder-for-206587"},"modified":"2021-01-15T14:50:03","modified_gmt":"2021-01-15T14:50:03","slug":"glaciar-uppsala-1120000","status":"publish","type":"product","link":"https:\/\/pizbube.ch\/en\/shop\/glaciar-uppsala-1120000\/","title":{"rendered":"Glaciar Uppsala 1:120&#8217;000"},"content":{"rendered":"<p>Mapa topografico<br \/>\nTopographische Uebersichtskarte (50m H\u00f6henlinienabstand) des Gebiets s\u00fcdlich<br \/>\ndes Fitz-Roy-Massivs.<br \/>\nLange Trekkingwege entlang des Eisfelds, Zugaenge zum Eisfeld, Cerro Murall\u00f3n,<br \/>\nAgassiz, u.a.  <\/p>","protected":false},"excerpt":{"rendered":"<p>Mapa topografico Topographische Uebersichtskarte (50m H\u00f6henlinienabstand) des Gebiets s\u00fcdlich des Fitz-Roy-Massivs. Lange Trekkingwege entlang des Eisfelds, Zugaenge zum Eisfeld, Cerro Murall\u00f3n, Agassiz, u.a.<\/p>","protected":false},"featured_media":35666,"template":"","meta":[],"product_brand":[],"product_cat":[21543],"product_tag":[],"class_list":{"0":"post-154424","1":"product","2":"type-product","3":"status-publish","4":"has-post-thumbnail","6":"product_cat-landkarten","7":"pa_autor-aoneker","8":"pa_erscheinungsjahr-21842","9":"pa_region-amerika-sued","10":"pa_sprache-sp","12":"first","13":"instock","14":"taxable","15":"shipping-taxable","16":"purchasable","17":"product-type-simple"},"_links":{"self":[{"href":"https:\/\/pizbube.ch\/en\/wp-json\/wp\/v2\/product\/154424","targetHints":{"allow":["GET"]}}],"collection":[{"href":"https:\/\/pizbube.ch\/en\/wp-json\/wp\/v2\/product"}],"about":[{"href":"https:\/\/pizbube.ch\/en\/wp-json\/wp\/v2\/types\/product"}],"wp:featuredmedia":[{"embeddable":true,"href":"https:\/\/pizbube.ch\/en\/wp-json\/wp\/v2\/media\/35666"}],"wp:attachment":[{"href":"https:\/\/pizbube.ch\/en\/wp-json\/wp\/v2\/media?parent=154424"}],"wp:term":[{"taxonomy":"product_brand","embeddable":true,"href":"https:\/\/pizbube.ch\/en\/wp-json\/wp\/v2\/product_brand?post=154424"},{"taxonomy":"product_cat","embeddable":true,"href":"https:\/\/pizbube.ch\/en\/wp-json\/wp\/v2\/product_cat?post=154424"},{"taxonomy":"product_tag","embeddable":true,"href":"https:\/\/pizbube.ch\/en\/wp-json\/wp\/v2\/product_tag?post=154424"}],"curies":[{"name":"wp","href":"https:\/\/api.w.org\/{rel}","templated":true}]}}