{"id":154425,"date":"2021-01-15T14:31:10","date_gmt":"2021-01-15T14:31:10","guid":{"rendered":"https:\/\/codengine3.ch\/?product=import-placeholder-for-204246"},"modified":"2021-01-15T14:31:16","modified_gmt":"2021-01-15T14:31:16","slug":"guia-de-escalada-en-roca-chile","status":"publish","type":"product","link":"https:\/\/pizbube.ch\/en\/shop\/guia-de-escalada-en-roca-chile\/","title":{"rendered":"Gu\u00eda de Escalada en Roca Chile"},"content":{"rendered":"<p>Kletterf\u00fchrer f\u00fcr die Sportklettergebiete Las Chilcas, Las Palestras und<br \/>\nPiedra Romel. Hilfreich die detaillierte Beschreibung der Zug\u00e4nge. Topos von<br \/>\n\u00fcber 100 Routen. 58 S.  <\/p>","protected":false},"excerpt":{"rendered":"<p>Kletterf\u00fchrer f\u00fcr die Sportklettergebiete Las Chilcas, Las Palestras und Piedra Romel. Hilfreich die detaillierte Beschreibung der Zug\u00e4nge. Topos von \u00fcber 100 Routen. 58 S.<\/p>","protected":false},"featured_media":32051,"template":"","meta":[],"product_brand":[],"product_cat":[21539],"product_tag":[],"class_list":{"0":"post-154425","1":"product","2":"type-product","3":"status-publish","4":"has-post-thumbnail","6":"product_cat-fuehrerliteratur-sportklettern-bouldern","7":"pa_autor-riobo-julio","8":"pa_erscheinungsjahr-22242","9":"pa_region-amerika-sued","10":"pa_sprache-sp","12":"first","13":"outofstock","14":"taxable","15":"shipping-taxable","16":"purchasable","17":"product-type-simple"},"_links":{"self":[{"href":"https:\/\/pizbube.ch\/en\/wp-json\/wp\/v2\/product\/154425","targetHints":{"allow":["GET"]}}],"collection":[{"href":"https:\/\/pizbube.ch\/en\/wp-json\/wp\/v2\/product"}],"about":[{"href":"https:\/\/pizbube.ch\/en\/wp-json\/wp\/v2\/types\/product"}],"wp:featuredmedia":[{"embeddable":true,"href":"https:\/\/pizbube.ch\/en\/wp-json\/wp\/v2\/media\/32051"}],"wp:attachment":[{"href":"https:\/\/pizbube.ch\/en\/wp-json\/wp\/v2\/media?parent=154425"}],"wp:term":[{"taxonomy":"product_brand","embeddable":true,"href":"https:\/\/pizbube.ch\/en\/wp-json\/wp\/v2\/product_brand?post=154425"},{"taxonomy":"product_cat","embeddable":true,"href":"https:\/\/pizbube.ch\/en\/wp-json\/wp\/v2\/product_cat?post=154425"},{"taxonomy":"product_tag","embeddable":true,"href":"https:\/\/pizbube.ch\/en\/wp-json\/wp\/v2\/product_tag?post=154425"}],"curies":[{"name":"wp","href":"https:\/\/api.w.org\/{rel}","templated":true}]}}