{"id":154428,"date":"2021-01-15T14:31:10","date_gmt":"2021-01-15T14:31:10","guid":{"rendered":"https:\/\/codengine3.ch\/?product=import-placeholder-for-206418"},"modified":"2021-01-15T14:48:47","modified_gmt":"2021-01-15T14:48:47","slug":"pucon-1100000","status":"publish","type":"product","link":"https:\/\/pizbube.ch\/en\/shop\/pucon-1100000\/","title":{"rendered":"Puc\u00f3n 1:100&#8217;000"},"content":{"rendered":"<p>Wander- und Fahrradkarte, S\u00fcdchile &#8211; Seengebiet, 1:100.000  <\/p>\n<p>Komplett aktualisierte Karte des Gro\u00dfraums Villarrica &#8211; Puc\u00f3n.<br \/>\nAuto-, Wander- und Fahrradkarte. Mit: Auflistung der besten Hikes im Raum<br \/>\nPuc\u00f3n, Fotos der sch\u00f6nsten Attraktionen und Zeichnungen der Tierwelt.<br \/>\nDreisprachige Informationen (Deutsch \u2013 Englisch \u2013 Spanisch).<br \/>\nKarte Format 70 x 100 cm: Georeferenzierte Darstellung (WGS-84) des Gebietes<br \/>\nzwischen den Seen Colico, Caburgua, Villarrica, Calafqu\u00e9n und Trom\u00e9n, mit den<br \/>\nNationalparks Huerquehue, Villarrica und El Ca\u00f1i sowie den Vulkanen Villarrica<br \/>\n(2853 m), Quetrupill\u00e1n (2350 m) und Lan\u00edn (3725 m). Mit Wander- und<br \/>\nBikerouten, Thermalb\u00e4dern, Zeltpl\u00e4tzen und Zeltstellen. Ma\u00dfstab 1:100.000<br \/>\nStadtplan von Puc\u00f3n mit s\u00e4mtlichen Unterk\u00fcnften, Restaurants, Agenturen und<br \/>\nsonstigen Dienstleistern.  <\/p>","protected":false},"excerpt":{"rendered":"<p>Wander- und Fahrradkarte, S\u00fcdchile &#8211; Seengebiet, 1:100.000 Komplett aktualisierte Karte des Gro\u00dfraums Villarrica &#8211; Puc\u00f3n. Auto-, Wander- und Fahrradkarte. Mit: Auflistung der besten Hikes im Raum Puc\u00f3n, Fotos der sch\u00f6nsten Attraktionen und Zeichnungen der Tierwelt. Dreisprachige Informationen (Deutsch \u2013 Englisch \u2013 Spanisch). Karte Format 70 x 100 cm: Georeferenzierte Darstellung (WGS-84) des Gebietes zwischen den [&#8230;]\n","protected":false},"featured_media":35448,"template":"","meta":[],"product_brand":[],"product_cat":[21543],"product_tag":[],"class_list":{"0":"post-154428","1":"product","2":"type-product","3":"status-publish","4":"has-post-thumbnail","6":"product_cat-landkarten","7":"pa_autor-chile-maps","8":"pa_erscheinungsjahr-21621","9":"pa_region-amerika-sued","10":"pa_sprache-d","11":"pa_sprache-e","12":"pa_sprache-sp","14":"first","15":"instock","16":"taxable","17":"shipping-taxable","18":"purchasable","19":"product-type-simple"},"_links":{"self":[{"href":"https:\/\/pizbube.ch\/en\/wp-json\/wp\/v2\/product\/154428","targetHints":{"allow":["GET"]}}],"collection":[{"href":"https:\/\/pizbube.ch\/en\/wp-json\/wp\/v2\/product"}],"about":[{"href":"https:\/\/pizbube.ch\/en\/wp-json\/wp\/v2\/types\/product"}],"wp:featuredmedia":[{"embeddable":true,"href":"https:\/\/pizbube.ch\/en\/wp-json\/wp\/v2\/media\/35448"}],"wp:attachment":[{"href":"https:\/\/pizbube.ch\/en\/wp-json\/wp\/v2\/media?parent=154428"}],"wp:term":[{"taxonomy":"product_brand","embeddable":true,"href":"https:\/\/pizbube.ch\/en\/wp-json\/wp\/v2\/product_brand?post=154428"},{"taxonomy":"product_cat","embeddable":true,"href":"https:\/\/pizbube.ch\/en\/wp-json\/wp\/v2\/product_cat?post=154428"},{"taxonomy":"product_tag","embeddable":true,"href":"https:\/\/pizbube.ch\/en\/wp-json\/wp\/v2\/product_tag?post=154428"}],"curies":[{"name":"wp","href":"https:\/\/api.w.org\/{rel}","templated":true}]}}