{"id":154429,"date":"2021-01-15T14:31:18","date_gmt":"2021-01-15T14:31:18","guid":{"rendered":"https:\/\/codengine3.ch\/?product=import-placeholder-for-204489"},"modified":"2024-06-28T09:22:58","modified_gmt":"2024-06-28T07:22:58","slug":"andorra-140000-mapa-guia-excursionista","status":"publish","type":"product","link":"https:\/\/pizbube.ch\/en\/shop\/andorra-140000-mapa-guia-excursionista\/","title":{"rendered":"ANDORRA 1:40&#8217;000 &#8211; Mapa-Guia excursionista"},"content":{"rendered":"<p>Mapa excursionista i guia, Escala 1:40.000<br \/>\nComapedrosa &#8211; Engorgs &#8211; Jucl\u00e0 &#8211; Pessons &#8211; Tristaina<\/p>\n<p>Escala: 1: 40.000<br \/>\nEquidist\u00e0ncia: 20 m<br \/>\nCorbes mestres: a 100 m<\/p>\n<p>Ombrejat autom\u00e0tic<br \/>\nUsos del s\u00f2l representats a 3 nivells<br \/>\nQuadr\u00edcula UTM amb divisions d\u20191 km<\/p>\n<p>Compatible GPS<br \/>\nItineraris marcats<br \/>\nGuia amb excursions i dades d\u2019inter\u00e8s<\/p>\n<p>French, Catalan &amp; Spanish map and guide. 76 page booklet plus 1:40,000 map. For hikers, skiers, cyclists and visitors.<\/p>\n<p>Hiking map + Folder<br \/>\n-Scale 1:40.000<br \/>\n-Equidistance contours: 20 m distance<br \/>\n-Master contours: at 100 m<br \/>\n-Shady relief<br \/>\n-Compatible with GPS<br \/>\n-Land use symbolized at three levels<br \/>\n-Folder with hikes, potholing, gully descent, climbing, mountain biking and all the facts of interest<\/p>","protected":false},"excerpt":{"rendered":"<p>Mapa excursionista i guia, Escala 1:40.000 Comapedrosa &#8211; Engorgs &#8211; Jucl\u00e0 &#8211; Pessons &#8211; Tristaina Escala: 1: 40.000 Equidist\u00e0ncia: 20 m Corbes mestres: a 100 m Ombrejat autom\u00e0tic Usos del s\u00f2l representats a 3 nivells Quadr\u00edcula UTM amb divisions d\u20191 km Compatible GPS Itineraris marcats Guia amb excursions i dades d\u2019inter\u00e8s French, Catalan &amp; Spanish [&#8230;]\n","protected":false},"featured_media":32440,"template":"","meta":[],"product_brand":[],"product_cat":[21543],"product_tag":[],"class_list":{"0":"post-154429","1":"product","2":"type-product","3":"status-publish","4":"has-post-thumbnail","6":"product_cat-landkarten","7":"pa_autor-alpina","8":"pa_erscheinungsjahr-21574","9":"pa_region-spanien","10":"pa_sprache-es-fr","12":"first","13":"instock","14":"taxable","15":"shipping-taxable","16":"purchasable","17":"product-type-simple"},"_links":{"self":[{"href":"https:\/\/pizbube.ch\/en\/wp-json\/wp\/v2\/product\/154429","targetHints":{"allow":["GET"]}}],"collection":[{"href":"https:\/\/pizbube.ch\/en\/wp-json\/wp\/v2\/product"}],"about":[{"href":"https:\/\/pizbube.ch\/en\/wp-json\/wp\/v2\/types\/product"}],"wp:featuredmedia":[{"embeddable":true,"href":"https:\/\/pizbube.ch\/en\/wp-json\/wp\/v2\/media\/32440"}],"wp:attachment":[{"href":"https:\/\/pizbube.ch\/en\/wp-json\/wp\/v2\/media?parent=154429"}],"wp:term":[{"taxonomy":"product_brand","embeddable":true,"href":"https:\/\/pizbube.ch\/en\/wp-json\/wp\/v2\/product_brand?post=154429"},{"taxonomy":"product_cat","embeddable":true,"href":"https:\/\/pizbube.ch\/en\/wp-json\/wp\/v2\/product_cat?post=154429"},{"taxonomy":"product_tag","embeddable":true,"href":"https:\/\/pizbube.ch\/en\/wp-json\/wp\/v2\/product_tag?post=154429"}],"curies":[{"name":"wp","href":"https:\/\/api.w.org\/{rel}","templated":true}]}}