{"id":154431,"date":"2021-01-15T14:31:19","date_gmt":"2021-01-15T14:31:19","guid":{"rendered":"https:\/\/codengine3.ch\/?product=import-placeholder-for-206669"},"modified":"2023-01-12T10:25:43","modified_gmt":"2023-01-12T09:25:43","slug":"algarve","status":"publish","type":"product","link":"https:\/\/pizbube.ch\/en\/shop\/algarve\/","title":{"rendered":"Algarve"},"content":{"rendered":"<p>Die sch\u00f6nsten K\u00fcsten- und Bergwanderungen &#8211; 53 Touren<\/p>\n<p>Die Algarve ist die Sonnenk\u00fcste Portugals \u2013 mit endlosen Sandstr\u00e4nden, klarem<br \/>\nMeer und imposanten Klippenk\u00fcsten. Doch die s\u00fcdwestlichste Ecke des<br \/>\neurop\u00e4ischen Kontinents bietet mehr als nur Badeurlaub. Ein h\u00fcgelreiches, sich<br \/>\nnach Norden immer h\u00f6her auft\u00fcrmendes und blumenreiches Hinterland, eine<br \/>\neindrucksvolle Felsenk\u00fcste im Westen und S\u00fcdwesten, eine beschauliche<br \/>\nFlusstallandschaft (Rio Guadiana) im Osten und die weit gestreckte Lagune<br \/>\nzwischen Faro und Tavira (Ria Formosa) an der S\u00fcdk\u00fcste sind nur einige<br \/>\nBeispiele f\u00fcr die gro\u00dfe landschaftliche Vielfalt, die den Wanderer hier<br \/>\nerwartet.<\/p>\n<p>An der gesamten S\u00fcdk\u00fcste der Algarve lassen sich reizvolle K\u00fcstenwanderungen<br \/>\nunternehmen: Von der S\u00fcdwestspitze Europas \u00fcber die spektakul\u00e4ren<br \/>\nKlippenk\u00fcsten des Barlavento bis zur Insellandschaft und den weiten<br \/>\nSandstr\u00e4nden im Sotavento bietet dieser Wanderf\u00fchrer zahlreiche M\u00f6glichkeiten<br \/>\nf\u00fcr kurze oder ausgedehntere Wanderungen. Weitere Touren erschlie\u00dfen die<br \/>\nSch\u00f6nheiten im weniger besuchten Hinterland der Algarve \u2013 durch schattige<br \/>\nW\u00e4lder im Monchique-Gebirge und zu beeindruckenden Flussschleifen im Osten.<\/p>\n<p>Der Rother Wanderf\u00fchrer \u00bbAlgarve\u00ab wurde f\u00fcr die vorliegende Auflage sorgf\u00e4ltig<br \/>\n\u00fcberarbeitet. \u00dcbersichtliche Kurzinfos, zuverl\u00e4ssige Wegbeschreibungen,<br \/>\naussagekr\u00e4ftige H\u00f6henprofile unterd Wanderk\u00e4rtchen mit eingezeichnetem<br \/>\nTourenverlauf erleichtern die Auswahl und die Orientierung vor Ort. Zu 19 von<br \/>\n41 Touren stehen zudem GPS-Tracks zum Download bereit.<\/p>\n<p>5. \u00fcberarbeitete Auflage 2022; 136 Seiten mit 66 Farbabbildungen; 53 H\u00f6henprofile, 53<br \/>\nWanderk\u00e4rtchen im Ma\u00dfstab 1:50.000, 1:75.000 und 1:100.000, zwei<br \/>\n\u00dcbersichtskarten im Ma\u00dfstab 1:700.000 und 1:1.000.000<\/p>","protected":false},"excerpt":{"rendered":"<p>Die sch\u00f6nsten K\u00fcsten- und Bergwanderungen &#8211; 53 Touren Die Algarve ist die Sonnenk\u00fcste Portugals \u2013 mit endlosen Sandstr\u00e4nden, klarem Meer und imposanten Klippenk\u00fcsten. Doch die s\u00fcdwestlichste Ecke des europ\u00e4ischen Kontinents bietet mehr als nur Badeurlaub. Ein h\u00fcgelreiches, sich nach Norden immer h\u00f6her auft\u00fcrmendes und blumenreiches Hinterland, eine eindrucksvolle Felsenk\u00fcste im Westen und S\u00fcdwesten, eine beschauliche [&#8230;]\n","protected":false},"featured_media":161277,"template":"","meta":[],"product_brand":[],"product_cat":[21605],"product_tag":[],"class_list":{"0":"post-154431","1":"product","2":"type-product","3":"status-publish","4":"has-post-thumbnail","6":"product_cat-wanderfuehrer-trekking","7":"pa_autor-enzel-halbartschlager-russ","8":"pa_erscheinungsjahr-27013","9":"pa_region-portugal","10":"pa_sprache-de","12":"first","13":"instock","14":"taxable","15":"shipping-taxable","16":"purchasable","17":"product-type-simple"},"_links":{"self":[{"href":"https:\/\/pizbube.ch\/en\/wp-json\/wp\/v2\/product\/154431","targetHints":{"allow":["GET"]}}],"collection":[{"href":"https:\/\/pizbube.ch\/en\/wp-json\/wp\/v2\/product"}],"about":[{"href":"https:\/\/pizbube.ch\/en\/wp-json\/wp\/v2\/types\/product"}],"wp:featuredmedia":[{"embeddable":true,"href":"https:\/\/pizbube.ch\/en\/wp-json\/wp\/v2\/media\/161277"}],"wp:attachment":[{"href":"https:\/\/pizbube.ch\/en\/wp-json\/wp\/v2\/media?parent=154431"}],"wp:term":[{"taxonomy":"product_brand","embeddable":true,"href":"https:\/\/pizbube.ch\/en\/wp-json\/wp\/v2\/product_brand?post=154431"},{"taxonomy":"product_cat","embeddable":true,"href":"https:\/\/pizbube.ch\/en\/wp-json\/wp\/v2\/product_cat?post=154431"},{"taxonomy":"product_tag","embeddable":true,"href":"https:\/\/pizbube.ch\/en\/wp-json\/wp\/v2\/product_tag?post=154431"}],"curies":[{"name":"wp","href":"https:\/\/api.w.org\/{rel}","templated":true}]}}