{"id":154432,"date":"2021-01-15T14:31:19","date_gmt":"2021-01-15T14:31:19","guid":{"rendered":"https:\/\/codengine3.ch\/?product=import-placeholder-for-207849"},"modified":"2021-01-15T16:59:15","modified_gmt":"2021-01-15T16:59:15","slug":"algarviana-hiking-map-set-150000-wandern-auf-dem-via-algarviana-gr13","status":"publish","type":"product","link":"https:\/\/pizbube.ch\/en\/shop\/algarviana-hiking-map-set-150000-wandern-auf-dem-via-algarviana-gr13\/","title":{"rendered":"Algarviana Hiking Map Set 1:50&#8217;000 &#8211; Wandern auf dem Via Algarviana (GR13)"},"content":{"rendered":"<p>Das Set besteht aus 6 gefalteten Einzelkarten im praktischen Schuber f\u00fcr alle<br \/>\nder 14 offiziellen Sektoren \u2013 so k\u00f6nnen Sie bequem die jeweilige Karte f\u00fcr den<br \/>\nanstehenden Tour-Sektor ausw\u00e4hlen und die restlichen im Rucksack lassen.<\/p>\n<p>Detailgetreue Reliefwiedergabe durch H\u00f6henlinien, Schummerung und<br \/>\nLandnutzungen. Enth\u00e4lt Sehensw\u00fcrdigkeiten, Unterk\u00fcnfte, Versorgungspunkte,<br \/>\nWasserstellen, Apotheken, Geldautomaten\u2026 u.s.w.  <\/p>","protected":false},"excerpt":{"rendered":"<p>Das Set besteht aus 6 gefalteten Einzelkarten im praktischen Schuber f\u00fcr alle der 14 offiziellen Sektoren \u2013 so k\u00f6nnen Sie bequem die jeweilige Karte f\u00fcr den anstehenden Tour-Sektor ausw\u00e4hlen und die restlichen im Rucksack lassen. Detailgetreue Reliefwiedergabe durch H\u00f6henlinien, Schummerung und Landnutzungen. Enth\u00e4lt Sehensw\u00fcrdigkeiten, Unterk\u00fcnfte, Versorgungspunkte, Wasserstellen, Apotheken, Geldautomaten\u2026 u.s.w.<\/p>","protected":false},"featured_media":38610,"template":"","meta":[],"product_brand":[],"product_cat":[21543],"product_tag":[],"class_list":{"0":"post-154432","1":"product","2":"type-product","3":"status-publish","4":"has-post-thumbnail","6":"product_cat-landkarten","7":"pa_autor-mapsite","8":"pa_erscheinungsjahr-21574","9":"pa_region-portugal","10":"pa_sprache-en-de-fr-port","12":"first","13":"instock","14":"taxable","15":"shipping-taxable","16":"purchasable","17":"product-type-simple"},"_links":{"self":[{"href":"https:\/\/pizbube.ch\/en\/wp-json\/wp\/v2\/product\/154432","targetHints":{"allow":["GET"]}}],"collection":[{"href":"https:\/\/pizbube.ch\/en\/wp-json\/wp\/v2\/product"}],"about":[{"href":"https:\/\/pizbube.ch\/en\/wp-json\/wp\/v2\/types\/product"}],"wp:featuredmedia":[{"embeddable":true,"href":"https:\/\/pizbube.ch\/en\/wp-json\/wp\/v2\/media\/38610"}],"wp:attachment":[{"href":"https:\/\/pizbube.ch\/en\/wp-json\/wp\/v2\/media?parent=154432"}],"wp:term":[{"taxonomy":"product_brand","embeddable":true,"href":"https:\/\/pizbube.ch\/en\/wp-json\/wp\/v2\/product_brand?post=154432"},{"taxonomy":"product_cat","embeddable":true,"href":"https:\/\/pizbube.ch\/en\/wp-json\/wp\/v2\/product_cat?post=154432"},{"taxonomy":"product_tag","embeddable":true,"href":"https:\/\/pizbube.ch\/en\/wp-json\/wp\/v2\/product_tag?post=154432"}],"curies":[{"name":"wp","href":"https:\/\/api.w.org\/{rel}","templated":true}]}}