{"id":154434,"date":"2021-01-15T14:31:27","date_gmt":"2021-01-15T14:31:27","guid":{"rendered":"https:\/\/codengine3.ch\/?product=import-placeholder-for-207208"},"modified":"2021-01-15T16:00:48","modified_gmt":"2021-01-15T16:00:48","slug":"klatreforer-for-telemark","status":"publish","type":"product","link":"https:\/\/pizbube.ch\/en\/shop\/klatreforer-for-telemark\/","title":{"rendered":"Klatref\u00f8rer for Telemark"},"content":{"rendered":"<p>Klatref\u00f8rer for Telemark som dekker 22 klatrefelt og 5 buldreomr\u00e5der, fra<br \/>\nRjukan i nord til Porsgrunn\/Skien omr\u00e5det i s\u00f8r.<br \/>\nF\u00f8reren er ikke en kompletyt f\u00f8rer, men heller et utvalg klatrefelt som<br \/>\nforfatterene har vurdert som de mest interessante. F\u00f8rer til 22 klatrefelt:<br \/>\nV\u00e5er (Rjukan), Bolkesj\u00f8, Tveiten, Gygrestolen, Uvdal, Choppingsenteret,<br \/>\nPornocragget, 17. mai cragget, Espedalen, Skoe, Erikstein, Carlsberg,<br \/>\nFl\u00e5veggen, Hemmelighetsveggen, L\u00f8veid, Ramberget, Avfallsveggen,<br \/>\nTrettarberget, Grenlandsbrua, Lerstang, Valle, Hvarnes. I tillegg 5<br \/>\nbuldreomr\u00e5der: Nissedal, Notodden, Erikstein, Breis\u00e5s, Gv\u00e5la\u00e5sen. Inneholder<br \/>\nveibeskrivelser.  <\/p>\n<p>Fototopoguidebook for the region of Telemark in Norway<br \/>\nDescribed are more than 22 spots and 5 boulderregions.  <\/p>","protected":false},"excerpt":{"rendered":"<p>Klatref\u00f8rer for Telemark som dekker 22 klatrefelt og 5 buldreomr\u00e5der, fra Rjukan i nord til Porsgrunn\/Skien omr\u00e5det i s\u00f8r. F\u00f8reren er ikke en kompletyt f\u00f8rer, men heller et utvalg klatrefelt som forfatterene har vurdert som de mest interessante. F\u00f8rer til 22 klatrefelt: V\u00e5er (Rjukan), Bolkesj\u00f8, Tveiten, Gygrestolen, Uvdal, Choppingsenteret, Pornocragget, 17. mai cragget, Espedalen, Skoe, [&#8230;]\n","protected":false},"featured_media":36853,"template":"","meta":[],"product_brand":[],"product_cat":[21539],"product_tag":[],"class_list":{"0":"post-154434","1":"product","2":"type-product","3":"status-publish","4":"has-post-thumbnail","6":"product_cat-fuehrerliteratur-sportklettern-bouldern","7":"pa_autor-birkeland-bordevik","8":"pa_erscheinungsjahr-21842","9":"pa_region-skandinavien-norwegen-schweden-finnland","10":"pa_sprache-norw-e","12":"first","13":"outofstock","14":"taxable","15":"shipping-taxable","16":"purchasable","17":"product-type-simple"},"_links":{"self":[{"href":"https:\/\/pizbube.ch\/en\/wp-json\/wp\/v2\/product\/154434","targetHints":{"allow":["GET"]}}],"collection":[{"href":"https:\/\/pizbube.ch\/en\/wp-json\/wp\/v2\/product"}],"about":[{"href":"https:\/\/pizbube.ch\/en\/wp-json\/wp\/v2\/types\/product"}],"wp:featuredmedia":[{"embeddable":true,"href":"https:\/\/pizbube.ch\/en\/wp-json\/wp\/v2\/media\/36853"}],"wp:attachment":[{"href":"https:\/\/pizbube.ch\/en\/wp-json\/wp\/v2\/media?parent=154434"}],"wp:term":[{"taxonomy":"product_brand","embeddable":true,"href":"https:\/\/pizbube.ch\/en\/wp-json\/wp\/v2\/product_brand?post=154434"},{"taxonomy":"product_cat","embeddable":true,"href":"https:\/\/pizbube.ch\/en\/wp-json\/wp\/v2\/product_cat?post=154434"},{"taxonomy":"product_tag","embeddable":true,"href":"https:\/\/pizbube.ch\/en\/wp-json\/wp\/v2\/product_tag?post=154434"}],"curies":[{"name":"wp","href":"https:\/\/api.w.org\/{rel}","templated":true}]}}