{"id":154436,"date":"2021-01-15T14:31:43","date_gmt":"2021-01-15T14:31:43","guid":{"rendered":"https:\/\/codengine3.ch\/?product=import-placeholder-for-206435"},"modified":"2021-01-15T14:48:55","modified_gmt":"2021-01-15T14:48:55","slug":"escalade-en-correze","status":"publish","type":"product","link":"https:\/\/pizbube.ch\/en\/shop\/escalade-en-correze\/","title":{"rendered":"Escalade en Corr\u00e8ze"},"content":{"rendered":"<p>9 sites \u00e0 d\u00e9couvrir ou red\u00e9couvrir sur des rochers aussi vari\u00e9s que le<br \/>\ngranite, le calcaire, la phonolite &#8230;  <\/p>\n<p>Pr\u00e8s de 300 voies \u00e0 parcourir, du 3 au 8a, de 10 \u00e0 60m. \u00e0 Corr\u00e8ze, \u00e0 l&#8217;est de<br \/>\nBordeaux<br \/>\nQue vous cherchiez un site d&#8217;initiation, un site bucolique ou plut\u00f4t un site<br \/>\n\u00e9litiste, vous trouverez forc\u00e9ment votre bonheur.<\/p>","protected":false},"excerpt":{"rendered":"<p>9 sites \u00e0 d\u00e9couvrir ou red\u00e9couvrir sur des rochers aussi vari\u00e9s que le granite, le calcaire, la phonolite &#8230; Pr\u00e8s de 300 voies \u00e0 parcourir, du 3 au 8a, de 10 \u00e0 60m. \u00e0 Corr\u00e8ze, \u00e0 l&#8217;est de Bordeaux Que vous cherchiez un site d&#8217;initiation, un site bucolique ou plut\u00f4t un site \u00e9litiste, vous trouverez [&#8230;]\n","protected":false},"featured_media":35479,"template":"","meta":[],"product_brand":[],"product_cat":[21539],"product_tag":[],"class_list":{"0":"post-154436","1":"product","2":"type-product","3":"status-publish","4":"has-post-thumbnail","6":"product_cat-fuehrerliteratur-sportklettern-bouldern","7":"pa_autor-ffme","8":"pa_erscheinungsjahr-21830","9":"pa_region-frankreich","10":"pa_sprache-fr","12":"first","13":"instock","14":"taxable","15":"shipping-taxable","16":"purchasable","17":"product-type-simple"},"_links":{"self":[{"href":"https:\/\/pizbube.ch\/en\/wp-json\/wp\/v2\/product\/154436","targetHints":{"allow":["GET"]}}],"collection":[{"href":"https:\/\/pizbube.ch\/en\/wp-json\/wp\/v2\/product"}],"about":[{"href":"https:\/\/pizbube.ch\/en\/wp-json\/wp\/v2\/types\/product"}],"wp:featuredmedia":[{"embeddable":true,"href":"https:\/\/pizbube.ch\/en\/wp-json\/wp\/v2\/media\/35479"}],"wp:attachment":[{"href":"https:\/\/pizbube.ch\/en\/wp-json\/wp\/v2\/media?parent=154436"}],"wp:term":[{"taxonomy":"product_brand","embeddable":true,"href":"https:\/\/pizbube.ch\/en\/wp-json\/wp\/v2\/product_brand?post=154436"},{"taxonomy":"product_cat","embeddable":true,"href":"https:\/\/pizbube.ch\/en\/wp-json\/wp\/v2\/product_cat?post=154436"},{"taxonomy":"product_tag","embeddable":true,"href":"https:\/\/pizbube.ch\/en\/wp-json\/wp\/v2\/product_tag?post=154436"}],"curies":[{"name":"wp","href":"https:\/\/api.w.org\/{rel}","templated":true}]}}