{"id":154437,"date":"2021-01-15T14:31:43","date_gmt":"2021-01-15T14:31:43","guid":{"rendered":"https:\/\/codengine3.ch\/?product=import-placeholder-for-204652"},"modified":"2025-07-26T14:14:38","modified_gmt":"2025-07-26T12:14:38","slug":"escalade-vallee-des-eaux-claires","status":"publish","type":"product","link":"https:\/\/pizbube.ch\/en\/shop\/escalade-vallee-des-eaux-claires\/","title":{"rendered":"Escalade Vall\u00e9e des Eaux Claires"},"content":{"rendered":"<p>Site de la Vall\u00e9e des Eaux Claires<\/p>\n<p>Site class\u00e9 d&#8217;escalade \u00e0 Puymoyen. 1er site d&#8217;escalade moderne en France.<br \/>\nL&#8217;int\u00e9r\u00eat du site n&#8217;\u00e9tant pas la hauteur de la falaise, mais la difficult\u00e9 des<br \/>\npassages \u00e0 franchir. Une trentaine de mini falaises avec une pr\u00e9dominence de<br \/>\nvoies courtes, tr\u00e8s \u00e0 doigts du 3 au 9 !<br \/>\nC&#8217;est d&#8217;ailleurs aux Eaux Claires que Fred Rouhling a ouvert un des premier 9A<br \/>\nde France&#8230;<\/p>\n<p>La vall\u00e9e des Eaux-Claires est constitu\u00e9e de roches calcaires qui ont \u00e9t\u00e9<br \/>\nform\u00e9es au cr\u00e9tac\u00e9 (\u00e8re secondaire). C\u2019est donc un turonien que l\u2019on appelle<br \/>\ncalcaire \u00e0 rudistes, et qui donne un rocher tr\u00e8s compact avec peu de fissures<br \/>\nmais beaucoup de trous de toutes tailles et formes, et bien s\u00fbr une escalade<br \/>\npratiquement toujours \u00e0 doigts.<\/p>\n<p>Le climat de type oc\u00e9anique temp\u00e9r\u00e9 et une exposition sud de la plus grande<br \/>\npartie des falaises permettent la pratique de l\u2019escalade en toutes saisons. En<br \/>\ncas de pluie le rocher devient extr\u00eamement glissant mais s\u00e8che rapidement. Les<br \/>\nfortes chaleurs rendent le rocher moins adh\u00e9rent.<\/p>\n<p>La hauteur des falaises est comprise entre 10 et 18 m. Une corde de 35 m et<br \/>\nune douzaine de d\u00e9gaines sont suffisantes.<\/p>\n<p>L\u2019\u00e9quipement est r\u00e9alis\u00e9 en tiges de tendeurs scell\u00e9es. L\u2019espacement des<br \/>\npoints correspond \u00e0 celui d\u2019un site sportif d\u2019escalade. Les voies d\u2019initiation<br \/>\nsont toutefois bien prot\u00e9g\u00e9es. L\u2019assurage se fait \u00e0 partir de points situ\u00e9s<br \/>\nsur le plateau \u00e0 la sortie des voies : sangles et mousquetons \u00e0 vis sont donc<br \/>\nn\u00e9cessaires.<\/p>\n<p>Le nom de la voie est inscrit \u00e0 la peinture rouge au pied de chaque voie. Les<br \/>\ncotations sont celles en vigueur sur les sites sportifs d\u2019escalade. Toutefois<br \/>\nune escalade \u00e0 doigts, des mouvements complexes type bloc et une importante<br \/>\ncontinuit\u00e9 ont donn\u00e9 aux Eaux-Claires une r\u00e9putation de difficult\u00e9. C\u2019est<br \/>\nvrai, mais il existe cependant une trentaine de voies de niveau 3 et 4 et plus<br \/>\nde cinquante voies de niveau 5. Du 3 au 9, chacun trouvera ses voies.<\/p>\n<p>Pour les amateurs de bloc, il existe de nombreux (et souvent difficiles !)<br \/>\npassages de bloc dans la vall\u00e9e. Ils sont localis\u00e9s en 2 endroits.<\/p>","protected":false},"excerpt":{"rendered":"<p>Site de la Vall\u00e9e des Eaux Claires Site class\u00e9 d&#8217;escalade \u00e0 Puymoyen. 1er site d&#8217;escalade moderne en France. L&#8217;int\u00e9r\u00eat du site n&#8217;\u00e9tant pas la hauteur de la falaise, mais la difficult\u00e9 des passages \u00e0 franchir. Une trentaine de mini falaises avec une pr\u00e9dominence de voies courtes, tr\u00e8s \u00e0 doigts du 3 au 9 ! C&#8217;est [&#8230;]\n","protected":false},"featured_media":32911,"template":"","meta":[],"product_brand":[],"product_cat":[21539],"product_tag":[],"class_list":{"0":"post-154437","1":"product","2":"type-product","3":"status-publish","4":"has-post-thumbnail","6":"product_cat-fuehrerliteratur-sportklettern-bouldern","7":"pa_autor-caf","8":"pa_erscheinungsjahr-21621","9":"pa_region-frankreich","10":"pa_sprache-fr","12":"first","13":"outofstock","14":"taxable","15":"shipping-taxable","16":"purchasable","17":"product-type-simple"},"_links":{"self":[{"href":"https:\/\/pizbube.ch\/en\/wp-json\/wp\/v2\/product\/154437","targetHints":{"allow":["GET"]}}],"collection":[{"href":"https:\/\/pizbube.ch\/en\/wp-json\/wp\/v2\/product"}],"about":[{"href":"https:\/\/pizbube.ch\/en\/wp-json\/wp\/v2\/types\/product"}],"wp:featuredmedia":[{"embeddable":true,"href":"https:\/\/pizbube.ch\/en\/wp-json\/wp\/v2\/media\/32911"}],"wp:attachment":[{"href":"https:\/\/pizbube.ch\/en\/wp-json\/wp\/v2\/media?parent=154437"}],"wp:term":[{"taxonomy":"product_brand","embeddable":true,"href":"https:\/\/pizbube.ch\/en\/wp-json\/wp\/v2\/product_brand?post=154437"},{"taxonomy":"product_cat","embeddable":true,"href":"https:\/\/pizbube.ch\/en\/wp-json\/wp\/v2\/product_cat?post=154437"},{"taxonomy":"product_tag","embeddable":true,"href":"https:\/\/pizbube.ch\/en\/wp-json\/wp\/v2\/product_tag?post=154437"}],"curies":[{"name":"wp","href":"https:\/\/api.w.org\/{rel}","templated":true}]}}