{"id":154438,"date":"2021-01-15T14:31:43","date_gmt":"2021-01-15T14:31:43","guid":{"rendered":"https:\/\/codengine3.ch\/?product=import-placeholder-for-206681"},"modified":"2021-01-15T14:50:48","modified_gmt":"2021-01-15T14:50:48","slug":"escalade-autour-de-cholet","status":"publish","type":"product","link":"https:\/\/pizbube.ch\/en\/shop\/escalade-autour-de-cholet\/","title":{"rendered":"Escalade autour de Cholet"},"content":{"rendered":"<p>Pays du Haut-Bocage Vend\u00e9en et des Mauges (Blocs &#038; Voies)  <\/p>\n<p>Un guide de 76 pages au format A5 sur papier recycl\u00e9, qui pr\u00e9sente les 150<br \/>\nvoies et 250 passages de bloc des sites d&#8217;escalade suivants :<\/p>\n<p>&#8211; Le Manis au Longeron (49), que nous connaissons tous avec ses 70 voies et<br \/>\nsa \u00ab boule \u00bb qui culmine \u00e0 33 m\u00e8tres.<\/p>\n<p>&#8211; Les Coteaux de Fleuriais \u00e0 Mortagne-sur-S\u00e8vre (85). Site de bloc en pleine<br \/>\nexpansion avec 9 circuits et 250 passages.<\/p>\n<p>&#8211; La Corbi\u00e8re \u00e0 Roussay (49). Nouveau site d\u0092une vingtaine de voies et plein<br \/>\nde nouvelles voies \u00e0 venir. Premier secteur d\u00e9couverte du Maine-et-Loire mais<br \/>\naussi de belles voies dans le \u00936\u0094.<\/p>\n<p>&#8211; Les Rives du Petit Lay \u00e0 Mouchamps et Rochetrejoux (85). Deux petits sites<br \/>\npour l\u0092initiation, avec une trentaine de voies dont certaines parcourent une<br \/>\nsuperbe dalle de 30 m\u00e8tres.<\/p>\n<p>&#8211; Le Moulin du Bouchot \u00e0 la Romagne (49). Une vingtaine de voies de niveau<br \/>\nd\u00e9butant \u00e0 confirm\u00e9, directement accessibles. On y stationne sa voiture au<br \/>\npied des voies !<\/p>","protected":false},"excerpt":{"rendered":"<p>Pays du Haut-Bocage Vend\u00e9en et des Mauges (Blocs &#038; Voies) Un guide de 76 pages au format A5 sur papier recycl\u00e9, qui pr\u00e9sente les 150 voies et 250 passages de bloc des sites d&#8217;escalade suivants : &#8211; Le Manis au Longeron (49), que nous connaissons tous avec ses 70 voies et sa \u00ab boule \u00bb [&#8230;]\n","protected":false},"featured_media":35815,"template":"","meta":[],"product_brand":[],"product_cat":[21539],"product_tag":[],"class_list":{"0":"post-154438","1":"product","2":"type-product","3":"status-publish","4":"has-post-thumbnail","6":"product_cat-fuehrerliteratur-sportklettern-bouldern","7":"pa_autor-auguin-ffme","8":"pa_erscheinungsjahr-21610","9":"pa_region-frankreich","10":"pa_sprache-fr","12":"first","13":"instock","14":"taxable","15":"shipping-taxable","16":"purchasable","17":"product-type-simple"},"_links":{"self":[{"href":"https:\/\/pizbube.ch\/en\/wp-json\/wp\/v2\/product\/154438","targetHints":{"allow":["GET"]}}],"collection":[{"href":"https:\/\/pizbube.ch\/en\/wp-json\/wp\/v2\/product"}],"about":[{"href":"https:\/\/pizbube.ch\/en\/wp-json\/wp\/v2\/types\/product"}],"wp:featuredmedia":[{"embeddable":true,"href":"https:\/\/pizbube.ch\/en\/wp-json\/wp\/v2\/media\/35815"}],"wp:attachment":[{"href":"https:\/\/pizbube.ch\/en\/wp-json\/wp\/v2\/media?parent=154438"}],"wp:term":[{"taxonomy":"product_brand","embeddable":true,"href":"https:\/\/pizbube.ch\/en\/wp-json\/wp\/v2\/product_brand?post=154438"},{"taxonomy":"product_cat","embeddable":true,"href":"https:\/\/pizbube.ch\/en\/wp-json\/wp\/v2\/product_cat?post=154438"},{"taxonomy":"product_tag","embeddable":true,"href":"https:\/\/pizbube.ch\/en\/wp-json\/wp\/v2\/product_tag?post=154438"}],"curies":[{"name":"wp","href":"https:\/\/api.w.org\/{rel}","templated":true}]}}