{"id":154441,"date":"2021-01-15T14:31:45","date_gmt":"2021-01-15T14:31:45","guid":{"rendered":"https:\/\/codengine3.ch\/?product=import-placeholder-for-206858"},"modified":"2025-08-22T14:44:07","modified_gmt":"2025-08-22T12:44:07","slug":"das-finstere-tal","status":"publish","type":"product","link":"https:\/\/pizbube.ch\/en\/shop\/das-finstere-tal\/","title":{"rendered":"Das finstere Tal"},"content":{"rendered":"<p>Die Alpen, Ende des 19. Jahrhunderts, kurz vor Winterbeginn.<\/p>\n<p>Ein Fremder kommt in ein einsam gelegenes Hochtal ein. Er sei Maler und suche Quartier. Die Bewohner sind misstrauisch, lassen sich aber von seinem Gold \u00fcberzeugen. Der erste Schnee schneidet das Tal von der Au\u00dfenwelt ab. Das Leben im Dorf kommt zur Ruhe, man hat sich an den Fremden gew\u00f6hnt. Doch dann gibt es den ersten Toten, bald darauf einen zweiten.<\/p>\n<p>Eine dramatische Geschichte von Liebe und Hass, Schuld und Vergeltung nimmt ihren Lauf.<\/p>\n<p><span class=\"value\">Thomas Willmann, Jahrgang 1969, lebt als freier Kulturjournalist, Autor und \u00dcbersetzer in M\u00fcnchen. Sein erster Roman, Das finstere Tal, machte international Furore und wurde mit Sam Riley, Tobias Moretti und Paula Beer verfilmt.<br \/>\n<\/span><\/p>","protected":false},"excerpt":{"rendered":"<p>Die Alpen, Ende des 19. Jahrhunderts, kurz vor Winterbeginn. Ein Fremder kommt in ein einsam gelegenes Hochtal ein. Er sei Maler und suche Quartier. Die Bewohner sind misstrauisch, lassen sich aber von seinem Gold \u00fcberzeugen. Der erste Schnee schneidet das Tal von der Au\u00dfenwelt ab. Das Leben im Dorf kommt zur Ruhe, man hat sich [&#8230;]\n","protected":false},"featured_media":181033,"template":"","meta":[],"product_brand":[],"product_cat":[21629],"product_tag":[],"class_list":{"0":"post-154441","1":"product","2":"type-product","3":"status-publish","4":"has-post-thumbnail","6":"product_cat-belletristik","7":"pa_autor-willmann","8":"pa_erscheinungsjahr-27129","9":"pa_region-deutschland","10":"pa_sprache-de","12":"first","13":"instock","14":"taxable","15":"shipping-taxable","16":"purchasable","17":"product-type-simple"},"_links":{"self":[{"href":"https:\/\/pizbube.ch\/en\/wp-json\/wp\/v2\/product\/154441","targetHints":{"allow":["GET"]}}],"collection":[{"href":"https:\/\/pizbube.ch\/en\/wp-json\/wp\/v2\/product"}],"about":[{"href":"https:\/\/pizbube.ch\/en\/wp-json\/wp\/v2\/types\/product"}],"wp:featuredmedia":[{"embeddable":true,"href":"https:\/\/pizbube.ch\/en\/wp-json\/wp\/v2\/media\/181033"}],"wp:attachment":[{"href":"https:\/\/pizbube.ch\/en\/wp-json\/wp\/v2\/media?parent=154441"}],"wp:term":[{"taxonomy":"product_brand","embeddable":true,"href":"https:\/\/pizbube.ch\/en\/wp-json\/wp\/v2\/product_brand?post=154441"},{"taxonomy":"product_cat","embeddable":true,"href":"https:\/\/pizbube.ch\/en\/wp-json\/wp\/v2\/product_cat?post=154441"},{"taxonomy":"product_tag","embeddable":true,"href":"https:\/\/pizbube.ch\/en\/wp-json\/wp\/v2\/product_tag?post=154441"}],"curies":[{"name":"wp","href":"https:\/\/api.w.org\/{rel}","templated":true}]}}