{"id":154442,"date":"2021-01-15T14:31:45","date_gmt":"2021-01-15T14:31:45","guid":{"rendered":"https:\/\/codengine3.ch\/?product=import-placeholder-for-207928"},"modified":"2023-05-11T12:06:06","modified_gmt":"2023-05-11T10:06:06","slug":"matterhorn-portrait-of-a-mountain-portraet-eines-berges","status":"publish","type":"product","link":"https:\/\/pizbube.ch\/en\/shop\/matterhorn-portrait-of-a-mountain-portraet-eines-berges\/","title":{"rendered":"MATTERHORN &#8211; Portrait of a Mountain  Portr\u00e4t eines Berges"},"content":{"rendered":"<p>\u201eMATTERHORN: Portr\u00e4t eines Berges umfasst eine Reihe von schwarz-weiss<br \/>\nFotografien des kroatischen K\u00fcnstlers Nenad \u0160alji\u0107 (geb. 1961), die wie eine<br \/>\nmetaphysische Visitenkarte wirken: eine allegorische Kombination aus<br \/>\nSch\u00f6nheit, Verg\u00e4nglichkeit und Monumentalit\u00e4t mit dokumentarischem Charakter.<br \/>\nUnsichtbare Naturkr\u00e4fte, die seit Jahrmillionen am Werk sind, haben das<br \/>\nMatterhorn in einem langwierigen und willk\u00fcrlichen Prozess apollinischer<br \/>\nGestaltungskraft geschaffen.<\/p>\n<p>Die von \u0160alji\u0107 eingefangenen sichtbaren und belebten Formen der Natur<br \/>\ndokumentieren seinen Gegenstand \u00fcber die Zeitl\u00e4ufte hinweg und erwecken die<br \/>\ngeologische Materie zum Leben. In seinen Fotographien verleiht der K\u00fcnstler<br \/>\ndem Matterhorn stark ausgepr\u00e4gte Z\u00fcge und schafft damit einen<br \/>\nleidenschaftlichen und \u00e4sthetischen Schnappschuss des st\u00e4ndig wechselnden und<br \/>\nsich niemals wiederholenden Wechselspiels zwischen der bereits geformten<br \/>\nMaterie, der belebten Natur und des Menschen als Sch\u00f6pfer, als einer<br \/>\ngestalterischen Kraft.\u201c &#8211; Kevin Muster<\/p>\n<p>Das Matterhorn Projekt brachte ihm unter anderem 2012 und 2010 den National<br \/>\nGeographic Award ein, und er wurde bei den 2013 Sony World Photography Awards<br \/>\nals Professional Landscape Photographer of the Year ausgezeichnet.<\/p>\n<p>\u201cTHERE are some images that can only be captured by someone with a personal,<br \/>\nand borderline spiritual, understanding of a location. Swiss photographer<br \/>\nNenad Saljic\u2019s new book contains perhaps one of the best recent examples of<br \/>\nthis. Within its pages there are a variety of \u2018portraits\u2019 of a single<br \/>\nlocation: Switzerland\u2019s famous (and at times infamous) Alpine mountain, the<br \/>\nMatterhorn. Nenad trained as a mountaineer and caver in his youth, and it was<br \/>\nthese experiences that caused him to fall deeply in love with, as he terms it,<br \/>\n\u2018nature\u2019s most ancient textures, forms and shapes\u2019. In this volume we find a<br \/>\nvisual document of Nenad\u2019s love affair with the Matterhorn. Each image shows<br \/>\nthe vast formation under a variety of weather conditions \u2013 mist, storm, sun<br \/>\nand rain. A pure overwhelming beauty suffuses every image. Matterhorn is an<br \/>\nincredible and perfect encapsulation of the sublime.\u201d<\/p>\n<p>30 \u00d7 1 \u00d7 30 cm<\/p>","protected":false},"excerpt":{"rendered":"<p>\u201eMATTERHORN: Portr\u00e4t eines Berges umfasst eine Reihe von schwarz-weiss Fotografien des kroatischen K\u00fcnstlers Nenad \u0160alji\u0107 (geb. 1961), die wie eine metaphysische Visitenkarte wirken: eine allegorische Kombination aus Sch\u00f6nheit, Verg\u00e4nglichkeit und Monumentalit\u00e4t mit dokumentarischem Charakter. Unsichtbare Naturkr\u00e4fte, die seit Jahrmillionen am Werk sind, haben das Matterhorn in einem langwierigen und willk\u00fcrlichen Prozess apollinischer Gestaltungskraft geschaffen. Die [&#8230;]\n","protected":false},"featured_media":167575,"template":"","meta":[],"product_brand":[],"product_cat":[21580],"product_tag":[],"class_list":{"0":"post-154442","1":"product","2":"type-product","3":"status-publish","4":"has-post-thumbnail","6":"product_cat-kunst-kultur","7":"pa_autor-saljic","8":"pa_erscheinungsjahr-21597","9":"pa_region-schweiz","10":"pa_sprache-en-de","12":"first","13":"instock","14":"taxable","15":"shipping-taxable","16":"purchasable","17":"product-type-simple"},"_links":{"self":[{"href":"https:\/\/pizbube.ch\/en\/wp-json\/wp\/v2\/product\/154442","targetHints":{"allow":["GET"]}}],"collection":[{"href":"https:\/\/pizbube.ch\/en\/wp-json\/wp\/v2\/product"}],"about":[{"href":"https:\/\/pizbube.ch\/en\/wp-json\/wp\/v2\/types\/product"}],"wp:featuredmedia":[{"embeddable":true,"href":"https:\/\/pizbube.ch\/en\/wp-json\/wp\/v2\/media\/167575"}],"wp:attachment":[{"href":"https:\/\/pizbube.ch\/en\/wp-json\/wp\/v2\/media?parent=154442"}],"wp:term":[{"taxonomy":"product_brand","embeddable":true,"href":"https:\/\/pizbube.ch\/en\/wp-json\/wp\/v2\/product_brand?post=154442"},{"taxonomy":"product_cat","embeddable":true,"href":"https:\/\/pizbube.ch\/en\/wp-json\/wp\/v2\/product_cat?post=154442"},{"taxonomy":"product_tag","embeddable":true,"href":"https:\/\/pizbube.ch\/en\/wp-json\/wp\/v2\/product_tag?post=154442"}],"curies":[{"name":"wp","href":"https:\/\/api.w.org\/{rel}","templated":true}]}}