{"id":154443,"date":"2021-01-15T14:31:51","date_gmt":"2021-01-15T14:31:51","guid":{"rendered":"https:\/\/codengine3.ch\/?product=import-placeholder-for-207878"},"modified":"2021-01-15T16:59:35","modified_gmt":"2021-01-15T16:59:35","slug":"raquettes-les-plus-belles-ballades-et-randonnees-a-raquettes-en-haute-savoie-t2","status":"publish","type":"product","link":"https:\/\/pizbube.ch\/en\/shop\/raquettes-les-plus-belles-ballades-et-randonnees-a-raquettes-en-haute-savoie-t2\/","title":{"rendered":"RAQUETTES &#8211; Les plus belles Ballades et Randonn\u00e9es \u00e0 raquettes en Haute-Savoie T2"},"content":{"rendered":"<p>Bornes, Aravis, Pays du Mont-Blanc<\/p>\n<p>Cette nouvelle mouture s\u2019adresse aux randonneurs qui y trouveront une<br \/>\ns\u00e9lection d\u2019itin\u00e9raires raquettes de pleine nature, mais tout autant \u00e0 un<br \/>\npublic moins averti de pratiquants occasionnels ou dilettantes, qui<br \/>\nd\u00e9couvriront un large choix de balades faciles.<\/p>\n<p>Chaque guide recense plus de 80 itin\u00e9raires trac\u00e9s sur une carte et d\u00e9crits<br \/>\navec pr\u00e9cision. Les nombreuses variantes indiqu\u00e9es et les combinaisons<br \/>\nd\u2019itin\u00e9raires propos\u00e9es, augmentent notablement l\u2019offre des possibilit\u00e9s.<\/p>\n<p>Les descriptifs sont souvent accompagn\u00e9s de pr\u00e9cisions, de commentaires et<br \/>\nconseils utiles de l\u2019auteur, qui fait partager sa connaissance du terrain et<br \/>\nson exp\u00e9rience acquise au cours d\u2019une riche carri\u00e8re professionnelle.<\/p>\n<p>Les nombreuses photos prises en situation sur les itin\u00e9raires d\u00e9crits<br \/>\nenrichissent ces ouvrages de r\u00e9f\u00e9rence en illustrant magistralement la beaut\u00e9<br \/>\nde la montagne enneig\u00e9e que ces guides invitent \u00e0 d\u00e9couvrir.<\/p>\n<p>En pr\u00e9ambule : conseils pour choisir et pr\u00e9parer sa randonn\u00e9e.<br \/>\nPour chaque itin\u00e9raire : p\u00e9riode la plus favorable, niveau de difficult\u00e9,<br \/>\nd\u00e9nivel\u00e9e, distance, dur\u00e9e\u2026 4 \u00e0 9 points jalons permettant de reporter<br \/>\npr\u00e9cis\u00e9ment l\u2019itin\u00e9raire sur la carte IGN \u00e0 l\u2019aide de leurs coordonn\u00e9es et<br \/>\nd\u2019utiliser un GPS sur le terrain.<\/p>","protected":false},"excerpt":{"rendered":"<p>Bornes, Aravis, Pays du Mont-Blanc Cette nouvelle mouture s\u2019adresse aux randonneurs qui y trouveront une s\u00e9lection d\u2019itin\u00e9raires raquettes de pleine nature, mais tout autant \u00e0 un public moins averti de pratiquants occasionnels ou dilettantes, qui d\u00e9couvriront un large choix de balades faciles. Chaque guide recense plus de 80 itin\u00e9raires trac\u00e9s sur une carte et d\u00e9crits [&#8230;]\n","protected":false},"featured_media":38712,"template":"","meta":[],"product_brand":[],"product_cat":[21540],"product_tag":[],"class_list":{"0":"post-154443","1":"product","2":"type-product","3":"status-publish","4":"has-post-thumbnail","6":"product_cat-fuehrerliteratur-alpin-winter","7":"pa_autor-lamory","8":"pa_erscheinungsjahr-21568","9":"pa_region-frankreich","10":"pa_sprache-fr","12":"first","13":"instock","14":"taxable","15":"shipping-taxable","16":"purchasable","17":"product-type-simple"},"_links":{"self":[{"href":"https:\/\/pizbube.ch\/en\/wp-json\/wp\/v2\/product\/154443","targetHints":{"allow":["GET"]}}],"collection":[{"href":"https:\/\/pizbube.ch\/en\/wp-json\/wp\/v2\/product"}],"about":[{"href":"https:\/\/pizbube.ch\/en\/wp-json\/wp\/v2\/types\/product"}],"wp:featuredmedia":[{"embeddable":true,"href":"https:\/\/pizbube.ch\/en\/wp-json\/wp\/v2\/media\/38712"}],"wp:attachment":[{"href":"https:\/\/pizbube.ch\/en\/wp-json\/wp\/v2\/media?parent=154443"}],"wp:term":[{"taxonomy":"product_brand","embeddable":true,"href":"https:\/\/pizbube.ch\/en\/wp-json\/wp\/v2\/product_brand?post=154443"},{"taxonomy":"product_cat","embeddable":true,"href":"https:\/\/pizbube.ch\/en\/wp-json\/wp\/v2\/product_cat?post=154443"},{"taxonomy":"product_tag","embeddable":true,"href":"https:\/\/pizbube.ch\/en\/wp-json\/wp\/v2\/product_tag?post=154443"}],"curies":[{"name":"wp","href":"https:\/\/api.w.org\/{rel}","templated":true}]}}