{"id":154446,"date":"2021-01-15T14:31:59","date_gmt":"2021-01-15T14:31:59","guid":{"rendered":"https:\/\/codengine3.ch\/?product=import-placeholder-for-204324"},"modified":"2024-04-11T11:37:46","modified_gmt":"2024-04-11T09:37:46","slug":"frauen-und-berge","status":"publish","type":"product","link":"https:\/\/pizbube.ch\/en\/shop\/frauen-und-berge\/","title":{"rendered":"Frauen und Berge"},"content":{"rendered":"<p>Der Berg ruft &#8230;<br \/>\nSeit Urzeiten \u00fcben Berge eine gro\u00dfe Faszination auf den Menschen aus.<br \/>\nEinerseits als sagenhafte, geheimnisvolle, heilige und verwunschene Orte,<br \/>\nandererseits als un\u00fcberwindbare Barrieren und Grenzgebiete zwischen L\u00e4ndern;<br \/>\nals Schlupfwinkel f\u00fcr Banditen oder als Broterwerb f\u00fcr deren Bewohner. Aus dem<br \/>\nLeben der in diesem Buch vorgestellten Frauen spricht eine tiefe Verbundenheit<br \/>\nmit der Welt der Berge.<br \/>\nSie arbeiten als Gletscherforscherin, als Sch\u00e4ferin, als Hausdame eines<br \/>\nBerghotels oder als Wirtin einer Bergh\u00fctte. Sie sind dem Reiz der Berge<br \/>\nverfallen und huldigen ihnen als Malerin, Schriftstellerin und Musikerin. Sie<br \/>\nleben aus dem Rucksack und erz\u00e4hlen von ihrer Geschichte als<br \/>\nWiderstandsk\u00e4mpferin, Bergsteigerin und Extremskifahrerin.<br \/>\nSie kommen aus verschiedenen europ\u00e4ischen L\u00e4ndern: den \u00d6sterreichischen,<br \/>\nFranz\u00f6sischen, Skandinavischen und Schweizer Alpen, der Hochebenen der<br \/>\nS\u00e4chsischen Schweiz, der Gebirgsketten des Balkan, den kalkigen Gipfeln des<br \/>\nJura und der Pyren\u00e4en.<br \/>\n&#8230; und sie verbindet die Suche nach dem Geheimnis der Berge, der Freiheit und<br \/>\ndem Absoluten.<br \/>\n176 Seiten, Zahlr. Farbabbildungen, 23,5 x 29 cm, Hardcover, Fadenheftung<\/p>","protected":false},"excerpt":{"rendered":"<p>Der Berg ruft &#8230; Seit Urzeiten \u00fcben Berge eine gro\u00dfe Faszination auf den Menschen aus. Einerseits als sagenhafte, geheimnisvolle, heilige und verwunschene Orte, andererseits als un\u00fcberwindbare Barrieren und Grenzgebiete zwischen L\u00e4ndern; als Schlupfwinkel f\u00fcr Banditen oder als Broterwerb f\u00fcr deren Bewohner. Aus dem Leben der in diesem Buch vorgestellten Frauen spricht eine tiefe Verbundenheit mit [&#8230;]\n","protected":false},"featured_media":32159,"template":"","meta":[],"product_brand":[],"product_cat":[21542],"product_tag":[],"class_list":{"0":"post-154446","1":"product","2":"type-product","3":"status-publish","4":"has-post-thumbnail","6":"product_cat-sachbuecher-dokumentationen","7":"pa_autor-herve-mayer","8":"pa_erscheinungsjahr-21763","9":"pa_region-deutschland","10":"pa_sprache-de","12":"first","13":"outofstock","14":"taxable","15":"shipping-taxable","16":"purchasable","17":"product-type-simple"},"_links":{"self":[{"href":"https:\/\/pizbube.ch\/en\/wp-json\/wp\/v2\/product\/154446","targetHints":{"allow":["GET"]}}],"collection":[{"href":"https:\/\/pizbube.ch\/en\/wp-json\/wp\/v2\/product"}],"about":[{"href":"https:\/\/pizbube.ch\/en\/wp-json\/wp\/v2\/types\/product"}],"wp:featuredmedia":[{"embeddable":true,"href":"https:\/\/pizbube.ch\/en\/wp-json\/wp\/v2\/media\/32159"}],"wp:attachment":[{"href":"https:\/\/pizbube.ch\/en\/wp-json\/wp\/v2\/media?parent=154446"}],"wp:term":[{"taxonomy":"product_brand","embeddable":true,"href":"https:\/\/pizbube.ch\/en\/wp-json\/wp\/v2\/product_brand?post=154446"},{"taxonomy":"product_cat","embeddable":true,"href":"https:\/\/pizbube.ch\/en\/wp-json\/wp\/v2\/product_cat?post=154446"},{"taxonomy":"product_tag","embeddable":true,"href":"https:\/\/pizbube.ch\/en\/wp-json\/wp\/v2\/product_tag?post=154446"}],"curies":[{"name":"wp","href":"https:\/\/api.w.org\/{rel}","templated":true}]}}