{"id":154448,"date":"2021-01-15T14:32:00","date_gmt":"2021-01-15T14:32:00","guid":{"rendered":"https:\/\/codengine3.ch\/?product=import-placeholder-for-208455"},"modified":"2021-08-02T17:47:34","modified_gmt":"2021-08-02T15:47:34","slug":"frech-genug-musst-auch-noch-sein-ueber-den-watzmann-bis-zum-matterhorn","status":"publish","type":"product","link":"https:\/\/pizbube.ch\/en\/shop\/frech-genug-musst-auch-noch-sein-ueber-den-watzmann-bis-zum-matterhorn\/","title":{"rendered":"Frech genug musst&#8216; auch noch sein &#8211; \u00dcber den Watzmann bis zum Matterhorn"},"content":{"rendered":"<p>Der Berg ruft. Allein woher die Zeit nehmen f\u00fcr Klettern, Hochtouren und<br \/>\nBergabenteuer? Die M\u00fcnchnerin Christl Gensthaler hat es Zeit ihres Lebens<br \/>\nverstanden, gerade dann die W\u00e4nde hochzugehen, wenn f\u00fcr andere Land unter<br \/>\nangesagt ist \u2013 und ist damit rundum gut gefahren.<\/p>\n<p>Ihr Klettertagebuch ist auch eine wunderbare Anleitung zum Gl\u00fccklichsein \u2013 am<br \/>\nBerg, im Beruf, im Leben. Nachahmung empfohlen.<br \/>\nDas Klettern hat sie im Blut. Ihr Vater Oskar B\u00fchler war ein Pionier der<br \/>\nAlpintechnik. Von ihm hat sie gelernt, mit den Bergen zu leben \u2013 und als<br \/>\nFamilienfrau, P\u00e4dagogin, Musikerin und Autorin zu \u00fcberleben.<\/p>\n<p>Klettern ist f\u00fcr sie ein Teil des Lebens und die Direttissima der schnellste<br \/>\nWeg zum Gl\u00fcck. In ihrem Buch erz\u00e4hlt sie von Bergabenteuern in den sch\u00f6nsten<br \/>\nKlettergebieten Europas \u2013 und von Kameradschaft, von den Wundern der Natur und<br \/>\ndavon, wie das Klettern im Hochgebirge ihr Leben bereichert hat. Sie wei\u00df aber<br \/>\nauch: Geschenkt wir dir nichts, ohne Kraft und Wille geht\u2019s nicht, und: \u00abFrech<br \/>\ngenug musst&#8216; auch noch sein.\u00bb<\/p>\n<p>260 Seiten, 25 Abbildungen; Hardcover mit Schutzumschlag<\/p>","protected":false},"excerpt":{"rendered":"<p>Der Berg ruft. Allein woher die Zeit nehmen f\u00fcr Klettern, Hochtouren und Bergabenteuer? Die M\u00fcnchnerin Christl Gensthaler hat es Zeit ihres Lebens verstanden, gerade dann die W\u00e4nde hochzugehen, wenn f\u00fcr andere Land unter angesagt ist \u2013 und ist damit rundum gut gefahren. Ihr Klettertagebuch ist auch eine wunderbare Anleitung zum Gl\u00fccklichsein \u2013 am Berg, im [&#8230;]\n","protected":false},"featured_media":40257,"template":"","meta":[],"product_brand":[],"product_cat":[21542],"product_tag":[],"class_list":{"0":"post-154448","1":"product","2":"type-product","3":"status-publish","4":"has-post-thumbnail","6":"product_cat-sachbuecher-dokumentationen","7":"pa_autor-gensthaler","8":"pa_erscheinungsjahr-21574","9":"pa_region-deutschland","10":"pa_sprache-de","12":"first","13":"onbackorder","14":"taxable","15":"shipping-taxable","16":"purchasable","17":"product-type-simple"},"_links":{"self":[{"href":"https:\/\/pizbube.ch\/en\/wp-json\/wp\/v2\/product\/154448","targetHints":{"allow":["GET"]}}],"collection":[{"href":"https:\/\/pizbube.ch\/en\/wp-json\/wp\/v2\/product"}],"about":[{"href":"https:\/\/pizbube.ch\/en\/wp-json\/wp\/v2\/types\/product"}],"wp:featuredmedia":[{"embeddable":true,"href":"https:\/\/pizbube.ch\/en\/wp-json\/wp\/v2\/media\/40257"}],"wp:attachment":[{"href":"https:\/\/pizbube.ch\/en\/wp-json\/wp\/v2\/media?parent=154448"}],"wp:term":[{"taxonomy":"product_brand","embeddable":true,"href":"https:\/\/pizbube.ch\/en\/wp-json\/wp\/v2\/product_brand?post=154448"},{"taxonomy":"product_cat","embeddable":true,"href":"https:\/\/pizbube.ch\/en\/wp-json\/wp\/v2\/product_cat?post=154448"},{"taxonomy":"product_tag","embeddable":true,"href":"https:\/\/pizbube.ch\/en\/wp-json\/wp\/v2\/product_tag?post=154448"}],"curies":[{"name":"wp","href":"https:\/\/api.w.org\/{rel}","templated":true}]}}