{"id":154450,"date":"2021-01-15T14:32:02","date_gmt":"2021-01-15T14:32:02","guid":{"rendered":"https:\/\/codengine3.ch\/?product=import-placeholder-for-205653"},"modified":"2022-12-03T09:04:32","modified_gmt":"2022-12-03T08:04:32","slug":"tasmanien-die-schoensten-wanderungen-und-trekkingrouten","status":"publish","type":"product","link":"https:\/\/pizbube.ch\/en\/shop\/tasmanien-die-schoensten-wanderungen-und-trekkingrouten\/","title":{"rendered":"Tasmanien &#8211; Die sch\u00f6nsten Wanderungen und Trekkingrouten"},"content":{"rendered":"<p><span class=\"value\">Tasmanien, der kleinste Bundesstaat Australiens, begeistert mit unber\u00fchrter Natur, exotischen Pflanzen und unbekannten Tieren \u2013 f\u00fcr Outdoor- und Trekkingfans ein wahres Paradies. Der Rother Wanderf\u00fchrer \u00bbTasmanien\u00ab stellt die 60 sch\u00f6nsten Wanderungen und Trekkingrouten auf der gr\u00fcnen Insel vor. Die Auswahl reicht von kurzen Entdecker-Spazierg\u00e4ngen bis zu mehrt\u00e4gigen Trekkingabenteuern in einsamer Wildnis.<\/span><\/p>\n<p>Tasmanien ist selbst bei vielen Australiern das beliebteste Wanderziel ihres riesigen Landes \u2013 nicht verwunderlich angesichts der \u00fcberbordenden Natur: Regenw\u00e4lder, deren \u00e4lteste B\u00e4ume \u00fcber 2000 Jahre alt sind, w\u00fcrzig duftende Eukalyptusw\u00e4lder mit bis zu fast 100 Meter hohen Baumgiganten und schroffe Gebirge mit tiefen Schluchten begeistern wohl jeden Wanderer. Und auch die K\u00fcste steht landschaftlich in nichts zur\u00fcck \u2013 romantische Badebuchten wechseln sich mit Sandstr\u00e4nden, stillen Lagunen und steilen Klippen ab.<\/p>\n<p>Die Touren in diesem Wanderf\u00fchrer werden mit allen wichtigen Informationen vorgestellt: Detaillierte Wegbeschreibungen, Kartenausschnitte mit eingezeichnetem Routenverlauf und aussagekr\u00e4ftige H\u00f6henprofile liefern alle wesentlichen Informationen. Au\u00dferdem stehen f\u00fcr jede Tour GPS-Daten zum Download bereit. Das Land, die Natur und die Wandergebiete werden im Einleitungsteil ausf\u00fchrlich beschrieben. Viele Tipps zur Ausr\u00fcstung und zu den Besonderheiten des Wanderns im tasmanischen Busch machen das Buch zu einem unverzichtbaren Begleiter auf den Wanderungen durch \u00bbUnder Down Under\u00ab.<\/p>\n<p>240 Seiten;<br \/>\n3., aktualisierte Auflage 2023<br \/>\n60 H\u00f6henprofile, 60 Wanderk\u00e4rtchen im Ma\u00dfstab 1:50.000 bis 1:200.000, eine \u00dcbersichtskarte<\/p>","protected":false},"excerpt":{"rendered":"<p>Tasmanien, der kleinste Bundesstaat Australiens, begeistert mit unber\u00fchrter Natur, exotischen Pflanzen und unbekannten Tieren \u2013 f\u00fcr Outdoor- und Trekkingfans ein wahres Paradies. Der Rother Wanderf\u00fchrer \u00bbTasmanien\u00ab stellt die 60 sch\u00f6nsten Wanderungen und Trekkingrouten auf der gr\u00fcnen Insel vor. Die Auswahl reicht von kurzen Entdecker-Spazierg\u00e4ngen bis zu mehrt\u00e4gigen Trekkingabenteuern in einsamer Wildnis. Tasmanien ist selbst bei [&#8230;]\n","protected":false},"featured_media":164835,"template":"","meta":[],"product_brand":[],"product_cat":[21605],"product_tag":[],"class_list":{"0":"post-154450","1":"product","2":"type-product","3":"status-publish","4":"has-post-thumbnail","6":"product_cat-wanderfuehrer-trekking","7":"pa_autor-brueggemann","8":"pa_erscheinungsjahr-27129","9":"pa_region-australien","10":"pa_sprache-de","12":"first","13":"instock","14":"taxable","15":"shipping-taxable","16":"purchasable","17":"product-type-simple"},"_links":{"self":[{"href":"https:\/\/pizbube.ch\/en\/wp-json\/wp\/v2\/product\/154450","targetHints":{"allow":["GET"]}}],"collection":[{"href":"https:\/\/pizbube.ch\/en\/wp-json\/wp\/v2\/product"}],"about":[{"href":"https:\/\/pizbube.ch\/en\/wp-json\/wp\/v2\/types\/product"}],"wp:featuredmedia":[{"embeddable":true,"href":"https:\/\/pizbube.ch\/en\/wp-json\/wp\/v2\/media\/164835"}],"wp:attachment":[{"href":"https:\/\/pizbube.ch\/en\/wp-json\/wp\/v2\/media?parent=154450"}],"wp:term":[{"taxonomy":"product_brand","embeddable":true,"href":"https:\/\/pizbube.ch\/en\/wp-json\/wp\/v2\/product_brand?post=154450"},{"taxonomy":"product_cat","embeddable":true,"href":"https:\/\/pizbube.ch\/en\/wp-json\/wp\/v2\/product_cat?post=154450"},{"taxonomy":"product_tag","embeddable":true,"href":"https:\/\/pizbube.ch\/en\/wp-json\/wp\/v2\/product_tag?post=154450"}],"curies":[{"name":"wp","href":"https:\/\/api.w.org\/{rel}","templated":true}]}}