{"id":154451,"date":"2021-01-15T14:32:02","date_gmt":"2021-01-15T14:32:02","guid":{"rendered":"https:\/\/codengine3.ch\/?product=import-placeholder-for-206601"},"modified":"2024-02-20T09:15:46","modified_gmt":"2024-02-20T08:15:46","slug":"australien-die-schoensten-wanderungen-und-trekkingrouten","status":"publish","type":"product","link":"https:\/\/pizbube.ch\/en\/shop\/australien-die-schoensten-wanderungen-und-trekkingrouten\/","title":{"rendered":"Australien &#8211; Die sch\u00f6nsten Wanderungen und Trekkingrouten"},"content":{"rendered":"<p>70 Touren<\/p>\n<p>Einst Terra australis incognita \u2013 die unbekannte s\u00fcdliche Landmasse \u2013ist<br \/>\nAustralien heute bekannt als der rote Kontinent, ein Land mit menschenleerer<br \/>\nWeite, endlosem Sonnenschein, goldenen Bilderbuchstr\u00e4nden und urt\u00fcmlichen<br \/>\nW\u00e4ldern, eine Arche Noah mit wundersamen Tieren und Pflanzen, einer<br \/>\nzehntausende Jahre w\u00e4hrenden Traumzeit der Aborignies, Gesteinen aus den<br \/>\nAnf\u00e4ngen unseres Planeten, Rohstoffkammer der Erde, Weltmetropolen wie Sydney<br \/>\nund Melbourne und seit Generationen ein Traumziel f\u00fcr Urlauber wie<br \/>\nAuswanderer.<br \/>\nAll dies ist Australien und doch viel mehr \u2013 ein Land, wo unber\u00fchrte Wildnis<br \/>\nim Kontrast zur modernen Zivilisation und all ihren Ver\u00e4nderungen f\u00fcr den<br \/>\nKontinent steht, Abenteuergeist noch etwas reales ist und l\u00e4hmende Hitze oder<br \/>\nz\u00fcgellose Waldbr\u00e4nde, aber auch furiose Wirbelst\u00fcrme und sintflutartige<br \/>\nRegenf\u00e4lle eine best\u00e4ndige Herausforderung sind. Eine junge Nation mit einer<br \/>\nGeschichte aus Licht und Schatten, uralten Wurzeln und jungen Trieben, mit<br \/>\nMenschen die stolz sind Australier zu sein. Ein Land in das sich Reisende<br \/>\nverlieben und mit mehreren hundert Nationalparks ein Paradies f\u00fcr<br \/>\nNaturliebhaber ist.<br \/>\nWanderer finden eine enorme Auswahl: von der harschen W\u00fcstenexpedition zur<br \/>\nfeuchten Regenwaldtour, \u00fcber testende Gipfelbesteigungen zu Exkursionen in<br \/>\neinsame Flusst\u00e4ler und tiefe Schluchten, Erkundungen entlang grandioser<br \/>\nMeeresklippen und idyllischer Str\u00e4nde, Begegnungen mit eindrucksvollen<br \/>\nZeugnissen der Aboriginalkultur, Ausfl\u00fcgen zum Fu\u00df gewaltiger Baumriesen, in<br \/>\nverborgene H\u00f6hlen, an romantische Seen oder zu den zahllosen Wasserf\u00e4llen des<br \/>\nLandes.<\/p>\n<p>Wer Australien zu Fu\u00df entdeckt, wird schnell merken: 3 Wochen sind viel zu<br \/>\nkurz, 3 Monate wenig Zeit und nach 3 Jahren gibt es immer noch viele ungeahnte<br \/>\nVerlockungen.<br \/>\nDer Autor gibt seine mehrj\u00e4hrigen Wandererfahrungen in diesem F\u00fchrer weiter<br \/>\nund hilft die begrenzte Reisezeit auf 70 besonders lohnenswerte Touren zu<br \/>\nkonzentrieren, welche vollgepackt mit zauberhaften wie einzigartigen<br \/>\nNaturattraktionen einen umfassenden Einblick in die landschaftliche Vielfalt<br \/>\ndes Landes pr\u00e4sentieren.<br \/>\nUnterst\u00fctzung f\u00fcr die Reisevorbereitung gibt der umfassende Einf\u00fchrungsteil,<br \/>\nw\u00e4hrend die Wanderungen durch zuverl\u00e4ssige Beschreibungen, aussagekr\u00e4ftige<br \/>\nH\u00f6henprofile un Karten sowie Appetit machende Fotos erg\u00e4nzt werden.<\/p>\n<p>1. Auflage 2011; 320 Seiten mit 100 Farbabbildungen<br \/>\n70 H\u00f6henprofile, 81 Wanderk\u00e4rtchen im Ma\u00dfstab 1:25.000 \/ 1:50.000 \/ 1:75.000 \/<br \/>\n1:100.000 \/ 1:200.000, GPS-Wegpunkte zu ca. 40 Touren, zwei \u00dcbersichtskarten<br \/>\nim Ma\u00dfstab 1:20 Mio. bzw. 1:30 Mio<\/p>","protected":false},"excerpt":{"rendered":"<p>70 Touren Einst Terra australis incognita \u2013 die unbekannte s\u00fcdliche Landmasse \u2013ist Australien heute bekannt als der rote Kontinent, ein Land mit menschenleerer Weite, endlosem Sonnenschein, goldenen Bilderbuchstr\u00e4nden und urt\u00fcmlichen W\u00e4ldern, eine Arche Noah mit wundersamen Tieren und Pflanzen, einer zehntausende Jahre w\u00e4hrenden Traumzeit der Aborignies, Gesteinen aus den Anf\u00e4ngen unseres Planeten, Rohstoffkammer der Erde, [&#8230;]\n","protected":false},"featured_media":35689,"template":"","meta":[],"product_brand":[],"product_cat":[21605],"product_tag":[],"class_list":{"0":"post-154451","1":"product","2":"type-product","3":"status-publish","4":"has-post-thumbnail","6":"product_cat-wanderfuehrer-trekking","7":"pa_autor-brueggemann","8":"pa_erscheinungsjahr-21610","9":"pa_region-australien","10":"pa_sprache-de","12":"first","13":"outofstock","14":"taxable","15":"shipping-taxable","16":"purchasable","17":"product-type-simple"},"_links":{"self":[{"href":"https:\/\/pizbube.ch\/en\/wp-json\/wp\/v2\/product\/154451","targetHints":{"allow":["GET"]}}],"collection":[{"href":"https:\/\/pizbube.ch\/en\/wp-json\/wp\/v2\/product"}],"about":[{"href":"https:\/\/pizbube.ch\/en\/wp-json\/wp\/v2\/types\/product"}],"wp:featuredmedia":[{"embeddable":true,"href":"https:\/\/pizbube.ch\/en\/wp-json\/wp\/v2\/media\/35689"}],"wp:attachment":[{"href":"https:\/\/pizbube.ch\/en\/wp-json\/wp\/v2\/media?parent=154451"}],"wp:term":[{"taxonomy":"product_brand","embeddable":true,"href":"https:\/\/pizbube.ch\/en\/wp-json\/wp\/v2\/product_brand?post=154451"},{"taxonomy":"product_cat","embeddable":true,"href":"https:\/\/pizbube.ch\/en\/wp-json\/wp\/v2\/product_cat?post=154451"},{"taxonomy":"product_tag","embeddable":true,"href":"https:\/\/pizbube.ch\/en\/wp-json\/wp\/v2\/product_tag?post=154451"}],"curies":[{"name":"wp","href":"https:\/\/api.w.org\/{rel}","templated":true}]}}