{"id":154453,"date":"2021-01-15T14:32:08","date_gmt":"2021-01-15T14:32:08","guid":{"rendered":"https:\/\/codengine3.ch\/?product=import-placeholder-for-205432"},"modified":"2023-10-27T15:04:17","modified_gmt":"2023-10-27T13:04:17","slug":"alto-vicentino","status":"publish","type":"product","link":"https:\/\/pizbube.ch\/en\/shop\/alto-vicentino\/","title":{"rendered":"Alto Vicentino"},"content":{"rendered":"<p>Falesie scelte tra la Valle dell&#8217;Agno e il Brenta<br \/>\nSelected crags between the Agno valley and the Brenta<\/p>\n<p>Il Covolo, con i suoi strapiombi entrati a buon diritto nella storia<br \/>\ndell&#8217;arrampicata moderna, \u00e8 stato il punto di partenza per la stesura di<br \/>\nquesta guida, per\u00f2 gli autori volevano dare spazio anche a falesie pi\u00f9 piccole<br \/>\ne meno conosciute, non per questo di minor soddisfazione: falesie storiche<br \/>\ncome Castelvecchio, frequentata da generazioni di arrampicatori valdagnesi;<br \/>\nfalesie recenti come &#8218;Montagna Viva&#8216; nelle Piccole Dolomiti; la palestra dei<br \/>\n4Gati a Tonezza o Foza che coniugano tiri di alto livello a itinerari medio<br \/>\nfacili in un ambiente incantevole.<\/p>\n<p>Oltre alla falesia del Covolo, la pi\u00f9 importante della zona vengono descritte<br \/>\nle falesie di tutto l&#8217;alto vicentino. Falesie storiche come Castelvecchio o<br \/>\nrecenti come Montagna Viva nelle Piccole Dolomiti. Itinerari di tutte le<br \/>\ndifficolt\u00e0 dalle vie impegnative a quelle adatte ai principianti.<\/p>","protected":false},"excerpt":{"rendered":"<p>Falesie scelte tra la Valle dell&#8217;Agno e il Brenta Selected crags between the Agno valley and the Brenta Il Covolo, con i suoi strapiombi entrati a buon diritto nella storia dell&#8217;arrampicata moderna, \u00e8 stato il punto di partenza per la stesura di questa guida, per\u00f2 gli autori volevano dare spazio anche a falesie pi\u00f9 piccole [&#8230;]\n","protected":false},"featured_media":34139,"template":"","meta":[],"product_brand":[],"product_cat":[21539],"product_tag":[],"class_list":{"0":"post-154453","1":"product","2":"type-product","3":"status-publish","4":"has-post-thumbnail","6":"product_cat-fuehrerliteratur-sportklettern-bouldern","7":"pa_autor-leonardi-savio-simionato","8":"pa_erscheinungsjahr-21591","9":"pa_region-italien","10":"pa_sprache-e","11":"pa_sprache-i","13":"first","14":"outofstock","15":"taxable","16":"shipping-taxable","17":"purchasable","18":"product-type-simple"},"_links":{"self":[{"href":"https:\/\/pizbube.ch\/en\/wp-json\/wp\/v2\/product\/154453","targetHints":{"allow":["GET"]}}],"collection":[{"href":"https:\/\/pizbube.ch\/en\/wp-json\/wp\/v2\/product"}],"about":[{"href":"https:\/\/pizbube.ch\/en\/wp-json\/wp\/v2\/types\/product"}],"wp:featuredmedia":[{"embeddable":true,"href":"https:\/\/pizbube.ch\/en\/wp-json\/wp\/v2\/media\/34139"}],"wp:attachment":[{"href":"https:\/\/pizbube.ch\/en\/wp-json\/wp\/v2\/media?parent=154453"}],"wp:term":[{"taxonomy":"product_brand","embeddable":true,"href":"https:\/\/pizbube.ch\/en\/wp-json\/wp\/v2\/product_brand?post=154453"},{"taxonomy":"product_cat","embeddable":true,"href":"https:\/\/pizbube.ch\/en\/wp-json\/wp\/v2\/product_cat?post=154453"},{"taxonomy":"product_tag","embeddable":true,"href":"https:\/\/pizbube.ch\/en\/wp-json\/wp\/v2\/product_tag?post=154453"}],"curies":[{"name":"wp","href":"https:\/\/api.w.org\/{rel}","templated":true}]}}