{"id":154454,"date":"2021-01-15T14:32:09","date_gmt":"2021-01-15T14:32:09","guid":{"rendered":"https:\/\/codengine3.ch\/?product=import-placeholder-for-205645"},"modified":"2021-01-15T14:42:51","modified_gmt":"2021-01-15T14:42:51","slug":"les-pyrenees-en-raquettes","status":"publish","type":"product","link":"https:\/\/pizbube.ch\/en\/shop\/les-pyrenees-en-raquettes\/","title":{"rendered":"Les Pyr\u00e9n\u00e9es en raquettes"},"content":{"rendered":"<p>Laurent Lafforgue nous entra\u00eene avec ce nouveau livre, \u00e0 la d\u00e9couverte des<br \/>\nPyr\u00e9n\u00e9es raquettes aux pieds. Amoureux des grands espaces et fid\u00e8le \u00e0 ses<br \/>\nhabitudes d&#8217;explorateur, il a s\u00e9lectionn\u00e9 25 randonn\u00e9es originales et vari\u00e9es<br \/>\nqui se d\u00e9roulent le plus souvent dans des vall\u00e9es sauvages et oubli\u00e9es, loin<br \/>\ndes sentiers battus.  <\/p>\n<p>Dans cet ouvrage, l&#8217;auteur nous invite \u00e0 partager, raquettes aux pieds,<br \/>\nquelques randonn\u00e9es pyr\u00e9n\u00e9ennes originales et insolites: de la demi-journ\u00e9e au<br \/>\ncircuit de plusieursjours, chacun y trouvera un large choix d&#8217;itin\u00e9raires.<br \/>\nPrivil\u00e9giant la beaut\u00e9 \u00e0 la difficult\u00e9 et soucieux de rester \u00e0 un niveau<br \/>\nabordable pour le plus grand nombre, l&#8217;auteur propose ainsi un large choix<br \/>\nd&#8217;itin\u00e9raires o\u00f9 chacun trouvera mati\u00e8re \u00e0 r\u00eaver et de quoi concevoir de<br \/>\nnombreux week-ends d&#8217;\u00e9vasion. Ari\u00e8ge et Val d&#8217;Aran ont la part belle mais on<br \/>\ntrouve aussi quelques perles en vall\u00e9e d&#8217;Aspe, Bigorre, Barousse, N\u00e9ouvielle<br \/>\net Capcir.<br \/>\nAgr\u00e9ment\u00e9 de somptueuses photos, de r\u00e9cits authentiques et de topos pratiques,<br \/>\nce livre s&#8217;adresse donc non seulement aux amateurs de randonn\u00e9e hivernale mais<br \/>\n\u00e9galement \u00e0 tous les montagnards amoureux des Pyr\u00e9n\u00e9es.  <\/p>","protected":false},"excerpt":{"rendered":"<p>Laurent Lafforgue nous entra\u00eene avec ce nouveau livre, \u00e0 la d\u00e9couverte des Pyr\u00e9n\u00e9es raquettes aux pieds. Amoureux des grands espaces et fid\u00e8le \u00e0 ses habitudes d&#8217;explorateur, il a s\u00e9lectionn\u00e9 25 randonn\u00e9es originales et vari\u00e9es qui se d\u00e9roulent le plus souvent dans des vall\u00e9es sauvages et oubli\u00e9es, loin des sentiers battus. Dans cet ouvrage, l&#8217;auteur nous [&#8230;]\n","protected":false},"featured_media":34430,"template":"","meta":[],"product_brand":[],"product_cat":[21540],"product_tag":[],"class_list":{"0":"post-154454","1":"product","2":"type-product","3":"status-publish","4":"has-post-thumbnail","6":"product_cat-fuehrerliteratur-alpin-winter","7":"pa_autor-lafforgue","8":"pa_erscheinungsjahr-21591","9":"pa_region-frankreich","10":"pa_sprache-fr","12":"first","13":"instock","14":"taxable","15":"shipping-taxable","16":"purchasable","17":"product-type-simple"},"_links":{"self":[{"href":"https:\/\/pizbube.ch\/en\/wp-json\/wp\/v2\/product\/154454","targetHints":{"allow":["GET"]}}],"collection":[{"href":"https:\/\/pizbube.ch\/en\/wp-json\/wp\/v2\/product"}],"about":[{"href":"https:\/\/pizbube.ch\/en\/wp-json\/wp\/v2\/types\/product"}],"wp:featuredmedia":[{"embeddable":true,"href":"https:\/\/pizbube.ch\/en\/wp-json\/wp\/v2\/media\/34430"}],"wp:attachment":[{"href":"https:\/\/pizbube.ch\/en\/wp-json\/wp\/v2\/media?parent=154454"}],"wp:term":[{"taxonomy":"product_brand","embeddable":true,"href":"https:\/\/pizbube.ch\/en\/wp-json\/wp\/v2\/product_brand?post=154454"},{"taxonomy":"product_cat","embeddable":true,"href":"https:\/\/pizbube.ch\/en\/wp-json\/wp\/v2\/product_cat?post=154454"},{"taxonomy":"product_tag","embeddable":true,"href":"https:\/\/pizbube.ch\/en\/wp-json\/wp\/v2\/product_tag?post=154454"}],"curies":[{"name":"wp","href":"https:\/\/api.w.org\/{rel}","templated":true}]}}