{"id":154457,"date":"2021-01-15T14:32:17","date_gmt":"2021-01-15T14:32:17","guid":{"rendered":"https:\/\/codengine3.ch\/?product=import-placeholder-for-207963"},"modified":"2021-07-29T17:55:07","modified_gmt":"2021-07-29T15:55:07","slug":"alpinisme-la-saga-des-inventions","status":"publish","type":"product","link":"https:\/\/pizbube.ch\/en\/shop\/alpinisme-la-saga-des-inventions\/","title":{"rendered":"Alpinisme, la Saga des Inventions"},"content":{"rendered":"<p>L\u2019histoire de l\u2019alpinisme est indissociable de celle des outils et des<br \/>\ntechniques qui jalonnent la conqu\u00eate de l\u2019altitude, de la petite astuce<br \/>\nimprovis\u00e9e jusqu\u2019\u00e0 l\u2019instrument le plus ergonomique, le mieux profil\u00e9, le plus<br \/>\nsophistiqu\u00e9.<\/p>\n<p>De quelle arme se servait Saussure \u00e0 l\u2019\u00e9poque de l\u2019ascension du mont Blanc<br \/>\n(1787), de quels b\u00e2tons de montagne ? Depuis quand s\u2019encorde-t-on sur les<br \/>\nglaciers, sur le rocher ? \u00c0 quoi ressemblaient les premiers crampons ? Qui a<br \/>\ninvent\u00e9 le rappel, cette technique de descente incomparable ? Quels moyens ont<br \/>\n\u00e9t\u00e9 imagin\u00e9s pour le bivouac ? Que signifie la querelle du piton ?<\/p>\n<p>Dans ce livre d\u2019\u00e9rudition et d\u2019exp\u00e9rience, l\u2019histoire de l\u2019alpinisme se<br \/>\nd\u00e9roule comme une saga. Imagin\u00e9 par des inventeurs rus\u00e9s comme Ulysse, le<br \/>\nmat\u00e9riel ne cesse d\u2019\u00e9voluer.<\/p>\n<p>Inventer pour franchir, inventer pour revenir, inventer pour \u00e9largir encore et<br \/>\ntoujours le champ du possible, sur les parois de neige, roc et glace.<\/p>\n<p>Ce r\u00e9cit, par sa tendre profondeur, touche la sensibilit\u00e9 de chacun, tant les<br \/>\ngrimpeurs que les admirateurs de l\u2019Alpe, ou simples curieux : \u00abCes<br \/>\naventuriers, comment faisaient-ils ? Comment font-ils aujourd\u2019hui ? \u00bb<\/p>","protected":false},"excerpt":{"rendered":"<p>L\u2019histoire de l\u2019alpinisme est indissociable de celle des outils et des techniques qui jalonnent la conqu\u00eate de l\u2019altitude, de la petite astuce improvis\u00e9e jusqu\u2019\u00e0 l\u2019instrument le plus ergonomique, le mieux profil\u00e9, le plus sophistiqu\u00e9. De quelle arme se servait Saussure \u00e0 l\u2019\u00e9poque de l\u2019ascension du mont Blanc (1787), de quels b\u00e2tons de montagne ? Depuis [&#8230;]\n","protected":false},"featured_media":158201,"template":"","meta":[],"product_brand":[],"product_cat":[21542],"product_tag":[],"class_list":{"0":"post-154457","1":"product","2":"type-product","3":"status-publish","4":"has-post-thumbnail","6":"product_cat-sachbuecher-dokumentationen","7":"pa_autor-modica","8":"pa_erscheinungsjahr-21571","9":"pa_region-frankreich","10":"pa_sprache-fr","12":"first","13":"onbackorder","14":"taxable","15":"shipping-taxable","16":"purchasable","17":"product-type-simple"},"_links":{"self":[{"href":"https:\/\/pizbube.ch\/en\/wp-json\/wp\/v2\/product\/154457","targetHints":{"allow":["GET"]}}],"collection":[{"href":"https:\/\/pizbube.ch\/en\/wp-json\/wp\/v2\/product"}],"about":[{"href":"https:\/\/pizbube.ch\/en\/wp-json\/wp\/v2\/types\/product"}],"wp:featuredmedia":[{"embeddable":true,"href":"https:\/\/pizbube.ch\/en\/wp-json\/wp\/v2\/media\/158201"}],"wp:attachment":[{"href":"https:\/\/pizbube.ch\/en\/wp-json\/wp\/v2\/media?parent=154457"}],"wp:term":[{"taxonomy":"product_brand","embeddable":true,"href":"https:\/\/pizbube.ch\/en\/wp-json\/wp\/v2\/product_brand?post=154457"},{"taxonomy":"product_cat","embeddable":true,"href":"https:\/\/pizbube.ch\/en\/wp-json\/wp\/v2\/product_cat?post=154457"},{"taxonomy":"product_tag","embeddable":true,"href":"https:\/\/pizbube.ch\/en\/wp-json\/wp\/v2\/product_tag?post=154457"}],"curies":[{"name":"wp","href":"https:\/\/api.w.org\/{rel}","templated":true}]}}