{"id":154463,"date":"2021-01-15T14:32:28","date_gmt":"2021-01-15T14:32:28","guid":{"rendered":"https:\/\/codengine3.ch\/?product=import-placeholder-for-204897"},"modified":"2026-02-13T09:19:10","modified_gmt":"2026-02-13T08:19:10","slug":"parc-ela-150000","status":"publish","type":"product","link":"https:\/\/pizbube.ch\/en\/shop\/parc-ela-150000\/","title":{"rendered":"Parc Ela 1:50&#8217;000"},"content":{"rendered":"<p class=\"element-text-standard-strong untertitel\">Der gr\u00f6sste Naturpark der Schweiz<\/p>\n<p><span class=\"value\">Wanderkarte Parc Ela:<br \/>\nUnterwegs auf \u00fcber 1000 Kilometer Wanderwegen durch den Naturpark. Urspr\u00fcngliche Natur und gelebte Kultur im Herzen Graub\u00fcndens erleben.Auf der R\u00fcckseite eine Vielzahl Informationen \u00fcber den Parc Ela: Mehrtagestouren und Themenwege, Kultur, Landschaften und Lebensr\u00e4ume, Artenvielfalt.<\/span><\/p>\n<p><span class=\"value\">Legende: Deutsch<\/span><\/p>\n<p>&nbsp;<\/p>","protected":false},"excerpt":{"rendered":"<p>Der gr\u00f6sste Naturpark der Schweiz Wanderkarte Parc Ela: Unterwegs auf \u00fcber 1000 Kilometer Wanderwegen durch den Naturpark. Urspr\u00fcngliche Natur und gelebte Kultur im Herzen Graub\u00fcndens erleben.Auf der R\u00fcckseite eine Vielzahl Informationen \u00fcber den Parc Ela: Mehrtagestouren und Themenwege, Kultur, Landschaften und Lebensr\u00e4ume, Artenvielfalt. Legende: Deutsch &nbsp;<\/p>","protected":false},"featured_media":182978,"template":"","meta":[],"product_brand":[],"product_cat":[21543],"product_tag":[],"class_list":{"0":"post-154463","1":"product","2":"type-product","3":"status-publish","4":"has-post-thumbnail","6":"product_cat-landkarten","7":"pa_autor-edition-mpa","8":"pa_erscheinungsjahr-27415","9":"pa_region-schweiz","10":"pa_sprache-de","12":"first","13":"instock","14":"taxable","15":"shipping-taxable","16":"purchasable","17":"product-type-simple"},"_links":{"self":[{"href":"https:\/\/pizbube.ch\/en\/wp-json\/wp\/v2\/product\/154463","targetHints":{"allow":["GET"]}}],"collection":[{"href":"https:\/\/pizbube.ch\/en\/wp-json\/wp\/v2\/product"}],"about":[{"href":"https:\/\/pizbube.ch\/en\/wp-json\/wp\/v2\/types\/product"}],"wp:featuredmedia":[{"embeddable":true,"href":"https:\/\/pizbube.ch\/en\/wp-json\/wp\/v2\/media\/182978"}],"wp:attachment":[{"href":"https:\/\/pizbube.ch\/en\/wp-json\/wp\/v2\/media?parent=154463"}],"wp:term":[{"taxonomy":"product_brand","embeddable":true,"href":"https:\/\/pizbube.ch\/en\/wp-json\/wp\/v2\/product_brand?post=154463"},{"taxonomy":"product_cat","embeddable":true,"href":"https:\/\/pizbube.ch\/en\/wp-json\/wp\/v2\/product_cat?post=154463"},{"taxonomy":"product_tag","embeddable":true,"href":"https:\/\/pizbube.ch\/en\/wp-json\/wp\/v2\/product_tag?post=154463"}],"curies":[{"name":"wp","href":"https:\/\/api.w.org\/{rel}","templated":true}]}}