{"id":154465,"date":"2021-01-15T14:32:38","date_gmt":"2021-01-15T14:32:38","guid":{"rendered":"https:\/\/codengine3.ch\/?product=import-placeholder-for-207841"},"modified":"2021-01-15T16:59:12","modified_gmt":"2021-01-15T16:59:12","slug":"lalpe-81-plein-sud-des-ecrins-a-la-mediterranee","status":"publish","type":"product","link":"https:\/\/pizbube.ch\/en\/shop\/lalpe-81-plein-sud-des-ecrins-a-la-mediterranee\/","title":{"rendered":"L&#8217;Alpe 81 &#8211; Plein sud. Des \u00c9crins \u00e0 la M\u00e9diterran\u00e9e"},"content":{"rendered":"<p>\nCe num\u00e9ro sp\u00e9cial de la revue L\u2019Alpe est enti\u00e8rement d\u00e9di\u00e9 \u00e0 un territoire<br \/>\nriche de sa diversit\u00e9 culturelle et g\u00e9ographique, mais qui se sent souvent<br \/>\nignor\u00e9 des m\u00e9dias. \u00c0 l\u2019extr\u00eame sud-est de l\u2019Hexagone, les trois d\u00e9partements<br \/>\ndes Alpes-de-Haute-Provence, des Hautes-Alpes et des Alpes-Maritimes voient<br \/>\nleurs montagnes d\u00e9valer depuis les grands sommets de plus de 3000 m\u00e8tres<br \/>\nd\u2019altitude jusqu\u2019aux rivages maritimes.  <\/p>\n<p>Comment la montagne a-t-elle marqu\u00e9 l\u2019identit\u00e9 des hommes et des femmes des<br \/>\nAlpes du Sud ? \u00c0 quel point ces Alpes-carrefour, terres de passages et de<br \/>\nmigrations, sont-elles tourn\u00e9es vers la mer ? Comment les habitants ont-ils su<br \/>\nse forger une identit\u00e9 ? M\u00e9ridionalit\u00e9 ? Alpinit\u00e9 ? M\u00e9diterran\u00e9it\u00e9 ?<br \/>\nD\u2019ailleurs, existe-t-il une et une seule identit\u00e9 propre aux Alpes du sud ?<br \/>\nProbablement si l\u2019on raisonne en termes d\u2019opposition frontale aux Alpes du<br \/>\nnord, aux verts p\u00e2turages dauphinois arros\u00e9s ou aux stations de sports d\u2019hiver<br \/>\nsavoyardes. Mais pour le reste ? Quoi de commun entre petits hameaux du<br \/>\nBrian\u00e7onnais au nord et villages perch\u00e9s au-dessus de la mer ? Alors, une<br \/>\nhistoire commune aux Alpes du Sud ? Pas m\u00eame. Le comt\u00e9 de Nice, qui regroupe<br \/>\nla majeure partie des Alpes-Maritimes n\u2019est fran\u00e7ais que depuis 150 ans (et<br \/>\nm\u00eame moins pour quelques vall\u00e9es recul\u00e9es !).<br \/>\nC\u2019est ce kal\u00e9idoscope de savoir-faire, de traditions et de cultures qu\u2019explore<br \/>\nce num\u00e9ro de L\u2019Alpe en tentant non de lui plaquer une identit\u00e9 forc\u00e9ment<br \/>\nr\u00e9ductrice mais bien de d\u00e9voiler les quelques grands traits communs et surtout<br \/>\nles infinies petites variations qui rendent ce territoire si attachant.  <\/p>\n<p>\u00c9galement au sommaire de ce num\u00e9ro :<br \/>\n\u2022 Clarence Bicknell, un \u00e9rudit anglais d\u00e9couvreur des gravures<br \/>\nprotohistoriques de la vall\u00e9e des Merveilles<br \/>\n\u2022 Le Queyras, comme arch\u00e9type de l\u2019alpe<br \/>\n\u2022 Les Alpes de Giono<br \/>\n\u2022 Portfolio : les gueules d\u2019alpages du photographe Patrick Domeyne<br \/>\n\u2022 Le d\u00e9veloppement du tourisme et les (nombreuses !) routes patrimoniales<br \/>\n\u2022 Le poids des parcs naturels<br \/>\n\u2022 La grande tabl\u00e9e des produits du terroir<br \/>\n\u2022 Et nos pages pratiques pour partir \u00e0 la d\u00e9couverte des jardins secrets des<br \/>\nAlpes du Sud.  <\/p>","protected":false},"excerpt":{"rendered":"<p>Ce num\u00e9ro sp\u00e9cial de la revue L\u2019Alpe est enti\u00e8rement d\u00e9di\u00e9 \u00e0 un territoire riche de sa diversit\u00e9 culturelle et g\u00e9ographique, mais qui se sent souvent ignor\u00e9 des m\u00e9dias. \u00c0 l\u2019extr\u00eame sud-est de l\u2019Hexagone, les trois d\u00e9partements des Alpes-de-Haute-Provence, des Hautes-Alpes et des Alpes-Maritimes voient leurs montagnes d\u00e9valer depuis les grands sommets de plus de 3000 [&#8230;]\n","protected":false},"featured_media":38593,"template":"","meta":[],"product_brand":[],"product_cat":[21541],"product_tag":[],"class_list":{"0":"post-154465","1":"product","2":"type-product","3":"status-publish","4":"has-post-thumbnail","6":"product_cat-zeitschriften","7":"pa_autor-glenat","8":"pa_erscheinungsjahr-21586","9":"pa_region-frankreich","10":"pa_sprache-fr","12":"first","13":"instock","14":"taxable","15":"shipping-taxable","16":"purchasable","17":"product-type-simple"},"_links":{"self":[{"href":"https:\/\/pizbube.ch\/en\/wp-json\/wp\/v2\/product\/154465","targetHints":{"allow":["GET"]}}],"collection":[{"href":"https:\/\/pizbube.ch\/en\/wp-json\/wp\/v2\/product"}],"about":[{"href":"https:\/\/pizbube.ch\/en\/wp-json\/wp\/v2\/types\/product"}],"wp:featuredmedia":[{"embeddable":true,"href":"https:\/\/pizbube.ch\/en\/wp-json\/wp\/v2\/media\/38593"}],"wp:attachment":[{"href":"https:\/\/pizbube.ch\/en\/wp-json\/wp\/v2\/media?parent=154465"}],"wp:term":[{"taxonomy":"product_brand","embeddable":true,"href":"https:\/\/pizbube.ch\/en\/wp-json\/wp\/v2\/product_brand?post=154465"},{"taxonomy":"product_cat","embeddable":true,"href":"https:\/\/pizbube.ch\/en\/wp-json\/wp\/v2\/product_cat?post=154465"},{"taxonomy":"product_tag","embeddable":true,"href":"https:\/\/pizbube.ch\/en\/wp-json\/wp\/v2\/product_tag?post=154465"}],"curies":[{"name":"wp","href":"https:\/\/api.w.org\/{rel}","templated":true}]}}