{"id":154473,"date":"2021-01-15T14:32:56","date_gmt":"2021-01-15T14:32:56","guid":{"rendered":"https:\/\/codengine3.ch\/?product=import-placeholder-for-206078"},"modified":"2021-01-15T14:46:09","modified_gmt":"2021-01-15T14:46:09","slug":"zermatt-30-itinerarios-por-media-y-alta-montana","status":"publish","type":"product","link":"https:\/\/pizbube.ch\/en\/shop\/zermatt-30-itinerarios-por-media-y-alta-montana\/","title":{"rendered":"Zermatt. 30 itinerarios por media y alta monta\u00f1a"},"content":{"rendered":"<p>Esta gu\u00eda est\u00e1 dedicada a todo aquel que quiera descubrir los senderos y las<br \/>\nmonta\u00f1as que rodean Saas Fee, Gr\u00e4chen, St. Niklaus, Randa, T\u00e4sh y Zermatt, sin<br \/>\nla necesidad de realizar grandes escaladas ni peligrosas traves\u00edas. Se<br \/>\ndetallan tambi\u00e9n algunos de los trekkings m\u00e1s asequibles, as\u00ed como alguna<br \/>\nascensi\u00f3n de poca dificultad para iniciados, que esperamos pueda servirte de<br \/>\nentrenamiento para futuras ascensiones de mayor dificultad. Adem\u00e1s de toda la<br \/>\ninformaci\u00f3n necesaria para poder afrontar cada itinerario, tambi\u00e9n encontrar\u00e1s<br \/>\ninteresantes apuntes hist\u00f3ricos y gastron\u00f3micos, y el listado de los<br \/>\nprincipales refugios de la regi\u00f3n. No obstante, para completar la relaci\u00f3n de<br \/>\nitinerarios, detallamos la ascensi\u00f3n al Matterhorn por su v\u00eda normal (la<br \/>\narista H\u00f6rnli), t\u00e9cnica y exigente.  <\/p>","protected":false},"excerpt":{"rendered":"<p>Esta gu\u00eda est\u00e1 dedicada a todo aquel que quiera descubrir los senderos y las monta\u00f1as que rodean Saas Fee, Gr\u00e4chen, St. Niklaus, Randa, T\u00e4sh y Zermatt, sin la necesidad de realizar grandes escaladas ni peligrosas traves\u00edas. Se detallan tambi\u00e9n algunos de los trekkings m\u00e1s asequibles, as\u00ed como alguna ascensi\u00f3n de poca dificultad para iniciados, que [&#8230;]\n","protected":false},"featured_media":34982,"template":"","meta":[],"product_brand":[],"product_cat":[21605],"product_tag":[],"class_list":{"0":"post-154473","1":"product","2":"type-product","3":"status-publish","4":"has-post-thumbnail","6":"product_cat-wanderfuehrer-trekking","7":"pa_autor-riverola-nikitina","8":"pa_erscheinungsjahr-21830","9":"pa_region-schweiz","10":"pa_sprache-sp","12":"first","13":"instock","14":"taxable","15":"shipping-taxable","16":"purchasable","17":"product-type-simple"},"_links":{"self":[{"href":"https:\/\/pizbube.ch\/en\/wp-json\/wp\/v2\/product\/154473","targetHints":{"allow":["GET"]}}],"collection":[{"href":"https:\/\/pizbube.ch\/en\/wp-json\/wp\/v2\/product"}],"about":[{"href":"https:\/\/pizbube.ch\/en\/wp-json\/wp\/v2\/types\/product"}],"wp:featuredmedia":[{"embeddable":true,"href":"https:\/\/pizbube.ch\/en\/wp-json\/wp\/v2\/media\/34982"}],"wp:attachment":[{"href":"https:\/\/pizbube.ch\/en\/wp-json\/wp\/v2\/media?parent=154473"}],"wp:term":[{"taxonomy":"product_brand","embeddable":true,"href":"https:\/\/pizbube.ch\/en\/wp-json\/wp\/v2\/product_brand?post=154473"},{"taxonomy":"product_cat","embeddable":true,"href":"https:\/\/pizbube.ch\/en\/wp-json\/wp\/v2\/product_cat?post=154473"},{"taxonomy":"product_tag","embeddable":true,"href":"https:\/\/pizbube.ch\/en\/wp-json\/wp\/v2\/product_tag?post=154473"}],"curies":[{"name":"wp","href":"https:\/\/api.w.org\/{rel}","templated":true}]}}