{"id":154474,"date":"2021-01-15T14:32:56","date_gmt":"2021-01-15T14:32:56","guid":{"rendered":"https:\/\/codengine3.ch\/?product=import-placeholder-for-205446"},"modified":"2021-01-15T14:41:18","modified_gmt":"2021-01-15T14:41:18","slug":"allenamento-per-arrampicata-e-bouldering","status":"publish","type":"product","link":"https:\/\/pizbube.ch\/en\/shop\/allenamento-per-arrampicata-e-bouldering\/","title":{"rendered":"Allenamento per Arrampicata e Bouldering"},"content":{"rendered":"<p>Un libro che consiglio a tutti, dai principianti agli evoluti. Tanti consigli<br \/>\nutili su come progredire tecnica, tattica e i vari tipi di forza.  <\/p>\n<p>Libro interamente dedicato all&#8217;allenamento per la disciplina dell&#8217;Arrampicata<br \/>\nSportiva e della pi\u00f9 recente specialit\u00e0 del Bouldering \u00e8 sicuramente il pi\u00f9<br \/>\naggiornato e completo mai pubblicato su questo argomento; spazia infatti<br \/>\ndall&#8217;analisi del movimento, alle pi\u00f9 recenti pubblicazioni scientifiche; dalle<br \/>\nmetodiche di allenamento (con un capitolo dedicato esclusivamente alle<br \/>\ncategorie giovanili) alla prevenzione degli infortuni, delineando in modo<br \/>\nchiaro e preciso gli obiettivi, i mezzi ed i metodi pi\u00f9 moderni per elevare le<br \/>\ncapacit\u00e0 prestative dell&#8217;arrampicatore di qualsiasi livello: dal principiante<br \/>\nall&#8217;atleta pi\u00f9 esperto, fino al &#8218;garista&#8216;. Vengono proposte tabelle<br \/>\nillustrative sull&#8217;organizzazione delle settimane di allenamento e dei periodi<br \/>\ndi allenamento.  <\/p>\n<p>Ampio spazio \u00e8 dedicato all&#8217;illustrazione di numerosi esercizi per<br \/>\nl&#8217;incremento delle capacit\u00e0 organico muscolari (forza e resistenza), a seconda<br \/>\ndel mezzo di allenamento utilizzato, mettendo il lettore a conoscenza degli<br \/>\nstrumenti di allenamento pi\u00f9 in uso e dando importanza al loro corretto<br \/>\nutilizzo in base al livello prestativo. Metodologie d&#8217;insegnamento, didattica,<br \/>\nesercitazioni specifiche sono gli argomenti del capitolo dedicato<br \/>\nall&#8217;allenamento giovanile. Vengono prese in considerazione le principali<br \/>\npatologie dell&#8217;arrampicata in campo infortunistico, si suggerisce l&#8217;eventuale<br \/>\ncura e soprattutto la loro prevenzione.  <\/p>\n<p>Totale pagine 128, comprensive di circa 80 illustrazioni e tabelle.<\/p>","protected":false},"excerpt":{"rendered":"<p>Un libro che consiglio a tutti, dai principianti agli evoluti. Tanti consigli utili su come progredire tecnica, tattica e i vari tipi di forza. Libro interamente dedicato all&#8217;allenamento per la disciplina dell&#8217;Arrampicata Sportiva e della pi\u00f9 recente specialit\u00e0 del Bouldering \u00e8 sicuramente il pi\u00f9 aggiornato e completo mai pubblicato su questo argomento; spazia infatti dall&#8217;analisi [&#8230;]\n","protected":false},"featured_media":34155,"template":"","meta":[],"product_brand":[],"product_cat":[21538],"product_tag":[],"class_list":{"0":"post-154474","1":"product","2":"type-product","3":"status-publish","4":"has-post-thumbnail","6":"product_cat-lehrbuecher","7":"pa_autor-bagnoli","8":"pa_erscheinungsjahr-21920","9":"pa_region-klettertechnik","10":"pa_sprache-it","12":"first","13":"outofstock","14":"taxable","15":"shipping-taxable","16":"purchasable","17":"product-type-simple"},"_links":{"self":[{"href":"https:\/\/pizbube.ch\/en\/wp-json\/wp\/v2\/product\/154474","targetHints":{"allow":["GET"]}}],"collection":[{"href":"https:\/\/pizbube.ch\/en\/wp-json\/wp\/v2\/product"}],"about":[{"href":"https:\/\/pizbube.ch\/en\/wp-json\/wp\/v2\/types\/product"}],"wp:featuredmedia":[{"embeddable":true,"href":"https:\/\/pizbube.ch\/en\/wp-json\/wp\/v2\/media\/34155"}],"wp:attachment":[{"href":"https:\/\/pizbube.ch\/en\/wp-json\/wp\/v2\/media?parent=154474"}],"wp:term":[{"taxonomy":"product_brand","embeddable":true,"href":"https:\/\/pizbube.ch\/en\/wp-json\/wp\/v2\/product_brand?post=154474"},{"taxonomy":"product_cat","embeddable":true,"href":"https:\/\/pizbube.ch\/en\/wp-json\/wp\/v2\/product_cat?post=154474"},{"taxonomy":"product_tag","embeddable":true,"href":"https:\/\/pizbube.ch\/en\/wp-json\/wp\/v2\/product_tag?post=154474"}],"curies":[{"name":"wp","href":"https:\/\/api.w.org\/{rel}","templated":true}]}}