{"id":154476,"date":"2021-01-15T14:32:56","date_gmt":"2021-01-15T14:32:56","guid":{"rendered":"https:\/\/codengine3.ch\/?product=import-placeholder-for-204527"},"modified":"2021-01-15T14:34:05","modified_gmt":"2021-01-15T14:34:05","slug":"1001-consigli-per-larrampicata","status":"publish","type":"product","link":"https:\/\/pizbube.ch\/en\/shop\/1001-consigli-per-larrampicata\/","title":{"rendered":"1001 CONSIGLI per l\u2019ARRAMPICATA"},"content":{"rendered":"<p>\nDall\u2019arrampicata su ghiaccio, roccia e big-wall a dieta, allenamento e<br \/>\nsopravvivenza in montagna  <\/p>\n<p>Immaginatevi che un alieno atterri sul nostro pianeta e infili una sonda nel<br \/>\ncervello di un climber \u2013 uno che scala da pi\u00f9 di trent\u2019anni \u2013 per trasformarne<br \/>\nil contenuto in un librone di dritte e consigli per l\u2019arrampicata. Ecco, quel<br \/>\nlibro \u00e8 proprio 1001 Consigli per l\u2019arrampicata di Andy Kirkpatrick.<\/p>\n<p>Non si tratta del classico manuale di istruzioni, \u00e8 molto pi\u00f9 utile. \u00c8 una<br \/>\nricca raccolta di tutti quei piccoli accorgimenti che fanno la differenza: in<br \/>\nfalesia, in montagna o durante la pianificazione della vostra prossima<br \/>\nspedizione. \u00c8 un libro per tutti quelli gi\u00e0 abituati alle grandi pareti, ma<br \/>\nanche per chi frequenta solo saltuariamente la montagna.<\/p>\n<p>Questi consigli sono fondati su trent\u2019anni di ossessione per l\u2019arrampicata,<br \/>\noltre che su diciannove salite di El Cap, numerose pareti nord sulle Alpi,<br \/>\nesplorazioni delle calotte polari e molte altre spedizioni e scalate<br \/>\nimpressionanti.  <\/p>","protected":false},"excerpt":{"rendered":"<p>Dall\u2019arrampicata su ghiaccio, roccia e big-wall a dieta, allenamento e sopravvivenza in montagna Immaginatevi che un alieno atterri sul nostro pianeta e infili una sonda nel cervello di un climber \u2013 uno che scala da pi\u00f9 di trent\u2019anni \u2013 per trasformarne il contenuto in un librone di dritte e consigli per l\u2019arrampicata. Ecco, quel libro [&#8230;]\n","protected":false},"featured_media":32570,"template":"","meta":[],"product_brand":[],"product_cat":[21538],"product_tag":[],"class_list":{"0":"post-154476","1":"product","2":"type-product","3":"status-publish","4":"has-post-thumbnail","6":"product_cat-lehrbuecher","7":"pa_autor-kirkpatrick","8":"pa_erscheinungsjahr-21546","9":"pa_region-klettertechnik","10":"pa_sprache-it","12":"first","13":"instock","14":"taxable","15":"shipping-taxable","16":"purchasable","17":"product-type-simple"},"_links":{"self":[{"href":"https:\/\/pizbube.ch\/en\/wp-json\/wp\/v2\/product\/154476","targetHints":{"allow":["GET"]}}],"collection":[{"href":"https:\/\/pizbube.ch\/en\/wp-json\/wp\/v2\/product"}],"about":[{"href":"https:\/\/pizbube.ch\/en\/wp-json\/wp\/v2\/types\/product"}],"wp:featuredmedia":[{"embeddable":true,"href":"https:\/\/pizbube.ch\/en\/wp-json\/wp\/v2\/media\/32570"}],"wp:attachment":[{"href":"https:\/\/pizbube.ch\/en\/wp-json\/wp\/v2\/media?parent=154476"}],"wp:term":[{"taxonomy":"product_brand","embeddable":true,"href":"https:\/\/pizbube.ch\/en\/wp-json\/wp\/v2\/product_brand?post=154476"},{"taxonomy":"product_cat","embeddable":true,"href":"https:\/\/pizbube.ch\/en\/wp-json\/wp\/v2\/product_cat?post=154476"},{"taxonomy":"product_tag","embeddable":true,"href":"https:\/\/pizbube.ch\/en\/wp-json\/wp\/v2\/product_tag?post=154476"}],"curies":[{"name":"wp","href":"https:\/\/api.w.org\/{rel}","templated":true}]}}