{"id":154477,"date":"2021-01-15T14:32:58","date_gmt":"2021-01-15T14:32:58","guid":{"rendered":"https:\/\/codengine3.ch\/?product=import-placeholder-for-208801"},"modified":"2021-04-21T15:33:00","modified_gmt":"2021-04-21T13:33:00","slug":"gommer-sommer","status":"publish","type":"product","link":"https:\/\/pizbube.ch\/en\/shop\/gommer-sommer\/","title":{"rendered":"Gommer Sommer"},"content":{"rendered":"<p>Der erste Fall f\u00fcr Kauz.<br \/>\nEine wundersch\u00f6ne Berglandschaft, zwei h\u00e4ssliche Morde. Und ein Polizist a.<br \/>\nD., den man liebend gerne bei seinen Wanderungen und Ermittlungen begleitet.<\/p>\n<p>Bislang hat Alois Walpen, besser be\u00adkannt unter seinem Spitznamen Kauz, seine<br \/>\nFerien in einem umgebauten Speicher in M\u00fcnster verbracht. Nachdem er es sich<br \/>\nmit der Z\u00fcrcher Polizeileitung verscherzt hat, zieht sich der Kriminalpolizist<br \/>\na. D. ins Walliser Goms zur\u00fcck. Gew\u00f6hnlich stehen dort Trockenfleisch, K\u00e4se<br \/>\nund \u00adHeidelbeerlik\u00f6r f\u00fcr ihn bereit, diesmal wird Kauz jedoch von einer Leiche<br \/>\nempfangen, die an einem Balken baumelt.<\/p>\n<p>W\u00e4hrend die Kollegen vor Ort von einem Selbstmord ausgehen, beginnt er auf<br \/>\neigene Faust zu ermitteln. Derweil bearbeitet Immobilien\u00adk\u00f6nig Anton<br \/>\nZ\u2019Blatten, der \u00bbGommer Napoleon\u00ab, die Dorfversammlung: Das Gommer Highland<br \/>\nResort sei das Herz\u00adst\u00fcck eines neuen Tourismusmodells, das Schule machen<br \/>\nwerde. Das Wallis, die ganze Schweiz, nein, alle Alpenl\u00e4nder w\u00fcrden auf<br \/>\nM\u00fcnster blicken.<\/p>\n<p>Wieso man diesen Mann frei schalten und walten lasse, fragt Kauz und erh\u00e4lt<br \/>\neine deutlich Antwort: \u00bbWeil bei uns im Goms, und \u00fcberhaupt im Wallis, das<br \/>\nRecht am Verludern ist.\u00ab Genau der richtige Ort f\u00fcr einen Polizisten im<br \/>\nUnruhestand.<\/p>\n<p>384 Seiten | Klappenbroschur<\/p>","protected":false},"excerpt":{"rendered":"<p>Der erste Fall f\u00fcr Kauz. Eine wundersch\u00f6ne Berglandschaft, zwei h\u00e4ssliche Morde. Und ein Polizist a. D., den man liebend gerne bei seinen Wanderungen und Ermittlungen begleitet. Bislang hat Alois Walpen, besser be\u00adkannt unter seinem Spitznamen Kauz, seine Ferien in einem umgebauten Speicher in M\u00fcnster verbracht. Nachdem er es sich mit der Z\u00fcrcher Polizeileitung verscherzt hat, [&#8230;]\n","protected":false},"featured_media":41390,"template":"","meta":[],"product_brand":[],"product_cat":[21629],"product_tag":[],"class_list":{"0":"post-154477","1":"product","2":"type-product","3":"status-publish","4":"has-post-thumbnail","6":"product_cat-belletristik","7":"pa_autor-wolfensberger","8":"pa_erscheinungsjahr-21558","9":"pa_region-schweiz","10":"pa_sprache-de","12":"first","13":"onbackorder","14":"taxable","15":"shipping-taxable","16":"purchasable","17":"product-type-simple"},"_links":{"self":[{"href":"https:\/\/pizbube.ch\/en\/wp-json\/wp\/v2\/product\/154477","targetHints":{"allow":["GET"]}}],"collection":[{"href":"https:\/\/pizbube.ch\/en\/wp-json\/wp\/v2\/product"}],"about":[{"href":"https:\/\/pizbube.ch\/en\/wp-json\/wp\/v2\/types\/product"}],"wp:featuredmedia":[{"embeddable":true,"href":"https:\/\/pizbube.ch\/en\/wp-json\/wp\/v2\/media\/41390"}],"wp:attachment":[{"href":"https:\/\/pizbube.ch\/en\/wp-json\/wp\/v2\/media?parent=154477"}],"wp:term":[{"taxonomy":"product_brand","embeddable":true,"href":"https:\/\/pizbube.ch\/en\/wp-json\/wp\/v2\/product_brand?post=154477"},{"taxonomy":"product_cat","embeddable":true,"href":"https:\/\/pizbube.ch\/en\/wp-json\/wp\/v2\/product_cat?post=154477"},{"taxonomy":"product_tag","embeddable":true,"href":"https:\/\/pizbube.ch\/en\/wp-json\/wp\/v2\/product_tag?post=154477"}],"curies":[{"name":"wp","href":"https:\/\/api.w.org\/{rel}","templated":true}]}}