{"id":154478,"date":"2021-01-15T14:32:58","date_gmt":"2021-01-15T14:32:58","guid":{"rendered":"https:\/\/codengine3.ch\/?product=import-placeholder-for-208819"},"modified":"2021-04-20T12:59:58","modified_gmt":"2021-04-20T10:59:58","slug":"88-suonen-wanderungen","status":"publish","type":"product","link":"https:\/\/pizbube.ch\/en\/shop\/88-suonen-wanderungen\/","title":{"rendered":"88 Suonen Wanderungen"},"content":{"rendered":"<p>In diesem Buch stellt der Autor 55 Wander-Suonen im Raume Oberwallis und 33 im<br \/>\nUnterwallis vor.<\/p>\n<p>Die Suonen wurden in den letzten Jahrzehnten neu entdeckt.<br \/>\nManche Wanderungen entlang der Suonen oder Bisses mauserten sich zu<br \/>\nregelrechten touristischen Attraktionen. Solche Spazierg\u00e4nge k\u00f6nnen mit<br \/>\nmancherlei Vorz\u00fcgen auftrumpfen.<\/p>\n<p>Das teilweise einsickernde Wasser dieser<br \/>\nWasserleiten beg\u00fcnstigt und erm\u00f6glicht einen \u00fcppigen Vegetationsg\u00fcrtel entlang<br \/>\nder Suonen. Die hier Wurzeln fassenden Str\u00e4ucher und B\u00e4ume spenden den<br \/>\nWanderlustigen in der heissen Jahreszeit den ersehnten Schatten.<\/p>\n<p>176 Seiten<\/p>","protected":false},"excerpt":{"rendered":"<p>In diesem Buch stellt der Autor 55 Wander-Suonen im Raume Oberwallis und 33 im Unterwallis vor. Die Suonen wurden in den letzten Jahrzehnten neu entdeckt. Manche Wanderungen entlang der Suonen oder Bisses mauserten sich zu regelrechten touristischen Attraktionen. Solche Spazierg\u00e4nge k\u00f6nnen mit mancherlei Vorz\u00fcgen auftrumpfen. Das teilweise einsickernde Wasser dieser Wasserleiten beg\u00fcnstigt und erm\u00f6glicht einen [&#8230;]\n","protected":false},"featured_media":41439,"template":"","meta":[],"product_brand":[],"product_cat":[21605],"product_tag":[],"class_list":{"0":"post-154478","1":"product","2":"type-product","3":"status-publish","4":"has-post-thumbnail","6":"product_cat-wanderfuehrer-trekking","7":"pa_autor-jossen","8":"pa_erscheinungsjahr-21568","9":"pa_region-schweiz","10":"pa_sprache-de","12":"first","13":"outofstock","14":"taxable","15":"shipping-taxable","16":"purchasable","17":"product-type-simple"},"_links":{"self":[{"href":"https:\/\/pizbube.ch\/en\/wp-json\/wp\/v2\/product\/154478","targetHints":{"allow":["GET"]}}],"collection":[{"href":"https:\/\/pizbube.ch\/en\/wp-json\/wp\/v2\/product"}],"about":[{"href":"https:\/\/pizbube.ch\/en\/wp-json\/wp\/v2\/types\/product"}],"wp:featuredmedia":[{"embeddable":true,"href":"https:\/\/pizbube.ch\/en\/wp-json\/wp\/v2\/media\/41439"}],"wp:attachment":[{"href":"https:\/\/pizbube.ch\/en\/wp-json\/wp\/v2\/media?parent=154478"}],"wp:term":[{"taxonomy":"product_brand","embeddable":true,"href":"https:\/\/pizbube.ch\/en\/wp-json\/wp\/v2\/product_brand?post=154478"},{"taxonomy":"product_cat","embeddable":true,"href":"https:\/\/pizbube.ch\/en\/wp-json\/wp\/v2\/product_cat?post=154478"},{"taxonomy":"product_tag","embeddable":true,"href":"https:\/\/pizbube.ch\/en\/wp-json\/wp\/v2\/product_tag?post=154478"}],"curies":[{"name":"wp","href":"https:\/\/api.w.org\/{rel}","templated":true}]}}