{"id":154483,"date":"2021-01-15T14:33:07","date_gmt":"2021-01-15T14:33:07","guid":{"rendered":"https:\/\/codengine3.ch\/?product=import-placeholder-for-206941"},"modified":"2021-01-15T14:53:37","modified_gmt":"2021-01-15T14:53:37","slug":"lattengebirge-reiteralm-125000-blatt-by20","status":"publish","type":"product","link":"https:\/\/pizbube.ch\/en\/shop\/lattengebirge-reiteralm-125000-blatt-by20\/","title":{"rendered":"Lattengebirge, Reiteralm 1:25&#8217;000; Blatt BY20"},"content":{"rendered":"<p>mit Wegmarkierungen und Skirouten<br \/>\nMa\u00dfstab 1:25.000, UTM-Gitter, 2008  <\/p>\n<p>Diese Karten sind das Ergebnis einer Kooperation des Deutschen Alpenvereins<br \/>\nund des Landesamtes f\u00fcr Vermessung und Geoinformation Bayern. Auf Basis der<br \/>\ntopografischen Karten des Landesamtes wurden ausgew\u00e4hlte Blattschnitte von der<br \/>\nKartografie des Deutschen Alpenvereins v\u00f6llig \u00fcberarbeitet. Das Ergebnis ist<br \/>\ndas wohl qualitativ beste Kartenwerk f\u00fcr Outdoorunternehmungen in den<br \/>\nBayerischen Bergen.<br \/>\n2. Auflage 2015  <\/p>","protected":false},"excerpt":{"rendered":"<p>mit Wegmarkierungen und Skirouten Ma\u00dfstab 1:25.000, UTM-Gitter, 2008 Diese Karten sind das Ergebnis einer Kooperation des Deutschen Alpenvereins und des Landesamtes f\u00fcr Vermessung und Geoinformation Bayern. Auf Basis der topografischen Karten des Landesamtes wurden ausgew\u00e4hlte Blattschnitte von der Kartografie des Deutschen Alpenvereins v\u00f6llig \u00fcberarbeitet. Das Ergebnis ist das wohl qualitativ beste Kartenwerk f\u00fcr Outdoorunternehmungen in [&#8230;]\n","protected":false},"featured_media":36486,"template":"","meta":[],"product_brand":[],"product_cat":[21543],"product_tag":[],"class_list":{"0":"post-154483","1":"product","2":"type-product","3":"status-publish","4":"has-post-thumbnail","6":"product_cat-landkarten","7":"pa_autor-dav","8":"pa_erscheinungsjahr-21597","9":"pa_region-deutschland","10":"pa_sprache-de","12":"first","13":"instock","14":"taxable","15":"shipping-taxable","16":"purchasable","17":"product-type-simple"},"_links":{"self":[{"href":"https:\/\/pizbube.ch\/en\/wp-json\/wp\/v2\/product\/154483","targetHints":{"allow":["GET"]}}],"collection":[{"href":"https:\/\/pizbube.ch\/en\/wp-json\/wp\/v2\/product"}],"about":[{"href":"https:\/\/pizbube.ch\/en\/wp-json\/wp\/v2\/types\/product"}],"wp:featuredmedia":[{"embeddable":true,"href":"https:\/\/pizbube.ch\/en\/wp-json\/wp\/v2\/media\/36486"}],"wp:attachment":[{"href":"https:\/\/pizbube.ch\/en\/wp-json\/wp\/v2\/media?parent=154483"}],"wp:term":[{"taxonomy":"product_brand","embeddable":true,"href":"https:\/\/pizbube.ch\/en\/wp-json\/wp\/v2\/product_brand?post=154483"},{"taxonomy":"product_cat","embeddable":true,"href":"https:\/\/pizbube.ch\/en\/wp-json\/wp\/v2\/product_cat?post=154483"},{"taxonomy":"product_tag","embeddable":true,"href":"https:\/\/pizbube.ch\/en\/wp-json\/wp\/v2\/product_tag?post=154483"}],"curies":[{"name":"wp","href":"https:\/\/api.w.org\/{rel}","templated":true}]}}