{"id":154486,"date":"2021-01-15T14:33:14","date_gmt":"2021-01-15T14:33:14","guid":{"rendered":"https:\/\/codengine3.ch\/?product=import-placeholder-for-204640"},"modified":"2026-03-27T14:46:41","modified_gmt":"2026-03-27T13:46:41","slug":"malta-gozo-125000","status":"publish","type":"product","link":"https:\/\/pizbube.ch\/en\/shop\/malta-gozo-125000\/","title":{"rendered":"Malta Gozo 1:25&#8217;000"},"content":{"rendered":"<p>Wandern &#8211; Freizeit &#8211; Strassenkarte, Blatt 235<\/p>\n<p>KOMPASS-Wanderkarten enthalten alles Wissenswerte f\u00fcr Wanderer wie aktuelle<br \/>\nWanderwege mit Markierungen, empfehlenswerte Radrouten und wichtige<br \/>\ntouristische Informationen. Der topographische Inhalt wird bei aller<br \/>\nDetailgenauigkeit leicht lesbar und anschaulich dargestellt. Die R\u00fcckseite<br \/>\ninformiert \u00fcber Orte sowie empfehlenswerte Touren, Sehensw\u00fcrdigkeiten und<br \/>\nFreizeiteinrichtungen.<\/p>\n<p>Die 3in1 Wanderkarte ist jetzt noch \u00fcbersichtlicher und besser lesbar. Die<br \/>\nWanderkarte ist mit zus\u00e4tzlichen Detailkarten ausgestattet. Der Aktiv Guide<br \/>\ninformiert Sie rund um das Thema Outdoor. Das bildet die perfekte Grundlage<br \/>\nf\u00fcr die Planung einer Wandertour. Die pr\u00e4zise Kartografie zeigt alle<br \/>\nbegehbaren Wanderwege inklusive Klassifizierung. Informationen wie<br \/>\nSchwimmb\u00e4der, Klettersteige, Kinderspielpl\u00e4tze, H\u00fctten und vieles mehr sind in<br \/>\nder Karte ebenfalls enthalten.<\/p>","protected":false},"excerpt":{"rendered":"<p>Wandern &#8211; Freizeit &#8211; Strassenkarte, Blatt 235 KOMPASS-Wanderkarten enthalten alles Wissenswerte f\u00fcr Wanderer wie aktuelle Wanderwege mit Markierungen, empfehlenswerte Radrouten und wichtige touristische Informationen. Der topographische Inhalt wird bei aller Detailgenauigkeit leicht lesbar und anschaulich dargestellt. Die R\u00fcckseite informiert \u00fcber Orte sowie empfehlenswerte Touren, Sehensw\u00fcrdigkeiten und Freizeiteinrichtungen. Die 3in1 Wanderkarte ist jetzt noch \u00fcbersichtlicher und [&#8230;]\n","protected":false},"featured_media":183634,"template":"","meta":[],"product_brand":[],"product_cat":[21543],"product_tag":[],"class_list":{"0":"post-154486","1":"product","2":"type-product","3":"status-publish","4":"has-post-thumbnail","6":"product_cat-landkarten","7":"pa_autor-kompass","8":"pa_erscheinungsjahr-21586","9":"pa_region-uebrigers-europa","10":"pa_sprache-de","12":"first","13":"instock","14":"taxable","15":"shipping-taxable","16":"purchasable","17":"product-type-simple"},"_links":{"self":[{"href":"https:\/\/pizbube.ch\/en\/wp-json\/wp\/v2\/product\/154486","targetHints":{"allow":["GET"]}}],"collection":[{"href":"https:\/\/pizbube.ch\/en\/wp-json\/wp\/v2\/product"}],"about":[{"href":"https:\/\/pizbube.ch\/en\/wp-json\/wp\/v2\/types\/product"}],"wp:featuredmedia":[{"embeddable":true,"href":"https:\/\/pizbube.ch\/en\/wp-json\/wp\/v2\/media\/183634"}],"wp:attachment":[{"href":"https:\/\/pizbube.ch\/en\/wp-json\/wp\/v2\/media?parent=154486"}],"wp:term":[{"taxonomy":"product_brand","embeddable":true,"href":"https:\/\/pizbube.ch\/en\/wp-json\/wp\/v2\/product_brand?post=154486"},{"taxonomy":"product_cat","embeddable":true,"href":"https:\/\/pizbube.ch\/en\/wp-json\/wp\/v2\/product_cat?post=154486"},{"taxonomy":"product_tag","embeddable":true,"href":"https:\/\/pizbube.ch\/en\/wp-json\/wp\/v2\/product_tag?post=154486"}],"curies":[{"name":"wp","href":"https:\/\/api.w.org\/{rel}","templated":true}]}}