{"id":154487,"date":"2021-01-15T14:33:15","date_gmt":"2021-01-15T14:33:15","guid":{"rendered":"https:\/\/codengine3.ch\/?product=import-placeholder-for-208109"},"modified":"2026-03-27T11:28:45","modified_gmt":"2026-03-27T10:28:45","slug":"malta-gozo-mit-comino","status":"publish","type":"product","link":"https:\/\/pizbube.ch\/en\/shop\/malta-gozo-mit-comino\/","title":{"rendered":"Malta &#8211; Gozo mit Comino"},"content":{"rendered":"<p class=\"mt-3\">35 Touren entlang der K\u00fcsten und zu den Highlights der Inseln<\/p>\n<p><span class=\"value\">Malta, Gozo &amp; Comino \u2013 Wandern zwischen Felsk\u00fcsten, Kultur und t\u00fcrkisblauem Meer<\/span><\/p>\n<p>Felsige K\u00fcsten, karstige Landschaften, bl\u00fchende T\u00e4ler und das tiefblaue Mittelmeer \u2013 die Inseln Malta, Gozo und Comino sind ein Paradies voller Kontraste. Quirlig und bunt sind die Fischerd\u00f6rfer und die Hauptstadt Valletta, ruhig und erholsam die weitl\u00e4ufigen Landschaften. Abwechslungsreiche Wanderungen in atemberaubender Natur und zu einmaligen historischen St\u00e4tten lassen sich hier unternehmen. Der Rother Wanderf\u00fchrer \u00bbMalta \u2013 Gozo\u00ab pr\u00e4sentiert die 35 sch\u00f6nsten Touren entlang der K\u00fcsten und zu den kulturellen Highlights der Inseln.<\/p>\n<p>Die vielf\u00e4ltigen Wanderungen bieten Wandergenuss f\u00fcr jedes Niveau: Von entspannten Spazierg\u00e4ngen zu den maltesischen UNESCO-Weltkulturerbest\u00e4tten, pr\u00e4historischen Tempeln und imposanten Festungen bis hin zu anspruchsvollen K\u00fcstenwanderungen mit spektakul\u00e4ren Ausblicken. Abgelegene Str\u00e4nde laden zu erfrischenden Badepausen ein, w\u00e4hrend das Inselinnere mit unber\u00fchrter Natur begeistert. Ein ganz besonderes Erlebnis ist die mehrt\u00e4gige Umrundung von Gozo, die mit atemberaubenden Klippenlandschaften und l\u00e4ndlicher Idylle verzaubert.<\/p>\n<p>Jede Wanderung in dem Rother Wanderf\u00fchrer \u00bbMalta \u2013 Gozo\u00ab wird mit einer detaillierten Wegbeschreibung, einer Wanderkarte mit eingetragener Route und einem H\u00f6henprofil vorgestellt. Gepr\u00fcfte GPS-Tracks zum Download machen die Touren m\u00fchelos nachvollziehbar. Eine \u00dcbersicht der Top-Touren erleichtert die Auswahl und inspirierende Fotos wecken die Vorfreude auf das Wanderabenteuer unter der Mittelmeersonne.<\/p>\n<p>168 Seiten,<br \/>\n35 Streckenprofile, 35 Wanderk\u00e4rtchen im Ma\u00dfstab 1.30.000, 1:50.000 und 1:75.000, zwei \u00dcbersichtskarten im Ma\u00dfstab 1:150.000 und 1:250.000, GPS-Tracks zum Download<br \/>\n3., aktualisierte Auflage 2025<\/p>","protected":false},"excerpt":{"rendered":"<p>35 Touren entlang der K\u00fcsten und zu den Highlights der Inseln Malta, Gozo &amp; Comino \u2013 Wandern zwischen Felsk\u00fcsten, Kultur und t\u00fcrkisblauem Meer Felsige K\u00fcsten, karstige Landschaften, bl\u00fchende T\u00e4ler und das tiefblaue Mittelmeer \u2013 die Inseln Malta, Gozo und Comino sind ein Paradies voller Kontraste. Quirlig und bunt sind die Fischerd\u00f6rfer und die Hauptstadt Valletta, [&#8230;]\n","protected":false},"featured_media":183619,"template":"","meta":[],"product_brand":[],"product_cat":[21605],"product_tag":[],"class_list":{"0":"post-154487","1":"product","2":"type-product","3":"status-publish","4":"has-post-thumbnail","6":"product_cat-wanderfuehrer-trekking","7":"pa_autor-knor-bieder","8":"pa_erscheinungsjahr-27415","9":"pa_region-italien","10":"pa_sprache-de","12":"first","13":"instock","14":"taxable","15":"shipping-taxable","16":"purchasable","17":"product-type-simple"},"_links":{"self":[{"href":"https:\/\/pizbube.ch\/en\/wp-json\/wp\/v2\/product\/154487","targetHints":{"allow":["GET"]}}],"collection":[{"href":"https:\/\/pizbube.ch\/en\/wp-json\/wp\/v2\/product"}],"about":[{"href":"https:\/\/pizbube.ch\/en\/wp-json\/wp\/v2\/types\/product"}],"wp:featuredmedia":[{"embeddable":true,"href":"https:\/\/pizbube.ch\/en\/wp-json\/wp\/v2\/media\/183619"}],"wp:attachment":[{"href":"https:\/\/pizbube.ch\/en\/wp-json\/wp\/v2\/media?parent=154487"}],"wp:term":[{"taxonomy":"product_brand","embeddable":true,"href":"https:\/\/pizbube.ch\/en\/wp-json\/wp\/v2\/product_brand?post=154487"},{"taxonomy":"product_cat","embeddable":true,"href":"https:\/\/pizbube.ch\/en\/wp-json\/wp\/v2\/product_cat?post=154487"},{"taxonomy":"product_tag","embeddable":true,"href":"https:\/\/pizbube.ch\/en\/wp-json\/wp\/v2\/product_tag?post=154487"}],"curies":[{"name":"wp","href":"https:\/\/api.w.org\/{rel}","templated":true}]}}