{"id":154489,"date":"2021-01-15T14:33:23","date_gmt":"2021-01-15T14:33:23","guid":{"rendered":"https:\/\/codengine3.ch\/?product=import-placeholder-for-204470"},"modified":"2021-04-07T14:22:05","modified_gmt":"2021-04-07T12:22:05","slug":"ich-oben-allein","status":"publish","type":"product","link":"https:\/\/pizbube.ch\/en\/shop\/ich-oben-allein\/","title":{"rendered":"Ich, oben, allein"},"content":{"rendered":"<p>Vom \u00dcberleben eines jungen Solo-Bergsteigers<\/p>\n<p>Er hat als j\u00fcngster Deutscher die Annapurna bestiegen und dabei die h\u00f6chste<br \/>\nSchachpartie der Welt gespielt, er war solo an der Ama Dablam unterwegs und zu<br \/>\nErstbesteigungen in Japan: Jost Kobusch, ein junger Kletterer und<br \/>\nExtrembergsteiger aus der N\u00e4he von Bielefeld.<\/p>\n<p>Aufgewachsen im Norden Deutschlands, weit entfernt von irgendwelchen Bergen,<br \/>\nbegeistert sich Jost schon von Kindheit an f\u00fcr das Klettern. Mit seiner Free-<br \/>\nSolo-Besteigung der 6812 Meter hohen Ama Dablam in Nepal knackte er mit nur 21<br \/>\nJahren einen Weltrekord. Im Fr\u00fchjahr 2016 bezwang er schlie\u00dflich den 8091<br \/>\nMeter hohen Annapurna-Gipfel im Himalaya.<\/p>\n<p>In seinem Buch erz\u00e4hlt der Star der jungen Solo-Bergsteiger-Szene unterhaltsam<br \/>\nund pointiert, warum es ihn immer wieder nach oben zieht, er auf Sauerstoff<br \/>\nund fremde Hilfe verzichtet und ihn Angst zu immer neuen Spitzenleistungen<br \/>\nantreibt. Au\u00dferdem verr\u00e4t er, warum er immer eine Cola mit im Gep\u00e4ck hat und<br \/>\nes nichts Sch\u00f6neres gibt, als auf einem Achttausender Schach zu spielen.<\/p>","protected":false},"excerpt":{"rendered":"<ul>\n<li><a href=\"https:\/\/pizbube.ch\/wp-content\/uploads\/attachments\/a_014\/4997EBA7C32781A3D2D330686E119B0C.pdf\" target=\"_blank\" rel=\"noopener\">PDF: Leseprobe_ich_oben_allein.pdf<\/a><\/li>\n<\/ul>","protected":false},"featured_media":32379,"template":"","meta":[],"product_brand":[],"product_cat":[21542],"product_tag":[],"class_list":{"0":"post-154489","1":"product","2":"type-product","3":"status-publish","4":"has-post-thumbnail","6":"product_cat-sachbuecher-dokumentationen","7":"pa_autor-kobusch","8":"pa_erscheinungsjahr-21574","9":"pa_region-deutschland","10":"pa_sprache-de","12":"first","13":"instock","14":"taxable","15":"shipping-taxable","16":"purchasable","17":"product-type-simple"},"_links":{"self":[{"href":"https:\/\/pizbube.ch\/en\/wp-json\/wp\/v2\/product\/154489","targetHints":{"allow":["GET"]}}],"collection":[{"href":"https:\/\/pizbube.ch\/en\/wp-json\/wp\/v2\/product"}],"about":[{"href":"https:\/\/pizbube.ch\/en\/wp-json\/wp\/v2\/types\/product"}],"wp:featuredmedia":[{"embeddable":true,"href":"https:\/\/pizbube.ch\/en\/wp-json\/wp\/v2\/media\/32379"}],"wp:attachment":[{"href":"https:\/\/pizbube.ch\/en\/wp-json\/wp\/v2\/media?parent=154489"}],"wp:term":[{"taxonomy":"product_brand","embeddable":true,"href":"https:\/\/pizbube.ch\/en\/wp-json\/wp\/v2\/product_brand?post=154489"},{"taxonomy":"product_cat","embeddable":true,"href":"https:\/\/pizbube.ch\/en\/wp-json\/wp\/v2\/product_cat?post=154489"},{"taxonomy":"product_tag","embeddable":true,"href":"https:\/\/pizbube.ch\/en\/wp-json\/wp\/v2\/product_tag?post=154489"}],"curies":[{"name":"wp","href":"https:\/\/api.w.org\/{rel}","templated":true}]}}