{"id":154490,"date":"2021-01-15T14:33:24","date_gmt":"2021-01-15T14:33:24","guid":{"rendered":"https:\/\/codengine3.ch\/?product=import-placeholder-for-204473"},"modified":"2024-01-25T09:02:56","modified_gmt":"2024-01-25T08:02:56","slug":"freeride-map-glacier-3000-alpes-vaudoises-125000","status":"publish","type":"product","link":"https:\/\/pizbube.ch\/en\/shop\/freeride-map-glacier-3000-alpes-vaudoises-125000\/","title":{"rendered":"FREERIDE MAP Glacier 3000 Alpes Vaudoises 1:25`000"},"content":{"rendered":"<p>freeride maps die karten f\u00fcr die besten freeride-spots!<\/p>\n<p>GLACIER 3000 ALPES VAUDOISES &#8211; LES DIABLERETS<\/p>\n<p>Die Freeride Map basiert auf der Schweizer Landeskarte im Massstab 1:25`000<br \/>\nund bietet alle n\u00f6tigen Gel\u00e4ndeinformationen, die f\u00fcr die Planung und<br \/>\nUmsetzung von Freeride-Touren erforderlich sind. Die Freeride Map ist auf<br \/>\nwasser- und reissfester Folie gedruckt und dadurch praktisch unzerst\u00f6rbar.<\/p>\n<p>Die farblich gekennzeichneten Freeride-Korridore zeigen die Bereiche, welche<br \/>\nbefahren werden k\u00f6nnen. Sie sind in drei Schwierigkeitsstufen dargestellt.<\/p>\n<p>insiderwissen &#8211; alle rides auf einer karte<br \/>\ndetailliert &#8211; massstab 1:25 000 liefert alle infos<br \/>\n\u00fcbersichtlich &#8211; drei schwierigkeitsgrade in drei farben<br \/>\nunzerst\u00f6rbar &#8211; gedruckt auf reiss- und wasserfestes papier<br \/>\nkomplett &#8211; basiswissen routenplanung, lawinenpr\u00e4vention und rettung auf der<br \/>\nr\u00fcckseite<\/p>\n<p>kompakt: Format 10&#215;15 cm passt in jede jacken-\/ hosentasche<br \/>\ninternational: alle karten sind zweisprachig deutsch\/englisch oder<br \/>\ndeutsch\/franz\u00f6sisch<\/p>","protected":false},"excerpt":{"rendered":"<p>freeride maps die karten f\u00fcr die besten freeride-spots! GLACIER 3000 ALPES VAUDOISES &#8211; LES DIABLERETS Die Freeride Map basiert auf der Schweizer Landeskarte im Massstab 1:25`000 und bietet alle n\u00f6tigen Gel\u00e4ndeinformationen, die f\u00fcr die Planung und Umsetzung von Freeride-Touren erforderlich sind. Die Freeride Map ist auf wasser- und reissfester Folie gedruckt und dadurch praktisch unzerst\u00f6rbar. [&#8230;]\n","protected":false},"featured_media":161171,"template":"","meta":[],"product_brand":[],"product_cat":[21543],"product_tag":[],"class_list":{"0":"post-154490","1":"product","2":"type-product","3":"status-publish","4":"has-post-thumbnail","6":"product_cat-landkarten","7":"pa_autor-frm","8":"pa_erscheinungsjahr-21550","9":"pa_region-schweiz","10":"pa_sprache-de-en-2","12":"first","13":"outofstock","14":"taxable","15":"shipping-taxable","16":"purchasable","17":"product-type-simple"},"_links":{"self":[{"href":"https:\/\/pizbube.ch\/en\/wp-json\/wp\/v2\/product\/154490","targetHints":{"allow":["GET"]}}],"collection":[{"href":"https:\/\/pizbube.ch\/en\/wp-json\/wp\/v2\/product"}],"about":[{"href":"https:\/\/pizbube.ch\/en\/wp-json\/wp\/v2\/types\/product"}],"wp:featuredmedia":[{"embeddable":true,"href":"https:\/\/pizbube.ch\/en\/wp-json\/wp\/v2\/media\/161171"}],"wp:attachment":[{"href":"https:\/\/pizbube.ch\/en\/wp-json\/wp\/v2\/media?parent=154490"}],"wp:term":[{"taxonomy":"product_brand","embeddable":true,"href":"https:\/\/pizbube.ch\/en\/wp-json\/wp\/v2\/product_brand?post=154490"},{"taxonomy":"product_cat","embeddable":true,"href":"https:\/\/pizbube.ch\/en\/wp-json\/wp\/v2\/product_cat?post=154490"},{"taxonomy":"product_tag","embeddable":true,"href":"https:\/\/pizbube.ch\/en\/wp-json\/wp\/v2\/product_tag?post=154490"}],"curies":[{"name":"wp","href":"https:\/\/api.w.org\/{rel}","templated":true}]}}