{"id":154491,"date":"2021-01-15T14:33:24","date_gmt":"2021-01-15T14:33:24","guid":{"rendered":"https:\/\/codengine3.ch\/?product=import-placeholder-for-206520"},"modified":"2021-01-15T14:49:34","modified_gmt":"2021-01-15T14:49:34","slug":"alpes-et-prealpes-vaudoises","status":"publish","type":"product","link":"https:\/\/pizbube.ch\/en\/shop\/alpes-et-prealpes-vaudoises\/","title":{"rendered":"Alpes et Pr\u00e9alpes vaudoises"},"content":{"rendered":"<p>Gummfluh, Les Diablerets et Dents de Morcles  <\/p>\n<p>Cet ouvrage pr\u00e9sente une r\u00e9gion aux multiples facettes \u00e0 l\u2019est du bassin<br \/>\nl\u00e9manique. S\u2019y c\u00f4toient des escalades rocheuses `modernes` et r\u00e9put\u00e9es, comme<br \/>\ncelles du Miroir de l\u2019Argentine, du Dar ou du Sanetsch, tandis que les `hauts<br \/>\nsommets` (Grand Muveran, Les Diablerets, etc.) offrent des courses d\u2019ampleur<br \/>\net de difficult\u00e9 semblables \u00e0 celles des 4000 des Alpes, mais d\u2019un engagement<br \/>\nmoindre.<\/p>\n<p>S\u2019il y a aussi de la cascade, du dry tooling, des via ferrata et des<br \/>\n`couennes` abordables, il faut souligner que la majorit\u00e9 des itin\u00e9raires sont<br \/>\nde `petites courses d\u2019une journ\u00e9e \u00e0 caract\u00e8re alpin`. Ce guide est le r\u00e9sultat<br \/>\nd\u2019un travail effectu\u00e9 sur la base du pr\u00e9c\u00e9dent, datant de 1985, qui \u00e9tait<br \/>\nparticuli\u00e8rement complet et pr\u00e9cis, comme savait si bien le faire Maurice<br \/>\nBrandt.  <\/p>\n<p>560 pages, 58 croquis, 37 photos noir-blanc, 16 photos en couleur<\/p>","protected":false},"excerpt":{"rendered":"<p>Gummfluh, Les Diablerets et Dents de Morcles Cet ouvrage pr\u00e9sente une r\u00e9gion aux multiples facettes \u00e0 l\u2019est du bassin l\u00e9manique. S\u2019y c\u00f4toient des escalades rocheuses `modernes` et r\u00e9put\u00e9es, comme celles du Miroir de l\u2019Argentine, du Dar ou du Sanetsch, tandis que les `hauts sommets` (Grand Muveran, Les Diablerets, etc.) offrent des courses d\u2019ampleur et de [&#8230;]\n","protected":false},"featured_media":35572,"template":"","meta":[],"product_brand":[],"product_cat":[21544],"product_tag":[],"class_list":{"0":"post-154491","1":"product","2":"type-product","3":"status-publish","4":"has-post-thumbnail","6":"product_cat-fuehrerliteratur-alpin-sommer","7":"pa_autor-remy","8":"pa_erscheinungsjahr-21610","9":"pa_region-schweiz","10":"pa_sprache-fr","12":"first","13":"instock","14":"taxable","15":"shipping-taxable","16":"purchasable","17":"product-type-simple"},"_links":{"self":[{"href":"https:\/\/pizbube.ch\/en\/wp-json\/wp\/v2\/product\/154491","targetHints":{"allow":["GET"]}}],"collection":[{"href":"https:\/\/pizbube.ch\/en\/wp-json\/wp\/v2\/product"}],"about":[{"href":"https:\/\/pizbube.ch\/en\/wp-json\/wp\/v2\/types\/product"}],"wp:featuredmedia":[{"embeddable":true,"href":"https:\/\/pizbube.ch\/en\/wp-json\/wp\/v2\/media\/35572"}],"wp:attachment":[{"href":"https:\/\/pizbube.ch\/en\/wp-json\/wp\/v2\/media?parent=154491"}],"wp:term":[{"taxonomy":"product_brand","embeddable":true,"href":"https:\/\/pizbube.ch\/en\/wp-json\/wp\/v2\/product_brand?post=154491"},{"taxonomy":"product_cat","embeddable":true,"href":"https:\/\/pizbube.ch\/en\/wp-json\/wp\/v2\/product_cat?post=154491"},{"taxonomy":"product_tag","embeddable":true,"href":"https:\/\/pizbube.ch\/en\/wp-json\/wp\/v2\/product_tag?post=154491"}],"curies":[{"name":"wp","href":"https:\/\/api.w.org\/{rel}","templated":true}]}}