{"id":154492,"date":"2021-01-15T14:33:32","date_gmt":"2021-01-15T14:33:32","guid":{"rendered":"https:\/\/codengine3.ch\/?product=import-placeholder-for-206755"},"modified":"2026-03-25T11:24:39","modified_gmt":"2026-03-25T10:24:39","slug":"toppturer-rundt-bodo","status":"publish","type":"product","link":"https:\/\/pizbube.ch\/en\/shop\/toppturer-rundt-bodo\/","title":{"rendered":"TOPPTURER RUNDT BOD\u00d8"},"content":{"rendered":"<p>TOPPTURER RUNDT BOD\u00d8 er en skif\u00f8rer til 89 fjell rundt Nordlands st\u00f8rste by.<br \/>\nBoka dekker omr\u00e5dene Reip\u00e5, Sandhorn\u00f8ya og Sm\u00e5tindan, B\u00f8rvasstindane, Bod\u00f8 og<br \/>\nValnesfjorden, Mistfjorden, Sjunkfjorden og Beiarn.<\/p>\n<p>Topptur p\u00e5 ski er 2000-tallets nye nasjonalsport og i hele Norge oppdager<br \/>\nskientusiastene den unike kombinasjonen mellom turglede, naturopplevelse og<br \/>\nlek p\u00e5 ski. Fjellomr\u00e5dene rundt Bod\u00f8 har nok ikke f\u00e5tt den samme nasjonale og<br \/>\ninternasjonale oppmerksomheten som andre nordnorske kystfjell, men<br \/>\nskimulighetene st\u00e5r ikke tilbake for nabobyene.<\/p>\n<p>De aller fleste skisporene legges i fjellene rundt Valnesfjorden, der<br \/>\nHeggmotinden, Nattm\u00e5lstuva og Kvalhornet er m\u00e5l for kveldsturer med hodelykt,<br \/>\nog Kistrandfjellet byr p\u00e5 alt en leken skikj\u00f8rer kan \u00f8nske seg. Per<br \/>\nKalsastinden rager i B\u00f8rvasstindene og er et landemerke for Bod\u00f8v\u00e6ringer og<br \/>\nskikj\u00f8rere. Sm\u00e5tindan lenger s\u00f8r er et annet velkjent skim\u00e5l, mens Sandhorn\u00f8ya<br \/>\nn\u00e6rmest ble oppdaget vinteren 2012. Med b\u00e5t fra Festv\u00e5g til Breidvika, kommer<br \/>\ndu inn i toppturparadiset Mistfjorden, her ligger toppene tett i tett perfekt<br \/>\nfor en v\u00e5rtur i april eller mai. Idylliske Sjunkfjorden er omgitt av h\u00f8yreiste<br \/>\ntinder, mange av dem med skikj\u00f8ring i nordvendte sider, hvor du kan finne<br \/>\nt\u00f8rrsn\u00f8 i mai. I Beiarn finner du innlandsklima, store fjellmassiver og et<br \/>\nuendelig antall nedkj\u00f8ringer \u00e5 velge mellom.<\/p>\n<p>TOPPTURER RUNDT BOD\u00d8 er en unik veiviser for alle disse omr\u00e5dene. Alle turene<br \/>\ner beskrevet med ruteinntegninger p\u00e5 flyfotografier. For hvert omr\u00e5de er det<br \/>\net oversiktskart (1:100.000), som viser alle toppene.<\/p>\n<p>Boka er rikt illustrert med over 100 turbilder i tillegg til flyfotografiene.<br \/>\nDen inneholder i tillegg et eget kapittel om Bod\u00f8omr\u00e5dets toppturhistorie.<\/p>","protected":false},"excerpt":{"rendered":"<p>TOPPTURER RUNDT BOD\u00d8 er en skif\u00f8rer til 89 fjell rundt Nordlands st\u00f8rste by. Boka dekker omr\u00e5dene Reip\u00e5, Sandhorn\u00f8ya og Sm\u00e5tindan, B\u00f8rvasstindane, Bod\u00f8 og Valnesfjorden, Mistfjorden, Sjunkfjorden og Beiarn. Topptur p\u00e5 ski er 2000-tallets nye nasjonalsport og i hele Norge oppdager skientusiastene den unike kombinasjonen mellom turglede, naturopplevelse og lek p\u00e5 ski. Fjellomr\u00e5dene rundt Bod\u00f8 har [&#8230;]\n","protected":false},"featured_media":36049,"template":"","meta":[],"product_brand":[],"product_cat":[21540],"product_tag":[27227],"class_list":{"0":"post-154492","1":"product","2":"type-product","3":"status-publish","4":"has-post-thumbnail","6":"product_cat-fuehrerliteratur-alpin-winter","7":"product_tag-toppturer-rundt-bodo","8":"pa_autor-kjus","9":"pa_erscheinungsjahr-21568","10":"pa_region-skandinavien-norwegen-schweden-finnland","11":"pa_sprache-norw","13":"first","14":"onbackorder","15":"taxable","16":"shipping-taxable","17":"purchasable","18":"product-type-simple"},"_links":{"self":[{"href":"https:\/\/pizbube.ch\/en\/wp-json\/wp\/v2\/product\/154492","targetHints":{"allow":["GET"]}}],"collection":[{"href":"https:\/\/pizbube.ch\/en\/wp-json\/wp\/v2\/product"}],"about":[{"href":"https:\/\/pizbube.ch\/en\/wp-json\/wp\/v2\/types\/product"}],"wp:featuredmedia":[{"embeddable":true,"href":"https:\/\/pizbube.ch\/en\/wp-json\/wp\/v2\/media\/36049"}],"wp:attachment":[{"href":"https:\/\/pizbube.ch\/en\/wp-json\/wp\/v2\/media?parent=154492"}],"wp:term":[{"taxonomy":"product_brand","embeddable":true,"href":"https:\/\/pizbube.ch\/en\/wp-json\/wp\/v2\/product_brand?post=154492"},{"taxonomy":"product_cat","embeddable":true,"href":"https:\/\/pizbube.ch\/en\/wp-json\/wp\/v2\/product_cat?post=154492"},{"taxonomy":"product_tag","embeddable":true,"href":"https:\/\/pizbube.ch\/en\/wp-json\/wp\/v2\/product_tag?post=154492"}],"curies":[{"name":"wp","href":"https:\/\/api.w.org\/{rel}","templated":true}]}}