{"id":154493,"date":"2021-01-15T14:33:32","date_gmt":"2021-01-15T14:33:32","guid":{"rendered":"https:\/\/codengine3.ch\/?product=import-placeholder-for-204481"},"modified":"2021-01-15T14:33:36","modified_gmt":"2021-01-15T14:33:36","slug":"faire-bloc","status":"publish","type":"product","link":"https:\/\/pizbube.ch\/en\/shop\/faire-bloc\/","title":{"rendered":"Faire bloc"},"content":{"rendered":"<p>\n12 mars 1977. Une maternit\u00e9 en Martinique. Un b\u00e9b\u00e9 voit le jour, le visage et<br \/>\nles membres d\u00e9form\u00e9s, aussit\u00f4t abandonn\u00e9 par ses parents. Quatre ans plus<br \/>\ntard, il est adopt\u00e9 par une famille m\u00e9tropolitaine. Judica\u00ebl est rebaptis\u00e9<br \/>\nPhilippe. Il grandit sans trouver sa place, subissant d\u2019innombrables et<br \/>\ndouloureuses interventions chirurgicales pour att\u00e9nuer les marques de son<br \/>\nhandicap.  <\/p>\n<p>Contre toute attente, c\u2019est gr\u00e2ce \u00e0 l\u2019escalade que cet enfant sauvage va<br \/>\ntrouver son \u00e9quilibre. Durant quinze ans, il d\u00e9fie les falaises et les<br \/>\npr\u00e9jug\u00e9s, et se bat pour faire reconna\u00eetre l\u2019handi-escalade. Depuis, Philippe<br \/>\nRibi\u00e8re a s\u00e9duit les sponsors, interpell\u00e9 les m\u00e9dias, attis\u00e9 la curiosit\u00e9 de<br \/>\nl\u2019opinion publique\u2026 L\u2019enfant n\u00e9 sous X s\u2019est fait un nom.<\/p>\n<p>Refusant de se morfondre dans le ghetto \u00abhandicap \u00bb, il est de ces hommes que<br \/>\nrien n\u2019abat et qui font bouger le monde. Le regard port\u00e9 vers le ciel, les<br \/>\nmains agrippant le rocher, il observe d\u2019en haut. Le \u00ab petit \u00bb homme est devenu<br \/>\nun g\u00e9ant.  <\/p>\n<p>\u00c0 42 ans, Philippe Ribi\u00e8re fait le r\u00e9cit de son parcours hors-norme, d\u00e9voilant<br \/>\nson intimit\u00e9 sans filtre, ce destin de nomade avec si peu d\u2019amour et tant de<br \/>\npassion.<\/p>\n<p>288 pages &#8211; 136 x 221 mm; Broch\u00e9  <\/p>","protected":false},"excerpt":{"rendered":"<p>12 mars 1977. Une maternit\u00e9 en Martinique. Un b\u00e9b\u00e9 voit le jour, le visage et les membres d\u00e9form\u00e9s, aussit\u00f4t abandonn\u00e9 par ses parents. Quatre ans plus tard, il est adopt\u00e9 par une famille m\u00e9tropolitaine. Judica\u00ebl est rebaptis\u00e9 Philippe. Il grandit sans trouver sa place, subissant d\u2019innombrables et douloureuses interventions chirurgicales pour att\u00e9nuer les marques de [&#8230;]\n","protected":false},"featured_media":32418,"template":"","meta":[],"product_brand":[],"product_cat":[21542],"product_tag":[],"class_list":{"0":"post-154493","1":"product","2":"type-product","3":"status-publish","4":"has-post-thumbnail","6":"product_cat-sachbuecher-dokumentationen","7":"pa_autor-ribiere","8":"pa_erscheinungsjahr-21558","9":"pa_region-frankreich","10":"pa_sprache-fr","12":"first","13":"instock","14":"taxable","15":"shipping-taxable","16":"purchasable","17":"product-type-simple"},"_links":{"self":[{"href":"https:\/\/pizbube.ch\/en\/wp-json\/wp\/v2\/product\/154493","targetHints":{"allow":["GET"]}}],"collection":[{"href":"https:\/\/pizbube.ch\/en\/wp-json\/wp\/v2\/product"}],"about":[{"href":"https:\/\/pizbube.ch\/en\/wp-json\/wp\/v2\/types\/product"}],"wp:featuredmedia":[{"embeddable":true,"href":"https:\/\/pizbube.ch\/en\/wp-json\/wp\/v2\/media\/32418"}],"wp:attachment":[{"href":"https:\/\/pizbube.ch\/en\/wp-json\/wp\/v2\/media?parent=154493"}],"wp:term":[{"taxonomy":"product_brand","embeddable":true,"href":"https:\/\/pizbube.ch\/en\/wp-json\/wp\/v2\/product_brand?post=154493"},{"taxonomy":"product_cat","embeddable":true,"href":"https:\/\/pizbube.ch\/en\/wp-json\/wp\/v2\/product_cat?post=154493"},{"taxonomy":"product_tag","embeddable":true,"href":"https:\/\/pizbube.ch\/en\/wp-json\/wp\/v2\/product_tag?post=154493"}],"curies":[{"name":"wp","href":"https:\/\/api.w.org\/{rel}","templated":true}]}}