{"id":154497,"date":"2021-01-15T14:33:41","date_gmt":"2021-01-15T14:33:41","guid":{"rendered":"https:\/\/codengine3.ch\/?product=import-placeholder-for-206150"},"modified":"2021-01-15T14:46:47","modified_gmt":"2021-01-15T14:46:47","slug":"alte-wege-neu-gesehen-chemins-historiques-un-regard-nouveau","status":"publish","type":"product","link":"https:\/\/pizbube.ch\/en\/shop\/alte-wege-neu-gesehen-chemins-historiques-un-regard-nouveau\/","title":{"rendered":"Alte Wege neu gesehen &#8211; Chemins historiques un regard nouveau"},"content":{"rendered":"<p>Bildband ViaStoria \u2013 Kulturwege Schweiz<br \/>\nZw\u00f6lf Routen in allen Landesteilen f\u00fchren auf historischen Wegen durch<br \/>\ngrossartige Kulturlandschaften. Sie verbinden Sehensw\u00fcrdigkeiten von Natur und<br \/>\nKultur. Geniessen Sie den einmalig sch\u00f6nen Bildband \u00fcber die zw\u00f6lf Routen<br \/>\nViaCook, ViaFrancigena, ViaGottardo, ViaJacobi, ViaJura, ViaRhenana,<br \/>\nViaRomana, ViaSalina, ViaSbrinz, ViaSpluga, ViaStockalper, ViaValtellina \u2013 da<br \/>\nist die Schweiz am sch\u00f6nsten und unsere Kultur am reichsten.<br \/>\nZweisprachig; Deutsch \/ Franz\u00f6sisch  <\/p>","protected":false},"excerpt":{"rendered":"<p>Bildband ViaStoria \u2013 Kulturwege Schweiz Zw\u00f6lf Routen in allen Landesteilen f\u00fchren auf historischen Wegen durch grossartige Kulturlandschaften. Sie verbinden Sehensw\u00fcrdigkeiten von Natur und Kultur. Geniessen Sie den einmalig sch\u00f6nen Bildband \u00fcber die zw\u00f6lf Routen ViaCook, ViaFrancigena, ViaGottardo, ViaJacobi, ViaJura, ViaRhenana, ViaRomana, ViaSalina, ViaSbrinz, ViaSpluga, ViaStockalper, ViaValtellina \u2013 da ist die Schweiz am sch\u00f6nsten und unsere [&#8230;]\n","protected":false},"featured_media":35087,"template":"","meta":[],"product_brand":[],"product_cat":[21542],"product_tag":[],"class_list":{"0":"post-154497","1":"product","2":"type-product","3":"status-publish","4":"has-post-thumbnail","6":"product_cat-sachbuecher-dokumentationen","7":"pa_autor-finck","8":"pa_erscheinungsjahr-21830","9":"pa_region-schweiz","10":"pa_sprache-d","11":"pa_sprache-f","13":"first","14":"instock","15":"taxable","16":"shipping-taxable","17":"purchasable","18":"product-type-simple"},"_links":{"self":[{"href":"https:\/\/pizbube.ch\/en\/wp-json\/wp\/v2\/product\/154497","targetHints":{"allow":["GET"]}}],"collection":[{"href":"https:\/\/pizbube.ch\/en\/wp-json\/wp\/v2\/product"}],"about":[{"href":"https:\/\/pizbube.ch\/en\/wp-json\/wp\/v2\/types\/product"}],"wp:featuredmedia":[{"embeddable":true,"href":"https:\/\/pizbube.ch\/en\/wp-json\/wp\/v2\/media\/35087"}],"wp:attachment":[{"href":"https:\/\/pizbube.ch\/en\/wp-json\/wp\/v2\/media?parent=154497"}],"wp:term":[{"taxonomy":"product_brand","embeddable":true,"href":"https:\/\/pizbube.ch\/en\/wp-json\/wp\/v2\/product_brand?post=154497"},{"taxonomy":"product_cat","embeddable":true,"href":"https:\/\/pizbube.ch\/en\/wp-json\/wp\/v2\/product_cat?post=154497"},{"taxonomy":"product_tag","embeddable":true,"href":"https:\/\/pizbube.ch\/en\/wp-json\/wp\/v2\/product_tag?post=154497"}],"curies":[{"name":"wp","href":"https:\/\/api.w.org\/{rel}","templated":true}]}}