{"id":154500,"date":"2021-01-15T14:33:42","date_gmt":"2021-01-15T14:33:42","guid":{"rendered":"https:\/\/codengine3.ch\/?product=import-placeholder-for-204500"},"modified":"2025-08-09T10:38:11","modified_gmt":"2025-08-09T08:38:11","slug":"le-sentier-cathare-1-50-000","status":"publish","type":"product","link":"https:\/\/pizbube.ch\/en\/shop\/le-sentier-cathare-1-50-000\/","title":{"rendered":"Le Sentier Cathare 1: 50 000"},"content":{"rendered":"<p>Cette s\u00e9rie de cartes transfrontali\u00e8res entre la France et l&#8217;Espagne est<br \/>\nr\u00e9alis\u00e9e sur la base des fonds topographiques de l&#8217;Institut G\u00e9ographique<br \/>\nNational ou de l&#8217;Institut Gartografic de Catalunya, avec surimpression des<br \/>\nitin\u00e9raires de randonn\u00e9es et de promenades \u00e0 pied, \u00e0 ski, \u00e0 VTT.<\/p>\n<p>Vous y trouverez : la localisation des refuges gard\u00e9s, g\u00eetes d&#8217;\u00e9tape,<br \/>\nRando&#8217;Plume, campings, zones de bivouac.<\/p>","protected":false},"excerpt":{"rendered":"<p>Cette s\u00e9rie de cartes transfrontali\u00e8res entre la France et l&#8217;Espagne est r\u00e9alis\u00e9e sur la base des fonds topographiques de l&#8217;Institut G\u00e9ographique National ou de l&#8217;Institut Gartografic de Catalunya, avec surimpression des itin\u00e9raires de randonn\u00e9es et de promenades \u00e0 pied, \u00e0 ski, \u00e0 VTT. Vous y trouverez : la localisation des refuges gard\u00e9s, g\u00eetes d&#8217;\u00e9tape, Rando&#8217;Plume, [&#8230;]\n","protected":false},"featured_media":33012,"template":"","meta":[],"product_brand":[],"product_cat":[21543],"product_tag":[],"class_list":{"0":"post-154500","1":"product","2":"type-product","3":"status-publish","4":"has-post-thumbnail","6":"product_cat-landkarten","7":"pa_autor-rando-edit","8":"pa_erscheinungsjahr-21571","9":"pa_region-frankreich","10":"pa_sprache-fr","12":"first","13":"instock","14":"taxable","15":"shipping-taxable","16":"purchasable","17":"product-type-simple"},"_links":{"self":[{"href":"https:\/\/pizbube.ch\/en\/wp-json\/wp\/v2\/product\/154500","targetHints":{"allow":["GET"]}}],"collection":[{"href":"https:\/\/pizbube.ch\/en\/wp-json\/wp\/v2\/product"}],"about":[{"href":"https:\/\/pizbube.ch\/en\/wp-json\/wp\/v2\/types\/product"}],"wp:featuredmedia":[{"embeddable":true,"href":"https:\/\/pizbube.ch\/en\/wp-json\/wp\/v2\/media\/33012"}],"wp:attachment":[{"href":"https:\/\/pizbube.ch\/en\/wp-json\/wp\/v2\/media?parent=154500"}],"wp:term":[{"taxonomy":"product_brand","embeddable":true,"href":"https:\/\/pizbube.ch\/en\/wp-json\/wp\/v2\/product_brand?post=154500"},{"taxonomy":"product_cat","embeddable":true,"href":"https:\/\/pizbube.ch\/en\/wp-json\/wp\/v2\/product_cat?post=154500"},{"taxonomy":"product_tag","embeddable":true,"href":"https:\/\/pizbube.ch\/en\/wp-json\/wp\/v2\/product_tag?post=154500"}],"curies":[{"name":"wp","href":"https:\/\/api.w.org\/{rel}","templated":true}]}}