{"id":154501,"date":"2021-01-15T14:33:50","date_gmt":"2021-01-15T14:33:50","guid":{"rendered":"https:\/\/codengine3.ch\/?product=import-placeholder-for-207399"},"modified":"2021-01-15T16:02:50","modified_gmt":"2021-01-15T16:02:50","slug":"les-nepalaises-de-leverest","status":"publish","type":"product","link":"https:\/\/pizbube.ch\/en\/shop\/les-nepalaises-de-leverest\/","title":{"rendered":"Les N\u00e9palaises de l&#8217;Everest"},"content":{"rendered":"<p>\nQuand ascension rime avec \u00e9mancipation<\/p>\n<p>Dans un pays o\u00f9 les femmes ne b\u00e9n\u00e9ficient pas des m\u00eames droits que les hommes,<br \/>\ngravir le plus haut sommet du monde permet \u00e0 certaines N\u00e9palaises de s\u2019\u00e9lever<br \/>\nau-dessus de leur condition. Rencontre avec neuf femmes puissantes.  <\/p>\n<p>Les alpinistes et les trekkeurs appr\u00e9cient le N\u00e9pal pour ses montagnes et le<br \/>\nsourire l\u00e9gendaire de ses habitants. Ils savent, pour la plupart, la pauvret\u00e9<br \/>\nde ce pays, mais ils ignorent le plus souvent le sort qui y est r\u00e9serv\u00e9 aux<br \/>\nfemmes.  <\/p>\n<p>Au N\u00e9pal, o\u00f9 le suicide est la premi\u00e8re cause de mortalit\u00e9 f\u00e9minine, une<br \/>\npoign\u00e9e de femmes ont brav\u00e9 le poids des coutumes pour r\u00e9aliser leur r\u00eave et<br \/>\ndevenir les \u00e9gales des hommes.<br \/>\nElles sont alpinistes, Sherpanis (ethnie de la vall\u00e9e de l\u2019Everest) pour la<br \/>\nplupart, et gravissent les plus hauts sommets du monde.  <\/p>\n<p>Pasang Lhamu Sherpa Akita, Maya Gurung, Maya Sherpa, Dawa Yandzum Sherpa<br \/>\n(premi\u00e8re femme guide de haute montagne du N\u00e9pal), Doma Sherpa Pinasa, Kalpana<br \/>\nMaharjan, Lakpa Sherpa (neuf fois l\u2019Everest !) et Shailee Basnet (\u00e9galement<br \/>\nhumoriste !) ont mis leurs pas dans ceux de Pasang Lhamu Sherpa, la premi\u00e8re<br \/>\nN\u00e9palaise au sommet, en 1993, o\u00f9 elle a trouv\u00e9 la mort.  <\/p>\n<p>Elles t\u00e9moignent de leur condition, leurs aspirations, leur \u00e9mancipation, dans<br \/>\nl\u2019intimit\u00e9 de conversations men\u00e9es par la sociologue Anne Benoit-Janin pour la<br \/>\nr\u00e9alisation de son film Les belles envol\u00e9es. Car l\u2019Everest a donn\u00e9 des ailes \u00e0<br \/>\nces femmes. Plus haut, plus difficile que le sommet, elle font rimer ascension<br \/>\navec \u00e9mancipation.  <\/p>","protected":false},"excerpt":{"rendered":"<p>Quand ascension rime avec \u00e9mancipation Dans un pays o\u00f9 les femmes ne b\u00e9n\u00e9ficient pas des m\u00eames droits que les hommes, gravir le plus haut sommet du monde permet \u00e0 certaines N\u00e9palaises de s\u2019\u00e9lever au-dessus de leur condition. Rencontre avec neuf femmes puissantes. Les alpinistes et les trekkeurs appr\u00e9cient le N\u00e9pal pour ses montagnes et le [&#8230;]\n","protected":false},"featured_media":37339,"template":"","meta":[],"product_brand":[],"product_cat":[21542],"product_tag":[],"class_list":{"0":"post-154501","1":"product","2":"type-product","3":"status-publish","4":"has-post-thumbnail","6":"product_cat-sachbuecher-dokumentationen","7":"pa_autor-benoit-janin","8":"pa_erscheinungsjahr-21558","9":"pa_region-asien","10":"pa_sprache-fr","12":"first","13":"instock","14":"taxable","15":"shipping-taxable","16":"purchasable","17":"product-type-simple"},"_links":{"self":[{"href":"https:\/\/pizbube.ch\/en\/wp-json\/wp\/v2\/product\/154501","targetHints":{"allow":["GET"]}}],"collection":[{"href":"https:\/\/pizbube.ch\/en\/wp-json\/wp\/v2\/product"}],"about":[{"href":"https:\/\/pizbube.ch\/en\/wp-json\/wp\/v2\/types\/product"}],"wp:featuredmedia":[{"embeddable":true,"href":"https:\/\/pizbube.ch\/en\/wp-json\/wp\/v2\/media\/37339"}],"wp:attachment":[{"href":"https:\/\/pizbube.ch\/en\/wp-json\/wp\/v2\/media?parent=154501"}],"wp:term":[{"taxonomy":"product_brand","embeddable":true,"href":"https:\/\/pizbube.ch\/en\/wp-json\/wp\/v2\/product_brand?post=154501"},{"taxonomy":"product_cat","embeddable":true,"href":"https:\/\/pizbube.ch\/en\/wp-json\/wp\/v2\/product_cat?post=154501"},{"taxonomy":"product_tag","embeddable":true,"href":"https:\/\/pizbube.ch\/en\/wp-json\/wp\/v2\/product_tag?post=154501"}],"curies":[{"name":"wp","href":"https:\/\/api.w.org\/{rel}","templated":true}]}}