{"id":154509,"date":"2021-01-15T14:33:59","date_gmt":"2021-01-15T14:33:59","guid":{"rendered":"https:\/\/codengine3.ch\/?product=import-placeholder-for-207689"},"modified":"2025-08-13T09:48:22","modified_gmt":"2025-08-13T07:48:22","slug":"uphill-athlete-training-fuer-skibergsteiger-und-berglaeufer","status":"publish","type":"product","link":"https:\/\/pizbube.ch\/en\/shop\/uphill-athlete-training-fuer-skibergsteiger-und-berglaeufer\/","title":{"rendered":"Uphill Athlete &#8211; Training f\u00fcr Skibergsteiger und Bergl\u00e4ufer"},"content":{"rendered":"<p>Skitouren und Bergl\u00e4ufe sind l\u00e4ngst vom Trend zum Massenph\u00e4nomen geworden. Um<br \/>\nden Anforderungen des Bergsports gerecht zu werden und auch anspruchsvolle<br \/>\nRouten zu meistern, ist gezieltes Training n\u00f6tig.<\/p>\n<p>Basierend auf ihrer eigenen Erfahrung zeigen drei der besten Bergsteiger der<br \/>\nWelt, Steve House, Scott Johnston und Kilian Jornet, wie man Kraft, Ausdauer<br \/>\nund Fitness steigert, um am Berg maximale Leistung zu bringen. Daf\u00fcr f\u00fchren<br \/>\nsie detailliert in die physiologischen Grundlagen sowie in Methodik und Praxis<br \/>\ndes Ausdauertrainings ein und liefern speziell auf die Bed\u00fcrfnisse von<br \/>\nBergsportlern zugeschnittene Kraftworkouts.<\/p>\n<p>Zus\u00e4tzlich erkl\u00e4ren sie, wie man den perfekten Trainingsplan erstellt, um sich<br \/>\nf\u00fcr jedes Niveau und jedes Ziel optimal vorzubereiten.Ob der Marathon auf dem<br \/>\nMount Everest oder das Skitourrennen auf dem Marmoladagletscher in den<br \/>\nDolomiten &#8211; profitieren auch Sie von dem gro\u00dfen Erfahrungsschatz der besten<br \/>\nBergsportathleten.<\/p>\n<p>Softcover, 384 Seiten<\/p>","protected":false},"excerpt":{"rendered":"<ul>\n<li><strong><a href=\"https:\/\/pizbube.ch\/wp-content\/uploads\/attachments\/a_026\/A0E8575FB34F99E920D77E44C23472E8.pdf\" target=\"_blank\" rel=\"noopener\">PDF: Leseprobe_Uphill_Athlete<\/a><\/strong><\/li>\n<\/ul>","protected":false},"featured_media":172653,"template":"","meta":[],"product_brand":[],"product_cat":[21538],"product_tag":[],"class_list":{"0":"post-154509","1":"product","2":"type-product","3":"status-publish","4":"has-post-thumbnail","6":"product_cat-lehrbuecher","7":"pa_autor-jornet-house-johnston","8":"pa_erscheinungsjahr-21586","9":"pa_region-orientierung-wetter-ausbildung","10":"pa_sprache-de","12":"first","13":"instock","14":"taxable","15":"shipping-taxable","16":"purchasable","17":"product-type-simple"},"_links":{"self":[{"href":"https:\/\/pizbube.ch\/en\/wp-json\/wp\/v2\/product\/154509","targetHints":{"allow":["GET"]}}],"collection":[{"href":"https:\/\/pizbube.ch\/en\/wp-json\/wp\/v2\/product"}],"about":[{"href":"https:\/\/pizbube.ch\/en\/wp-json\/wp\/v2\/types\/product"}],"wp:featuredmedia":[{"embeddable":true,"href":"https:\/\/pizbube.ch\/en\/wp-json\/wp\/v2\/media\/172653"}],"wp:attachment":[{"href":"https:\/\/pizbube.ch\/en\/wp-json\/wp\/v2\/media?parent=154509"}],"wp:term":[{"taxonomy":"product_brand","embeddable":true,"href":"https:\/\/pizbube.ch\/en\/wp-json\/wp\/v2\/product_brand?post=154509"},{"taxonomy":"product_cat","embeddable":true,"href":"https:\/\/pizbube.ch\/en\/wp-json\/wp\/v2\/product_cat?post=154509"},{"taxonomy":"product_tag","embeddable":true,"href":"https:\/\/pizbube.ch\/en\/wp-json\/wp\/v2\/product_tag?post=154509"}],"curies":[{"name":"wp","href":"https:\/\/api.w.org\/{rel}","templated":true}]}}